{"id":4581,"date":"2018-06-26T08:45:20","date_gmt":"2018-06-26T08:45:20","guid":{"rendered":"http:\/\/www.palmaequipmentrental.com\/product\/uncategorized\/einhell-dhg-200-heater\/"},"modified":"2023-01-23T13:44:31","modified_gmt":"2023-01-23T13:44:31","slug":"einhell-dhg-200-heater","status":"publish","type":"product","link":"https:\/\/palmaequipmentrental.com\/es\/photo-video-equipment-mallorca\/einhell-dhg-200-heater\/","title":{"rendered":"Einhell DHG 200 Calefactor Diesel"},"content":{"rendered":"<p><strong>El generador de aire caliente diesel DHG 200 de Einhell<\/strong> es ideal para la calefacci\u00f3n localizada de lugares de trabajo bien ventilados y otros usos similares. El dep\u00f3sito de combustible incorporado s\u00f3lo necesita llenarse con gas\u00f3leo y conectarse a una red de 230 V. Encendido el\u00e9ctrico, termostato regulable incorporado, indicador del dep\u00f3sito, indicador de aver\u00edas, man\u00f3metro para la presi\u00f3n de la bomba, interruptor de encendido\/apagado, control de la llama mediante fotoc\u00e9lula, protecci\u00f3n contra sobrecalentamiento.<\/p>\n<ul>\n<li>Potencia de calefacci\u00f3n: 20 kW<\/li>\n<li>Caudal de aire caliente (CFM): 400 m\u00b3\/h<\/li>\n<li>Temperatura m\u00e1x. de salida 393 \u00b0C<\/li>\n<li>Capacidad: 19 litros<\/li>\n<li>Tipo de combustible Gas\u00f3leo<\/li>\n<li>Consumo total de combustible: 2 L\/h<\/li>\n<li>Tiempo m\u00e1x. de funcionamiento: 540 min<\/li>\n<li>Alimentaci\u00f3n de red (ventilador): 230 V | 50 Hz<\/li>\n<li>Dimensiones: 76 cm x 30,5 cm x 38 cm<\/li>\n<li>Peso del producto: 12,3 kg<\/li>\n<\/ul>\n","protected":false},"excerpt":{"rendered":"<p>El generador de aire caliente diesel DHG 200 de Einhell es ideal para la calefacci\u00f3n localizada de lugares de trabajo bien ventilados y otros usos similares. El dep\u00f3sito de combustible incorporado s\u00f3lo necesita llenarse con gas\u00f3leo y conectarse a una red de 230 V. Encendido el\u00e9ctrico, termostato regulable incorporado, indicador del dep\u00f3sito, indicador de aver\u00edas, man\u00f3metro para la presi\u00f3n de [&hellip;]<\/p>\n","protected":false},"featured_media":11902,"template":"","meta":[],"product_cat":[186],"product_tag":[],"class_list":{"0":"post-4581","1":"product","2":"type-product","3":"status-publish","4":"has-post-thumbnail","6":"product_cat-on-location-es","8":"first","9":"instock","10":"shipping-taxable","11":"purchasable","12":"product-type-simple"},"_links":{"self":[{"href":"https:\/\/palmaequipmentrental.com\/es\/wp-json\/wp\/v2\/product\/4581","targetHints":{"allow":["GET"]}}],"collection":[{"href":"https:\/\/palmaequipmentrental.com\/es\/wp-json\/wp\/v2\/product"}],"about":[{"href":"https:\/\/palmaequipmentrental.com\/es\/wp-json\/wp\/v2\/types\/product"}],"wp:featuredmedia":[{"embeddable":true,"href":"https:\/\/palmaequipmentrental.com\/es\/wp-json\/wp\/v2\/media\/11902"}],"wp:attachment":[{"href":"https:\/\/palmaequipmentrental.com\/es\/wp-json\/wp\/v2\/media?parent=4581"}],"wp:term":[{"taxonomy":"product_cat","embeddable":true,"href":"https:\/\/palmaequipmentrental.com\/es\/wp-json\/wp\/v2\/product_cat?post=4581"},{"taxonomy":"product_tag","embeddable":true,"href":"https:\/\/palmaequipmentrental.com\/es\/wp-json\/wp\/v2\/product_tag?post=4581"}],"curies":[{"name":"wp","href":"https:\/\/api.w.org\/{rel}","templated":true}]}}