{"id":4587,"date":"2018-06-21T10:39:26","date_gmt":"2018-06-21T10:39:26","guid":{"rendered":"http:\/\/www.palmaequipmentrental.com\/product\/uncategorized\/arri-300w-fresnel\/"},"modified":"2023-02-17T11:40:33","modified_gmt":"2023-02-17T11:40:33","slug":"arri-300w-fresnel","status":"publish","type":"product","link":"https:\/\/palmaequipmentrental.com\/es\/photo-video-equipment-mallorca\/arri-300w-fresnel\/","title":{"rendered":"ARRI 300w Fresnel"},"content":{"rendered":"<p>El foco Arri 300 Watt Tungsten Plus Fresnel est\u00e1 dise\u00f1ado para recoger tanta luz como sea posible y dirigirla a trav\u00e9s de la lente fresnel de borosilicato de baja expansi\u00f3n de 3,2&#8243; (80 mm) produciendo un campo de luz suave y uniforme.<\/p>\n<p>El yugo permite fijarlo a cualquier tr\u00edpode con espiga de 5\/8&#8243;.<br \/>\nEl \u00e1ngulo del haz en posici\u00f3n de dispersi\u00f3n es de 49\u00b0 y de 15\u00b0 en posici\u00f3n puntual.<\/p>\n","protected":false},"excerpt":{"rendered":"<p>El foco Arri 300 Watt Tungsten Plus Fresnel est\u00e1 dise\u00f1ado para recoger tanta luz como sea posible y dirigirla a trav\u00e9s de la lente fresnel de borosilicato de baja expansi\u00f3n de 3,2&#8243; (80 mm) produciendo un campo de luz suave y uniforme. El yugo permite fijarlo a cualquier tr\u00edpode con espiga de 5\/8&#8243;. El \u00e1ngulo del haz en posici\u00f3n de [&hellip;]<\/p>\n","protected":false},"featured_media":12613,"template":"","meta":[],"product_cat":[207,722],"product_tag":[],"class_list":{"0":"post-4587","1":"product","2":"type-product","3":"status-publish","4":"has-post-thumbnail","6":"product_cat-luz-tungsteno-luz-continua","7":"product_cat-luz-tungsteno","9":"first","10":"instock","11":"shipping-taxable","12":"purchasable","13":"product-type-simple"},"_links":{"self":[{"href":"https:\/\/palmaequipmentrental.com\/es\/wp-json\/wp\/v2\/product\/4587","targetHints":{"allow":["GET"]}}],"collection":[{"href":"https:\/\/palmaequipmentrental.com\/es\/wp-json\/wp\/v2\/product"}],"about":[{"href":"https:\/\/palmaequipmentrental.com\/es\/wp-json\/wp\/v2\/types\/product"}],"wp:featuredmedia":[{"embeddable":true,"href":"https:\/\/palmaequipmentrental.com\/es\/wp-json\/wp\/v2\/media\/12613"}],"wp:attachment":[{"href":"https:\/\/palmaequipmentrental.com\/es\/wp-json\/wp\/v2\/media?parent=4587"}],"wp:term":[{"taxonomy":"product_cat","embeddable":true,"href":"https:\/\/palmaequipmentrental.com\/es\/wp-json\/wp\/v2\/product_cat?post=4587"},{"taxonomy":"product_tag","embeddable":true,"href":"https:\/\/palmaequipmentrental.com\/es\/wp-json\/wp\/v2\/product_tag?post=4587"}],"curies":[{"name":"wp","href":"https:\/\/api.w.org\/{rel}","templated":true}]}}