{"id":4589,"date":"2018-06-21T10:30:04","date_gmt":"2018-06-21T10:30:04","guid":{"rendered":"http:\/\/www.palmaequipmentrental.com\/product\/uncategorized\/pro-hardbox\/"},"modified":"2023-10-11T14:48:56","modified_gmt":"2023-10-11T14:48:56","slug":"pro-hardbox","status":"publish","type":"product","link":"https:\/\/palmaequipmentrental.com\/es\/photo-video-equipment-mallorca\/pro-hardbox\/","title":{"rendered":"Profoto Hardbox"},"content":{"rendered":"<p>Esta exclusiva herramienta de modelado de la luz es un absorbente que elimina la luz residual y reduce el tama\u00f1o de la fuente de luz al m\u00ednimo. Con el Hardbox es posible crear un car\u00e1cter de luz similar al de la luz solar directa, con sombras profundas y n\u00edtidas y luces de tama\u00f1o preciso. El Hardbox acepta los mismos accesorios que el nuevo Zoom Reflector para mayor versatilidad el control de la luz. Para obtener los mejores resultados, el Hardbox debe utilizarse en combinaci\u00f3n con antorchas de cristal transparente.<\/p>\n<ul>\n<li>Crea una luz muy similar a la luz solar directa.<\/li>\n<li>Rendimiento a 2 m con 2.400 Ws @ ISO 100: f\/32<\/li>\n<li>Acepta los mismos accesorios que el reflector de zoom est\u00e1ndar.<\/li>\n<li>Dise\u00f1ado para soportar a\u00f1os de uso profesional.<\/li>\n<\/ul>\n<p>El Hardbox no se recomienda para los flashes\/cabezas Profoto con reflector incorporado (cabezas D1, D2, B1, B1X y B2). No se puede utilizar con los cabezales ProDaylight y ProTungsten.<\/p>\n","protected":false},"excerpt":{"rendered":"<p>Esta exclusiva herramienta de modelado de la luz es un absorbente que elimina la luz residual y reduce el tama\u00f1o de la fuente de luz al m\u00ednimo. Con el Hardbox es posible crear un car\u00e1cter de luz similar al de la luz solar directa, con sombras profundas y n\u00edtidas y luces de tama\u00f1o preciso. El Hardbox acepta los mismos accesorios [&hellip;]<\/p>\n","protected":false},"featured_media":4735,"template":"","meta":[],"product_cat":[785],"product_tag":[],"class_list":{"0":"post-4589","1":"product","2":"type-product","3":"status-publish","4":"has-post-thumbnail","6":"product_cat-pro-modeladores-de-luz","8":"first","9":"instock","10":"shipping-taxable","11":"purchasable","12":"product-type-simple"},"_links":{"self":[{"href":"https:\/\/palmaequipmentrental.com\/es\/wp-json\/wp\/v2\/product\/4589","targetHints":{"allow":["GET"]}}],"collection":[{"href":"https:\/\/palmaequipmentrental.com\/es\/wp-json\/wp\/v2\/product"}],"about":[{"href":"https:\/\/palmaequipmentrental.com\/es\/wp-json\/wp\/v2\/types\/product"}],"wp:featuredmedia":[{"embeddable":true,"href":"https:\/\/palmaequipmentrental.com\/es\/wp-json\/wp\/v2\/media\/4735"}],"wp:attachment":[{"href":"https:\/\/palmaequipmentrental.com\/es\/wp-json\/wp\/v2\/media?parent=4589"}],"wp:term":[{"taxonomy":"product_cat","embeddable":true,"href":"https:\/\/palmaequipmentrental.com\/es\/wp-json\/wp\/v2\/product_cat?post=4589"},{"taxonomy":"product_tag","embeddable":true,"href":"https:\/\/palmaequipmentrental.com\/es\/wp-json\/wp\/v2\/product_tag?post=4589"}],"curies":[{"name":"wp","href":"https:\/\/api.w.org\/{rel}","templated":true}]}}