{"id":4591,"date":"2018-06-21T10:19:13","date_gmt":"2018-06-21T10:19:13","guid":{"rendered":"http:\/\/www.palmaequipmentrental.com\/product\/uncategorized\/pro-b1x-500-air-ttl\/"},"modified":"2023-10-11T14:49:38","modified_gmt":"2023-10-11T14:49:38","slug":"pro-b1x-500-air-ttl","status":"publish","type":"product","link":"https:\/\/palmaequipmentrental.com\/es\/photo-video-equipment-mallorca\/pro-b1x-500-air-ttl\/","title":{"rendered":"Profoto B1X 500w Air TTL"},"content":{"rendered":"<p>El flash externo Profoto B1X es el sucesor del galardonado Profoto B1. El B1X no es un flash para utilizar en casa; es para fot\u00f3grafos aventureros que disfrutan saliendo y fotografiando en localizaciones del mundo real. El B1X port\u00e1til ofrece libertad y flexibilidad inal\u00e1mbrica con alimentaci\u00f3n de bater\u00eda. Al fin y al cabo, no hay muchos enchufes en medio del desierto o en plena monta\u00f1a. Gracias a su sistema espec\u00edfico de OCF Light Shaping Tools dise\u00f1adas para ofrecer la m\u00e1xima movilidad y facilidad de uso, el B1X te permite modelar la luz f\u00e1cilmente sea cual sea tu ubicaci\u00f3n y dondequiera que te encuentres.<\/p>\n<p>Ofrece un disparo con TTL autom\u00e1tico que aporta la mayor luminosidad posible en condiciones de iluminaci\u00f3n complicadas. Ofrece HSS, que te permite controlar y modelar la luz incluso a plena luz del d\u00eda.<\/p>\n<h3 class=\"tab__content-subtitle\">Caracter\u00edsticas<\/h3>\n<ul>\n<li>Dispara con AirTTL o con el modo manual y con\u00e9ctate de forma inal\u00e1mbrica con otros flashes AirTTL.<\/li>\n<li>El dise\u00f1o y los controles inal\u00e1mbricos te permiten disparar sin limitaciones.<\/li>\n<li>10 veces m\u00e1s potente que los flashes est\u00e1ndares, con 500 W ajustables en incrementos de 1\/10 f-stop por encima de un rango de potencia de 9 f-stop.<\/li>\n<li>La bater\u00eda de Li-Ion recargable y r\u00e1pidamente intercambiable proporciona hasta 325 flashes a plena potencia y decenas de miles con la potencia m\u00ednima.<\/li>\n<li>Dispara hasta 20 flashes por segundo, con duraciones de flash de hasta 1\/19\u00a0000 s y tiempos de recarga r\u00e1pidos de 0,05 a 1,9 s.<\/li>\n<li>Controla la luz ambiente con HSS y obt\u00e9n im\u00e1genes n\u00edtidas sin desenfoque por movimiento a velocidades de obturaci\u00f3n de hasta 1\/8000 s.<\/li>\n<li>Puede controlarse de forma inal\u00e1mbrica desde un rango de hasta 300 m con cualquier Air Remote opcional<\/li>\n<li>La potente luz de modelado LED regulable facilita la configuraci\u00f3n y tambi\u00e9n se puede combinar f\u00e1cilmente con luz natural en situaciones de poca iluminaci\u00f3n.<\/li>\n<li>Gracias a su reflector integrado, ofrece un control y una calidad de la luz superiores.<\/li>\n<li>Interfaz de usuario sencilla e intuitiva con una pantalla de gran tama\u00f1o y alta resoluci\u00f3n.<\/li>\n<li>Compatible con nuestras OCF Light Shaping Tools compactas y ligeras y con m\u00e1s de 120 herramientas de la amplia variedad de modeladores de luz de Profoto<\/li>\n<li><\/li>\n<\/ul>\n","protected":false},"excerpt":{"rendered":"<p>El flash externo Profoto B1X es el sucesor del galardonado Profoto B1. El B1X no es un flash para utilizar en casa; es para fot\u00f3grafos aventureros que disfrutan saliendo y fotografiando en localizaciones del mundo real. El B1X port\u00e1til ofrece libertad y flexibilidad inal\u00e1mbrica con alimentaci\u00f3n de bater\u00eda. Al fin y al cabo, no hay muchos enchufes en medio del [&hellip;]<\/p>\n","protected":false},"featured_media":4743,"template":"","meta":[],"product_cat":[396],"product_tag":[],"class_list":{"0":"post-4591","1":"product","2":"type-product","3":"status-publish","4":"has-post-thumbnail","6":"product_cat-monobloc","8":"first","9":"instock","10":"shipping-taxable","11":"purchasable","12":"product-type-simple"},"_links":{"self":[{"href":"https:\/\/palmaequipmentrental.com\/es\/wp-json\/wp\/v2\/product\/4591","targetHints":{"allow":["GET"]}}],"collection":[{"href":"https:\/\/palmaequipmentrental.com\/es\/wp-json\/wp\/v2\/product"}],"about":[{"href":"https:\/\/palmaequipmentrental.com\/es\/wp-json\/wp\/v2\/types\/product"}],"wp:featuredmedia":[{"embeddable":true,"href":"https:\/\/palmaequipmentrental.com\/es\/wp-json\/wp\/v2\/media\/4743"}],"wp:attachment":[{"href":"https:\/\/palmaequipmentrental.com\/es\/wp-json\/wp\/v2\/media?parent=4591"}],"wp:term":[{"taxonomy":"product_cat","embeddable":true,"href":"https:\/\/palmaequipmentrental.com\/es\/wp-json\/wp\/v2\/product_cat?post=4591"},{"taxonomy":"product_tag","embeddable":true,"href":"https:\/\/palmaequipmentrental.com\/es\/wp-json\/wp\/v2\/product_tag?post=4591"}],"curies":[{"name":"wp","href":"https:\/\/api.w.org\/{rel}","templated":true}]}}