{"id":4593,"date":"2018-06-21T09:39:52","date_gmt":"2018-06-21T09:39:52","guid":{"rendered":"http:\/\/www.palmaequipmentrental.com\/product\/uncategorized\/pro-10-air\/"},"modified":"2023-10-11T13:56:49","modified_gmt":"2023-10-11T13:56:49","slug":"pro-10-air","status":"publish","type":"product","link":"https:\/\/palmaequipmentrental.com\/es\/photo-video-equipment-mallorca\/pro-10-air\/","title":{"rendered":"Profoto Pro-10 2400 Air-TTL"},"content":{"rendered":"<p><strong>Profoto Pro-10 2400 AirTTL Pack<\/strong><\/p>\n<p>El generador flash estrella de Profoto, el Pro-10, es la fusi\u00f3n perfecta de velocidad y potencia. Alcanza una duraci\u00f3n de flash corta r\u00e9cord de hasta 1\/80.000s. Pero lo que es a\u00fan m\u00e1s impresionante, mantiene tanto la duraci\u00f3n del flash como el tiempo de reciclado extremadamente cortos en la parte superior de la escala de potencia. Ning\u00fan otro flash se acerca a esta combinaci\u00f3n de velocidad y potencia.<\/p>\n<p><strong>Caracter\u00edsticas<\/strong><\/p>\n<ul>\n<li>2400Ws desde 2 salidas<\/li>\n<li>Receptor TTL incorporado<\/li>\n<li>Opcional Nikon, Canon, Sony TTL Remotos<\/li>\n<li>TTL inal\u00e1mbrico y relaci\u00f3n de potencia desde 330 pies<\/li>\n<li>Duraciones de flash tan cortas como 1\/80.000 seg.<\/li>\n<li>Reciclaje: 0,02 &#8211; 0,7 segundos<\/li>\n<li>Variaci\u00f3n de potencia de 11 paradas (2,4 &#8211; 2400 W)<\/li>\n<li>Utiliza L\u00e1mparas de Modelado de hasta 500W<\/li>\n<li>AirTTL integrado con B1, B2 y D2<\/li>\n<\/ul>\n","protected":false},"excerpt":{"rendered":"<p>Profoto Pro-10 2400 AirTTL Pack El generador flash estrella de Profoto, el Pro-10, es la fusi\u00f3n perfecta de velocidad y potencia. Alcanza una duraci\u00f3n de flash corta r\u00e9cord de hasta 1\/80.000s. Pero lo que es a\u00fan m\u00e1s impresionante, mantiene tanto la duraci\u00f3n del flash como el tiempo de reciclado extremadamente cortos en la parte superior de la escala de potencia. [&hellip;]<\/p>\n","protected":false},"featured_media":14436,"template":"","meta":[],"product_cat":[196],"product_tag":[],"class_list":{"0":"post-4593","1":"product","2":"type-product","3":"status-publish","4":"has-post-thumbnail","6":"product_cat-flash-generators-es","8":"first","9":"instock","10":"shipping-taxable","11":"purchasable","12":"product-type-simple"},"_links":{"self":[{"href":"https:\/\/palmaequipmentrental.com\/es\/wp-json\/wp\/v2\/product\/4593","targetHints":{"allow":["GET"]}}],"collection":[{"href":"https:\/\/palmaequipmentrental.com\/es\/wp-json\/wp\/v2\/product"}],"about":[{"href":"https:\/\/palmaequipmentrental.com\/es\/wp-json\/wp\/v2\/types\/product"}],"wp:featuredmedia":[{"embeddable":true,"href":"https:\/\/palmaequipmentrental.com\/es\/wp-json\/wp\/v2\/media\/14436"}],"wp:attachment":[{"href":"https:\/\/palmaequipmentrental.com\/es\/wp-json\/wp\/v2\/media?parent=4593"}],"wp:term":[{"taxonomy":"product_cat","embeddable":true,"href":"https:\/\/palmaequipmentrental.com\/es\/wp-json\/wp\/v2\/product_cat?post=4593"},{"taxonomy":"product_tag","embeddable":true,"href":"https:\/\/palmaequipmentrental.com\/es\/wp-json\/wp\/v2\/product_tag?post=4593"}],"curies":[{"name":"wp","href":"https:\/\/api.w.org\/{rel}","templated":true}]}}