{"id":4787,"date":"2017-09-05T10:48:57","date_gmt":"2017-09-05T10:48:57","guid":{"rendered":"http:\/\/www.palmaequipmentrental.com\/product\/sincategorizar\/sunbounce-clamp\/"},"modified":"2022-08-13T13:23:12","modified_gmt":"2022-08-13T13:23:12","slug":"sunbounce-clamp","status":"publish","type":"product","link":"https:\/\/palmaequipmentrental.com\/es\/photo-video-equipment-mallorca\/sunbounce-clamp\/","title":{"rendered":"Sunbounce Clamp"},"content":{"rendered":"<p><strong>Abrazadera Sunbounce Grip Head Enterprise<\/strong><\/p>\n<p>Adecuada para todos los reflectores SUNBOUNCE. Su dise\u00f1o \u00fanico garantiza una sujeci\u00f3n segura sin da\u00f1ar las finas paredes del tubo.<\/p>\n<ul>\n<li>Dos di\u00e1metros de tubo (22 mm y 25 mm)<\/li>\n<li>Las abrazaderas largas garantizan una sujeci\u00f3n segura<\/li>\n<\/ul>\n","protected":false},"excerpt":{"rendered":"<p>Abrazadera Sunbounce Grip Head Enterprise Adecuada para todos los reflectores SUNBOUNCE. Su dise\u00f1o \u00fanico garantiza una sujeci\u00f3n segura sin da\u00f1ar las finas paredes del tubo. Dos di\u00e1metros de tubo (22 mm y 25 mm) Las abrazaderas largas garantizan una sujeci\u00f3n segura<\/p>\n","protected":false},"featured_media":4939,"template":"","meta":[],"product_cat":[225,226,280,281],"product_tag":[],"class_list":{"0":"post-4787","1":"product","2":"type-product","3":"status-publish","4":"has-post-thumbnail","6":"product_cat-clamps-es","7":"product_cat-clamps2012-03-30-09-44-10-es","8":"product_cat-sunbounce-es","9":"product_cat-sunbounce-2-es","11":"first","12":"instock","13":"shipping-taxable","14":"purchasable","15":"product-type-simple"},"_links":{"self":[{"href":"https:\/\/palmaequipmentrental.com\/es\/wp-json\/wp\/v2\/product\/4787","targetHints":{"allow":["GET"]}}],"collection":[{"href":"https:\/\/palmaequipmentrental.com\/es\/wp-json\/wp\/v2\/product"}],"about":[{"href":"https:\/\/palmaequipmentrental.com\/es\/wp-json\/wp\/v2\/types\/product"}],"wp:featuredmedia":[{"embeddable":true,"href":"https:\/\/palmaequipmentrental.com\/es\/wp-json\/wp\/v2\/media\/4939"}],"wp:attachment":[{"href":"https:\/\/palmaequipmentrental.com\/es\/wp-json\/wp\/v2\/media?parent=4787"}],"wp:term":[{"taxonomy":"product_cat","embeddable":true,"href":"https:\/\/palmaequipmentrental.com\/es\/wp-json\/wp\/v2\/product_cat?post=4787"},{"taxonomy":"product_tag","embeddable":true,"href":"https:\/\/palmaequipmentrental.com\/es\/wp-json\/wp\/v2\/product_tag?post=4787"}],"curies":[{"name":"wp","href":"https:\/\/api.w.org\/{rel}","templated":true}]}}