{"id":4799,"date":"2019-01-16T11:50:50","date_gmt":"2019-01-16T11:50:50","guid":{"rendered":"http:\/\/www.palmaequipmentrental.com\/?post_type=product&#038;p=4799"},"modified":"2023-10-11T14:48:22","modified_gmt":"2023-10-11T14:48:22","slug":"pro-widezoom-reflector","status":"publish","type":"product","link":"https:\/\/palmaequipmentrental.com\/es\/photo-video-equipment-mallorca\/pro-widezoom-reflector\/","title":{"rendered":"Profoto Reflector WideZoom"},"content":{"rendered":"<p>El <strong>Profoto Reflector WideZoom<\/strong> tiene muchas similitudes con el popular reflector Magnum, pero crea una difusi\u00f3n de la luz m\u00e1s amplia e uniforme. Estas caracter\u00edsticas \u00fanicas han hecho del WideZoom un reflector de referencia entre los fot\u00f3grafos de moda que necesitan una luz principal n\u00edtida y brillante o una iluminaci\u00f3n de fondo perfectamente uniforme.<\/p>\n<p><strong>Caracter\u00edsticas<\/strong><\/p>\n<ul>\n<li>Incorpora la exclusiva funci\u00f3n de zoom de Profoto: da forma a la luz simplemente deslizando el reflector hacia delante y hacia atr\u00e1s en el cabezal.<\/li>\n<li>Dispersi\u00f3n de la luz ajustable de 40 a 80\u00b0 en el ProHead.<\/li>\n<li>Salida de luz m\u00e1xima a 2 m con 2400 Ws @ ISO 100: f\/64,6 (en un ProHead).<\/li>\n<li>Ampl\u00eda a\u00fan m\u00e1s su versatilidad con las rejillas opcionales que reducen la dispersi\u00f3n de la luz.<\/li>\n<li>Dise\u00f1ado para un uso diario durante a\u00f1os.<\/li>\n<\/ul>\n","protected":false},"excerpt":{"rendered":"<p>El Profoto Reflector WideZoom tiene muchas similitudes con el popular reflector Magnum, pero crea una difusi\u00f3n de la luz m\u00e1s amplia e uniforme. Estas caracter\u00edsticas \u00fanicas han hecho del WideZoom un reflector de referencia entre los fot\u00f3grafos de moda que necesitan una luz principal n\u00edtida y brillante o una iluminaci\u00f3n de fondo perfectamente uniforme. Caracter\u00edsticas Incorpora la exclusiva funci\u00f3n de [&hellip;]<\/p>\n","protected":false},"featured_media":4894,"template":"","meta":[],"product_cat":[785],"product_tag":[],"class_list":{"0":"post-4799","1":"product","2":"type-product","3":"status-publish","4":"has-post-thumbnail","6":"product_cat-pro-modeladores-de-luz","8":"first","9":"instock","10":"shipping-taxable","11":"purchasable","12":"product-type-simple"},"_links":{"self":[{"href":"https:\/\/palmaequipmentrental.com\/es\/wp-json\/wp\/v2\/product\/4799","targetHints":{"allow":["GET"]}}],"collection":[{"href":"https:\/\/palmaequipmentrental.com\/es\/wp-json\/wp\/v2\/product"}],"about":[{"href":"https:\/\/palmaequipmentrental.com\/es\/wp-json\/wp\/v2\/types\/product"}],"wp:featuredmedia":[{"embeddable":true,"href":"https:\/\/palmaequipmentrental.com\/es\/wp-json\/wp\/v2\/media\/4894"}],"wp:attachment":[{"href":"https:\/\/palmaequipmentrental.com\/es\/wp-json\/wp\/v2\/media?parent=4799"}],"wp:term":[{"taxonomy":"product_cat","embeddable":true,"href":"https:\/\/palmaequipmentrental.com\/es\/wp-json\/wp\/v2\/product_cat?post=4799"},{"taxonomy":"product_tag","embeddable":true,"href":"https:\/\/palmaequipmentrental.com\/es\/wp-json\/wp\/v2\/product_tag?post=4799"}],"curies":[{"name":"wp","href":"https:\/\/api.w.org\/{rel}","templated":true}]}}