{"id":4804,"date":"2019-01-16T11:57:14","date_gmt":"2019-01-16T11:57:14","guid":{"rendered":"http:\/\/www.palmaequipmentrental.com\/?post_type=product&#038;p=4804"},"modified":"2024-01-09T13:29:05","modified_gmt":"2024-01-09T13:29:05","slug":"junior-offset-arm","status":"publish","type":"product","link":"https:\/\/palmaequipmentrental.com\/es\/photo-video-equipment-mallorca\/junior-offset-arm\/","title":{"rendered":"Brazo Desplazado Junior"},"content":{"rendered":"<p>Mejora tu equipo con el Swan Neck, disponible en Palma Equipment Rental. Este brazo Avenger SKU F100 Junior Offset es una herramienta clave para fot\u00f3grafos y cineastas en Palma de Mallorca y en todas las Islas Baleares, especialmente \u00fatil para compensar los soportes que sostienen marcos de gran resistencia en sesiones de moda y publicidad.<\/p>\n<p>Detalles T\u00e9cnicos:<\/p>\n<ul>\n<li>Ideal para compensar soportes que sostienen marcos de gran resistencia, asegurando estabilidad y precisi\u00f3n.<\/li>\n<li>Longitud: 50 cm (19.6 pulgadas), proporcionando un alcance sustancial.<\/li>\n<li>Cuenta con un z\u00f3calo y pasador de 28 mm, adecuado para diversas necesidades de montaje.<\/li>\n<li>Ideal para posicionar luces por encima de obstrucciones para una mejor iluminaci\u00f3n.<\/li>\n<\/ul>\n<p>\u00bfPor qu\u00e9 lo necesitas? El Swan Neck es indispensable para crear configuraciones equilibradas y bien soportadas, especialmente al trabajar con marcos y equipos m\u00e1s pesados.<\/p>\n<p>En Palma Equipment Rental, entendemos las demandas \u00fanicas de la fotograf\u00eda y videograf\u00eda profesional. El Swan Neck, junto con nuestra selecci\u00f3n de equipos de alta gama de marcas como Canon y Nikon, es parte de nuestro compromiso para equiparte para el \u00e9xito. Ya sea filmando la animada atm\u00f3sfera de Ibiza o las vistas pintorescas de Formentera, nuestro equipo, junto con soporte t\u00e9cnico 24\/7, asegura que tengas las herramientas adecuadas para ejecutar tu visi\u00f3n a la perfecci\u00f3n.<\/p>\n","protected":false},"excerpt":{"rendered":"<p>Mejora tu equipo con el Swan Neck, disponible en Palma Equipment Rental. Este brazo Avenger SKU F100 Junior Offset es una herramienta clave para fot\u00f3grafos y cineastas en Palma de Mallorca y en todas las Islas Baleares, especialmente \u00fatil para compensar los soportes que sostienen marcos de gran resistencia en sesiones de moda y publicidad. Detalles T\u00e9cnicos: Ideal para compensar [&hellip;]<\/p>\n","protected":false},"featured_media":4900,"template":"","meta":[],"product_cat":[225,226],"product_tag":[],"class_list":{"0":"post-4804","1":"product","2":"type-product","3":"status-publish","4":"has-post-thumbnail","6":"product_cat-clamps-es","7":"product_cat-clamps2012-03-30-09-44-10-es","9":"first","10":"instock","11":"shipping-taxable","12":"purchasable","13":"product-type-simple"},"_links":{"self":[{"href":"https:\/\/palmaequipmentrental.com\/es\/wp-json\/wp\/v2\/product\/4804","targetHints":{"allow":["GET"]}}],"collection":[{"href":"https:\/\/palmaequipmentrental.com\/es\/wp-json\/wp\/v2\/product"}],"about":[{"href":"https:\/\/palmaequipmentrental.com\/es\/wp-json\/wp\/v2\/types\/product"}],"wp:featuredmedia":[{"embeddable":true,"href":"https:\/\/palmaequipmentrental.com\/es\/wp-json\/wp\/v2\/media\/4900"}],"wp:attachment":[{"href":"https:\/\/palmaequipmentrental.com\/es\/wp-json\/wp\/v2\/media?parent=4804"}],"wp:term":[{"taxonomy":"product_cat","embeddable":true,"href":"https:\/\/palmaequipmentrental.com\/es\/wp-json\/wp\/v2\/product_cat?post=4804"},{"taxonomy":"product_tag","embeddable":true,"href":"https:\/\/palmaequipmentrental.com\/es\/wp-json\/wp\/v2\/product_tag?post=4804"}],"curies":[{"name":"wp","href":"https:\/\/api.w.org\/{rel}","templated":true}]}}