{"id":4821,"date":"2019-01-16T12:23:51","date_gmt":"2019-01-16T12:23:51","guid":{"rendered":"http:\/\/www.palmaequipmentrental.com\/?post_type=product&#038;p=4821"},"modified":"2022-09-09T12:23:24","modified_gmt":"2022-09-09T12:23:24","slug":"gobo-arm-40","status":"publish","type":"product","link":"https:\/\/palmaequipmentrental.com\/es\/photo-video-equipment-mallorca\/gobo-arm-40\/","title":{"rendered":"Espada Ceferino 40&#8243;"},"content":{"rendered":"<p><strong>Espada para Ceferino, Avenger D520 40\u00bb (AKA Gobo Arm, Flag Arm o Extension Grip Arm)<\/strong><\/p>\n<p>Generalmente se usa junto con un cabezal de sujeci\u00f3n montado en el soporte para obtener alcance y articulaci\u00f3n a trav\u00e9s del cabezal de sujeci\u00f3n incorporado del brazo. Este brazo de acero cromado puede sostener una luz peque\u00f1a, una bandera o un reflector.<\/p>\n<ul>\n<li>Longitud: 102cm\/40&#8243;.<\/li>\n<li>Di\u00e1metros de los agujeros redondos en la r\u00f3tula fija: 6,4, 9,5, 12,7 y 16 mm.<\/li>\n<\/ul>\n","protected":false},"excerpt":{"rendered":"<p>Espada para Ceferino, Avenger D520 40\u00bb (AKA Gobo Arm, Flag Arm o Extension Grip Arm) Generalmente se usa junto con un cabezal de sujeci\u00f3n montado en el soporte para obtener alcance y articulaci\u00f3n a trav\u00e9s del cabezal de sujeci\u00f3n incorporado del brazo. Este brazo de acero cromado puede sostener una luz peque\u00f1a, una bandera o un reflector. Longitud: 102cm\/40&#8243;. Di\u00e1metros [&hellip;]<\/p>\n","protected":false},"featured_media":4932,"template":"","meta":[],"product_cat":[226,225,227,228],"product_tag":[],"class_list":{"0":"post-4821","1":"product","2":"type-product","3":"status-publish","4":"has-post-thumbnail","6":"product_cat-clamps2012-03-30-09-44-10-es","7":"product_cat-clamps-es","8":"product_cat-tripodes-de-luz-2","9":"product_cat-tripodes-de-luz","11":"first","12":"instock","13":"shipping-taxable","14":"purchasable","15":"product-type-simple"},"_links":{"self":[{"href":"https:\/\/palmaequipmentrental.com\/es\/wp-json\/wp\/v2\/product\/4821","targetHints":{"allow":["GET"]}}],"collection":[{"href":"https:\/\/palmaequipmentrental.com\/es\/wp-json\/wp\/v2\/product"}],"about":[{"href":"https:\/\/palmaequipmentrental.com\/es\/wp-json\/wp\/v2\/types\/product"}],"wp:featuredmedia":[{"embeddable":true,"href":"https:\/\/palmaequipmentrental.com\/es\/wp-json\/wp\/v2\/media\/4932"}],"wp:attachment":[{"href":"https:\/\/palmaequipmentrental.com\/es\/wp-json\/wp\/v2\/media?parent=4821"}],"wp:term":[{"taxonomy":"product_cat","embeddable":true,"href":"https:\/\/palmaequipmentrental.com\/es\/wp-json\/wp\/v2\/product_cat?post=4821"},{"taxonomy":"product_tag","embeddable":true,"href":"https:\/\/palmaequipmentrental.com\/es\/wp-json\/wp\/v2\/product_tag?post=4821"}],"curies":[{"name":"wp","href":"https:\/\/api.w.org\/{rel}","templated":true}]}}