{"id":4825,"date":"2019-01-16T12:40:28","date_gmt":"2019-01-16T12:40:28","guid":{"rendered":"http:\/\/www.palmaequipmentrental.com\/?post_type=product&#038;p=4825"},"modified":"2022-08-11T09:22:49","modified_gmt":"2022-08-11T09:22:49","slug":"gobo-arm-20","status":"publish","type":"product","link":"https:\/\/palmaequipmentrental.com\/es\/photo-video-equipment-mallorca\/gobo-arm-20\/","title":{"rendered":"Espada Ceferino 20&#8243;"},"content":{"rendered":"<p><strong>Espada Ceferino D500L \u00a020\u00bb\u00a0 (AKA Gobo Arm,\u00a0Extension Grip Arm o Flag Arm)<\/strong><\/p>\n<div>Generalmente se usa junto con un cabezal de sujeci\u00f3n\u00a0<strong>(grip head\u00a0D200)<\/strong> montado en el soporte para obtener alcance y articulaci\u00f3n a trav\u00e9s del cabezal de sujeci\u00f3n incorporado del brazo.<\/div>\n<div>Este brazo de acero cromado puede sostener una cabeza de luz peque\u00f1a, una bandera o un reflector.<\/div>\n<div><\/div>\n<div><\/div>\n","protected":false},"excerpt":{"rendered":"<p>Espada Ceferino D500L \u00a020\u00bb\u00a0 (AKA Gobo Arm,\u00a0Extension Grip Arm o Flag Arm) Generalmente se usa junto con un cabezal de sujeci\u00f3n\u00a0(grip head\u00a0D200) montado en el soporte para obtener alcance y articulaci\u00f3n a trav\u00e9s del cabezal de sujeci\u00f3n incorporado del brazo. Este brazo de acero cromado puede sostener una cabeza de luz peque\u00f1a, una bandera o un reflector.<\/p>\n","protected":false},"featured_media":11735,"template":"","meta":[],"product_cat":[226,225,227,228],"product_tag":[],"class_list":{"0":"post-4825","1":"product","2":"type-product","3":"status-publish","4":"has-post-thumbnail","6":"product_cat-clamps2012-03-30-09-44-10-es","7":"product_cat-clamps-es","8":"product_cat-tripodes-de-luz-2","9":"product_cat-tripodes-de-luz","11":"first","12":"instock","13":"shipping-taxable","14":"purchasable","15":"product-type-simple"},"_links":{"self":[{"href":"https:\/\/palmaequipmentrental.com\/es\/wp-json\/wp\/v2\/product\/4825","targetHints":{"allow":["GET"]}}],"collection":[{"href":"https:\/\/palmaequipmentrental.com\/es\/wp-json\/wp\/v2\/product"}],"about":[{"href":"https:\/\/palmaequipmentrental.com\/es\/wp-json\/wp\/v2\/types\/product"}],"wp:featuredmedia":[{"embeddable":true,"href":"https:\/\/palmaequipmentrental.com\/es\/wp-json\/wp\/v2\/media\/11735"}],"wp:attachment":[{"href":"https:\/\/palmaequipmentrental.com\/es\/wp-json\/wp\/v2\/media?parent=4825"}],"wp:term":[{"taxonomy":"product_cat","embeddable":true,"href":"https:\/\/palmaequipmentrental.com\/es\/wp-json\/wp\/v2\/product_cat?post=4825"},{"taxonomy":"product_tag","embeddable":true,"href":"https:\/\/palmaequipmentrental.com\/es\/wp-json\/wp\/v2\/product_tag?post=4825"}],"curies":[{"name":"wp","href":"https:\/\/api.w.org\/{rel}","templated":true}]}}