{"id":4849,"date":"2019-01-16T13:16:35","date_gmt":"2019-01-16T13:16:35","guid":{"rendered":"http:\/\/www.palmaequipmentrental.com\/?post_type=product&#038;p=4849"},"modified":"2022-08-11T09:17:16","modified_gmt":"2022-08-11T09:17:16","slug":"cali-sunbounce-pro-full-silk","status":"publish","type":"product","link":"https:\/\/palmaequipmentrental.com\/es\/photo-video-equipment-mallorca\/cali-sunbounce-pro-full-silk\/","title":{"rendered":"Cali Sunbounce PRO Tela Difusora Full"},"content":{"rendered":"<p><strong>Cali Sunbounce PRO 6&#215;4 tela difusora de 1 paso completo.<\/strong><\/p>\n<p>Seda difusora 3\/3 para el marco California Sunbounce 6&#215;4&#8242; (130 x 190cm) Pro.<\/p>\n<p>Fuerte reducci\u00f3n del contraste. Crea una luz b\u00e1sica muy suave, casi sin contraste. Bueno en combinaci\u00f3n con reflectores y como difusor de caja de luz.<\/p>\n<p>Blanco neutro sin blanqueador \u00f3ptico.<\/p>\n","protected":false},"excerpt":{"rendered":"<p>Cali Sunbounce PRO 6&#215;4 tela difusora de 1 paso completo. Seda difusora 3\/3 para el marco California Sunbounce 6&#215;4&#8242; (130 x 190cm) Pro. Fuerte reducci\u00f3n del contraste. Crea una luz b\u00e1sica muy suave, casi sin contraste. Bueno en combinaci\u00f3n con reflectores y como difusor de caja de luz. Blanco neutro sin blanqueador \u00f3ptico.<\/p>\n","protected":false},"featured_media":4975,"template":"","meta":[],"product_cat":[281,280],"product_tag":[],"class_list":{"0":"post-4849","1":"product","2":"type-product","3":"status-publish","4":"has-post-thumbnail","6":"product_cat-sunbounce-2-es","7":"product_cat-sunbounce-es","9":"first","10":"instock","11":"shipping-taxable","12":"purchasable","13":"product-type-simple"},"_links":{"self":[{"href":"https:\/\/palmaequipmentrental.com\/es\/wp-json\/wp\/v2\/product\/4849","targetHints":{"allow":["GET"]}}],"collection":[{"href":"https:\/\/palmaequipmentrental.com\/es\/wp-json\/wp\/v2\/product"}],"about":[{"href":"https:\/\/palmaequipmentrental.com\/es\/wp-json\/wp\/v2\/types\/product"}],"wp:featuredmedia":[{"embeddable":true,"href":"https:\/\/palmaequipmentrental.com\/es\/wp-json\/wp\/v2\/media\/4975"}],"wp:attachment":[{"href":"https:\/\/palmaequipmentrental.com\/es\/wp-json\/wp\/v2\/media?parent=4849"}],"wp:term":[{"taxonomy":"product_cat","embeddable":true,"href":"https:\/\/palmaequipmentrental.com\/es\/wp-json\/wp\/v2\/product_cat?post=4849"},{"taxonomy":"product_tag","embeddable":true,"href":"https:\/\/palmaequipmentrental.com\/es\/wp-json\/wp\/v2\/product_tag?post=4849"}],"curies":[{"name":"wp","href":"https:\/\/api.w.org\/{rel}","templated":true}]}}