{"id":4855,"date":"2019-01-16T13:21:20","date_gmt":"2019-01-16T13:21:20","guid":{"rendered":"http:\/\/www.palmaequipmentrental.com\/product\/sincategorizar\/cali-sunbounce-mini-zebra-gold\/"},"modified":"2022-08-11T09:16:34","modified_gmt":"2022-08-11T09:16:34","slug":"cali-sunbounce-mini-zebra-gold","status":"publish","type":"product","link":"https:\/\/palmaequipmentrental.com\/es\/photo-video-equipment-mallorca\/cali-sunbounce-mini-zebra-gold\/","title":{"rendered":"Cali Sunbounce MINI Zebra\/Blanco"},"content":{"rendered":"<p><strong>Cali Sunbounce MINI Zebra <em>(plata\/oro)<\/em>\/Blanco<\/strong><\/p>\n<p>Reflector Zebra\/Blanco para el mini marco California Sunbounce 3&#8242; x 4&#8242; (90 x 125cm).<\/p>\n<p>Mezcla de ORO y PLATA.<\/p>\n<p>Suavemente c\u00e1lido, crea una complexi\u00f3n de piel saludable incluso si la cobertura de nubes es espesa. ZEBRA es el caballo de batalla para m\u00e1s del 50% de las aplicaciones en condiciones de sol y sombra.<\/p>\n<p>El reverso es BLANCO NEUTRAL.<\/p>\n","protected":false},"excerpt":{"rendered":"<p>Cali Sunbounce MINI Zebra (plata\/oro)\/Blanco Reflector Zebra\/Blanco para el mini marco California Sunbounce 3&#8242; x 4&#8242; (90 x 125cm). Mezcla de ORO y PLATA. Suavemente c\u00e1lido, crea una complexi\u00f3n de piel saludable incluso si la cobertura de nubes es espesa. ZEBRA es el caballo de batalla para m\u00e1s del 50% de las aplicaciones en condiciones de sol y sombra. El [&hellip;]<\/p>\n","protected":false},"featured_media":5078,"template":"","meta":[],"product_cat":[280,281],"product_tag":[],"class_list":{"0":"post-4855","1":"product","2":"type-product","3":"status-publish","4":"has-post-thumbnail","6":"product_cat-sunbounce-es","7":"product_cat-sunbounce-2-es","9":"first","10":"instock","11":"shipping-taxable","12":"purchasable","13":"product-type-simple"},"_links":{"self":[{"href":"https:\/\/palmaequipmentrental.com\/es\/wp-json\/wp\/v2\/product\/4855","targetHints":{"allow":["GET"]}}],"collection":[{"href":"https:\/\/palmaequipmentrental.com\/es\/wp-json\/wp\/v2\/product"}],"about":[{"href":"https:\/\/palmaequipmentrental.com\/es\/wp-json\/wp\/v2\/types\/product"}],"wp:featuredmedia":[{"embeddable":true,"href":"https:\/\/palmaequipmentrental.com\/es\/wp-json\/wp\/v2\/media\/5078"}],"wp:attachment":[{"href":"https:\/\/palmaequipmentrental.com\/es\/wp-json\/wp\/v2\/media?parent=4855"}],"wp:term":[{"taxonomy":"product_cat","embeddable":true,"href":"https:\/\/palmaequipmentrental.com\/es\/wp-json\/wp\/v2\/product_cat?post=4855"},{"taxonomy":"product_tag","embeddable":true,"href":"https:\/\/palmaequipmentrental.com\/es\/wp-json\/wp\/v2\/product_tag?post=4855"}],"curies":[{"name":"wp","href":"https:\/\/api.w.org\/{rel}","templated":true}]}}