{"id":4992,"date":"2019-01-18T14:17:23","date_gmt":"2019-01-18T14:17:23","guid":{"rendered":"http:\/\/www.palmaequipmentrental.com\/?post_type=product&#038;p=4992"},"modified":"2022-08-11T09:13:36","modified_gmt":"2022-08-11T09:13:36","slug":"cali-sunswatter-pro-full-silk","status":"publish","type":"product","link":"https:\/\/palmaequipmentrental.com\/es\/photo-video-equipment-mallorca\/cali-sunswatter-pro-full-silk\/","title":{"rendered":"Cali Sunswatter PRO Tela Difusora Full"},"content":{"rendered":"<p><strong>Cali Sunswatter PRO tela difusora de 1 paso completo<\/strong><\/p>\n<p>Tela difusora completa 3\/3 para el marco California Sunswatter Pro 4&#215;6&#8242; (130 x 180cm).<\/p>\n<p>Fuerte reducci\u00f3n del contraste. Crea una luz b\u00e1sica muy suave, casi sin contraste. Bueno en combinaci\u00f3n con reflectores y como difusor de caja de luz.<\/p>\n<p>Blanco neutro sin blanqueador \u00f3ptico.<\/p>\n","protected":false},"excerpt":{"rendered":"<p>Cali Sunswatter PRO tela difusora de 1 paso completo Tela difusora completa 3\/3 para el marco California Sunswatter Pro 4&#215;6&#8242; (130 x 180cm). Fuerte reducci\u00f3n del contraste. Crea una luz b\u00e1sica muy suave, casi sin contraste. Bueno en combinaci\u00f3n con reflectores y como difusor de caja de luz. Blanco neutro sin blanqueador \u00f3ptico.<\/p>\n","protected":false},"featured_media":5028,"template":"","meta":[],"product_cat":[284,285],"product_tag":[],"class_list":{"0":"post-4992","1":"product","2":"type-product","3":"status-publish","4":"has-post-thumbnail","6":"product_cat-sunswatter-es","7":"product_cat-sunswatter-2-es","9":"first","10":"instock","11":"shipping-taxable","12":"purchasable","13":"product-type-simple"},"_links":{"self":[{"href":"https:\/\/palmaequipmentrental.com\/es\/wp-json\/wp\/v2\/product\/4992","targetHints":{"allow":["GET"]}}],"collection":[{"href":"https:\/\/palmaequipmentrental.com\/es\/wp-json\/wp\/v2\/product"}],"about":[{"href":"https:\/\/palmaequipmentrental.com\/es\/wp-json\/wp\/v2\/types\/product"}],"wp:featuredmedia":[{"embeddable":true,"href":"https:\/\/palmaequipmentrental.com\/es\/wp-json\/wp\/v2\/media\/5028"}],"wp:attachment":[{"href":"https:\/\/palmaequipmentrental.com\/es\/wp-json\/wp\/v2\/media?parent=4992"}],"wp:term":[{"taxonomy":"product_cat","embeddable":true,"href":"https:\/\/palmaequipmentrental.com\/es\/wp-json\/wp\/v2\/product_cat?post=4992"},{"taxonomy":"product_tag","embeddable":true,"href":"https:\/\/palmaequipmentrental.com\/es\/wp-json\/wp\/v2\/product_tag?post=4992"}],"curies":[{"name":"wp","href":"https:\/\/api.w.org\/{rel}","templated":true}]}}