{"id":5002,"date":"2019-01-18T14:24:17","date_gmt":"2019-01-18T14:24:17","guid":{"rendered":"http:\/\/www.palmaequipmentrental.com\/?post_type=product&#038;p=5002"},"modified":"2023-11-21T09:28:11","modified_gmt":"2023-11-21T09:28:11","slug":"cali-sunswatter-big-frame","status":"publish","type":"product","link":"https:\/\/palmaequipmentrental.com\/es\/photo-video-equipment-mallorca\/cali-sunswatter-big-frame\/","title":{"rendered":"Cali Sunswatter BIG Marco"},"content":{"rendered":"<p>El California Sunbounce Sunswatter BIG 6&#215;8, con su capacidad para suavizar la luz solar intensa y reducir el contraste, es una herramienta esencial para lograr una iluminaci\u00f3n impecable en tus fotograf\u00edas y v\u00eddeos. En Palma Equipment Rental, situados en la soleada Palma de Mallorca, Espa\u00f1a, entendemos las diversas necesidades de las producciones fotogr\u00e1ficas y de video profesionales. Por eso ofrecemos el Sunswatter BIG 6&#215;8 con una gama de telas &#8211; opciones de 1\/3, 2\/3 y parada completa &#8211; para adaptarse a diversas condiciones de iluminaci\u00f3n, ya sea trabajando en Menorca, Ibiza, Formentera o la pen\u00ednsula.<\/p>\n<p>Caracter\u00edsticas clave:<\/p>\n<ul>\n<li>Tama\u00f1o: 6&#215;8 pies para un control de luz expansivo<\/li>\n<li>Marco de aluminio ligero para un uso f\u00e1cil<\/li>\n<li>Material de pantalla de calidad superior en telas de 1\/3, 2\/3 y parada completa para una difusi\u00f3n precisa<\/li>\n<li>Dise\u00f1o plegable para un transporte eficiente<\/li>\n<li>Ideal para foto y video, especialmente en moda y publicidad<\/li>\n<li>Vers\u00e1til en una gama de escenarios de iluminaci\u00f3n<\/li>\n<\/ul>\n<p>Elegir Palma Equipment Rental significa optar por lo mejor de la industria. Contamos con marcas reconocidas como Profoto, Arri y California Sunbounce y somos conocidos por nuestra flexibilidad, eficiencia y soporte integral 24\/7. Nuestro compromiso con proporcionar equipos de primera calidad nos hace una elecci\u00f3n destacada en el alquiler de equipos fotogr\u00e1ficos y cinematogr\u00e1ficos.<\/p>\n<p><a href=\"https:\/\/www.youtube.com\/watch?v=xe4A8DLAmkU\" target=\"_blank\" rel=\"noopener\">Para consejos expertos sobre el uso del California Sunbounce Sunswatter BIG 6&#215;8, \u00a1visita nuestro Video Tutorial!<\/a><\/p>\n","protected":false},"excerpt":{"rendered":"<p>El California Sunbounce Sunswatter BIG 6&#215;8, con su capacidad para suavizar la luz solar intensa y reducir el contraste, es una herramienta esencial para lograr una iluminaci\u00f3n impecable en tus fotograf\u00edas y v\u00eddeos. En Palma Equipment Rental, situados en la soleada Palma de Mallorca, Espa\u00f1a, entendemos las diversas necesidades de las producciones fotogr\u00e1ficas y de video profesionales. Por eso ofrecemos [&hellip;]<\/p>\n","protected":false},"featured_media":5062,"template":"","meta":[],"product_cat":[284,285],"product_tag":[],"class_list":{"0":"post-5002","1":"product","2":"type-product","3":"status-publish","4":"has-post-thumbnail","6":"product_cat-sunswatter-es","7":"product_cat-sunswatter-2-es","9":"first","10":"instock","11":"shipping-taxable","12":"purchasable","13":"product-type-simple"},"_links":{"self":[{"href":"https:\/\/palmaequipmentrental.com\/es\/wp-json\/wp\/v2\/product\/5002","targetHints":{"allow":["GET"]}}],"collection":[{"href":"https:\/\/palmaequipmentrental.com\/es\/wp-json\/wp\/v2\/product"}],"about":[{"href":"https:\/\/palmaequipmentrental.com\/es\/wp-json\/wp\/v2\/types\/product"}],"wp:featuredmedia":[{"embeddable":true,"href":"https:\/\/palmaequipmentrental.com\/es\/wp-json\/wp\/v2\/media\/5062"}],"wp:attachment":[{"href":"https:\/\/palmaequipmentrental.com\/es\/wp-json\/wp\/v2\/media?parent=5002"}],"wp:term":[{"taxonomy":"product_cat","embeddable":true,"href":"https:\/\/palmaequipmentrental.com\/es\/wp-json\/wp\/v2\/product_cat?post=5002"},{"taxonomy":"product_tag","embeddable":true,"href":"https:\/\/palmaequipmentrental.com\/es\/wp-json\/wp\/v2\/product_tag?post=5002"}],"curies":[{"name":"wp","href":"https:\/\/api.w.org\/{rel}","templated":true}]}}