{"id":5514,"date":"2017-09-05T11:14:11","date_gmt":"2017-09-05T11:14:11","guid":{"rendered":"http:\/\/www.palmaequipmentrental.com\/product\/sincategorizar\/bento-mach-3-carbon-fiber-tripod\/"},"modified":"2023-10-05T14:34:44","modified_gmt":"2023-10-05T14:34:44","slug":"bento-mach-3-carbon-fiber-tripod","status":"publish","type":"product","link":"https:\/\/palmaequipmentrental.com\/es\/photo-video-equipment-mallorca\/bento-mach-3-carbon-fiber-tripod\/","title":{"rendered":"Tr\u00edpode Benro Mach 3 Fibra Carbono"},"content":{"rendered":"<p>Tr\u00edpode<strong> Benro Mach 3 TMA48CL.<\/strong><\/p>\n<p>A\u00f1ade una r\u00f3tula de tu elecci\u00f3n:<\/p>\n<ul>\n<li>R\u00f3tula Manfrotto 808RC4 3D.<\/li>\n<li>R\u00f3tula de Bola Manfrotto.<\/li>\n<li>R\u00f3tula Manfrotto 405 Geared Head.<\/li>\n<li>R\u00f3tula Manfrotto 229 3D.<\/li>\n<\/ul>\n<p>Max. peso: 44.1 lb (20 kg)<br \/>\nAltura Min: 14.17 in (36 cm)<br \/>\nAltura Max: 69.29 in (176 cm)<\/p>\n","protected":false},"excerpt":{"rendered":"<p>Tr\u00edpode Benro Mach 3 TMA48CL. A\u00f1ade una r\u00f3tula de tu elecci\u00f3n: R\u00f3tula Manfrotto 808RC4 3D. R\u00f3tula de Bola Manfrotto. R\u00f3tula Manfrotto 405 Geared Head. R\u00f3tula Manfrotto 229 3D. Max. peso: 44.1 lb (20 kg) Altura Min: 14.17 in (36 cm) Altura Max: 69.29 in (176 cm)<\/p>\n","protected":false},"featured_media":5517,"template":"","meta":[],"product_cat":[755,204],"product_tag":[],"class_list":{"0":"post-5514","1":"product","2":"type-product","3":"status-publish","4":"has-post-thumbnail","6":"product_cat-estacion-de-trabajo-digital","7":"product_cat-tripods-es","9":"first","10":"instock","11":"shipping-taxable","12":"purchasable","13":"product-type-simple"},"_links":{"self":[{"href":"https:\/\/palmaequipmentrental.com\/es\/wp-json\/wp\/v2\/product\/5514","targetHints":{"allow":["GET"]}}],"collection":[{"href":"https:\/\/palmaequipmentrental.com\/es\/wp-json\/wp\/v2\/product"}],"about":[{"href":"https:\/\/palmaequipmentrental.com\/es\/wp-json\/wp\/v2\/types\/product"}],"wp:featuredmedia":[{"embeddable":true,"href":"https:\/\/palmaequipmentrental.com\/es\/wp-json\/wp\/v2\/media\/5517"}],"wp:attachment":[{"href":"https:\/\/palmaequipmentrental.com\/es\/wp-json\/wp\/v2\/media?parent=5514"}],"wp:term":[{"taxonomy":"product_cat","embeddable":true,"href":"https:\/\/palmaequipmentrental.com\/es\/wp-json\/wp\/v2\/product_cat?post=5514"},{"taxonomy":"product_tag","embeddable":true,"href":"https:\/\/palmaequipmentrental.com\/es\/wp-json\/wp\/v2\/product_tag?post=5514"}],"curies":[{"name":"wp","href":"https:\/\/api.w.org\/{rel}","templated":true}]}}