{"id":5528,"date":"2019-02-06T12:19:41","date_gmt":"2019-02-06T12:19:41","guid":{"rendered":"http:\/\/www.palmaequipmentrental.com\/?post_type=product&#038;p=5528"},"modified":"2025-08-21T09:46:58","modified_gmt":"2025-08-21T09:46:58","slug":"pro-air-remote-ttl-s","status":"publish","type":"product","link":"https:\/\/palmaequipmentrental.com\/es\/photo-video-equipment-mallorca\/pro-air-remote-ttl-s\/","title":{"rendered":"Profoto Air Remote TTL Sony"},"content":{"rendered":"<div class=\"pos-prodintrotext-wrapper\">\n<div class=\"pos-prodintrotext\">\n<p><strong>Conecta tu flash AirTTL de forma inal\u00e1mbrica con tu c\u00e1mara Sony.<\/strong><\/p>\n<p>La forma m\u00e1s sencilla de obtener la exposici\u00f3n perfecta. Acopla el control remoto a la zapata directa de tu c\u00e1mara para conectar el flash Profoto AirTTL de forma inal\u00e1mbrica con la c\u00e1mara. Luego, apunta y dispara en modo TTL y el Air Remote TTL se comunicar\u00e1 con el flash. Obtendr\u00e1s la exposici\u00f3n perfecta. Autom\u00e1ticamente.<\/p>\n<\/div>\n<p>Con el Profoto AirTTL incluso podr\u00e1s dejar tu fot\u00f3metro en casa y capturar la imagen m\u00e1s r\u00e1pidamente. Si deseas tener un control m\u00e1s preciso, primero dispara en modo TTL para obtener una exposici\u00f3n perfecta, luego cambia al modo Manual manteniendo los mismos ajustes y, por \u00faltimo, ajusta con precisi\u00f3n la luz y usa tu creatividad para modificarla como quieras.<\/p>\n<p>Los AirTTL Remotes est\u00e1n equipados con Profoto High Speed Sync (HSS), que te permite utilizar el flash a velocidades de obturaci\u00f3n de hasta 1\/8000 s. HSS te garantiza el control y el modelado de la luz a plena luz del d\u00eda; adem\u00e1s, te permite obtener im\u00e1genes n\u00edtidas sin efecto difuminado por el movimiento al combinar el flash con la luz disponible.<\/p>\n<div class=\"pos-prodintrotext\">\n<p><strong>Features<\/strong><\/p>\n<\/div>\n<\/div>\n<div class=\"pos-produsp-wrapper\">\n<div class=\"pos-produsp\">\n<div class=\"element element-text first last\">\n<ul>\n<li>Ac\u00f3plalo a la zapata directa de tu c\u00e1mara para conectar de forma inal\u00e1mbrica la c\u00e1mara y el flash AirTTL.<\/li>\n<li>Dispara en modo TTL para apuntar y disparar de forma totalmente autom\u00e1tica.<\/li>\n<li>Dispara en modo HSS para modelar la luz a plena luz del d\u00eda.<\/li>\n<li>Cambia del modo TTL al modo Manual con las opciones TTL autom\u00e1ticas intactas, lo que supone un gran ahorro de tiempo.<\/li>\n<li>Sincroniza cualquier flash Profoto compatible con Air y lo controla manualmente.<\/li>\n<li>Interfaz de usuario intuitiva y f\u00e1cil de usar.<\/li>\n<li>Amplio rango operativo de hasta 300\u00a0m.<\/li>\n<li>8 canales digitales.<\/li>\n<li>Controla hasta 3 grupos de flashes en cada canal.<\/li>\n<li>Puerto USB para actualizaciones de firmware.<\/li>\n<li>Aprobado para usarse en todo el mundo.<\/li>\n<li>C\u00e1maras compatibles: \u03b199 II, \u03b19, \u03b17R III, \u03b17R II, \u03b17S II, \u03b17 III, \u03b17 II, \u03b16500<\/li>\n<\/ul>\n<p>&nbsp;<\/p>\n<p><a href=\"https:\/\/youtu.be\/YPzPbJavsLQ\">Check out our video!<\/a><\/p>\n<\/div>\n<\/div>\n<\/div>\n","protected":false},"excerpt":{"rendered":"<p>Conecta tu flash AirTTL de forma inal\u00e1mbrica con tu c\u00e1mara Sony. La forma m\u00e1s sencilla de obtener la exposici\u00f3n perfecta. Acopla el control remoto a la zapata directa de tu c\u00e1mara para conectar el flash Profoto AirTTL de forma inal\u00e1mbrica con la c\u00e1mara. Luego, apunta y dispara en modo TTL y el Air Remote TTL se comunicar\u00e1 con el flash. [&hellip;]<\/p>\n","protected":false},"featured_media":5529,"template":"","meta":[],"product_cat":[190],"product_tag":[],"class_list":{"0":"post-5528","1":"product","2":"type-product","3":"status-publish","4":"has-post-thumbnail","6":"product_cat-sincronizacion-remota","8":"first","9":"instock","10":"shipping-taxable","11":"purchasable","12":"product-type-simple"},"_links":{"self":[{"href":"https:\/\/palmaequipmentrental.com\/es\/wp-json\/wp\/v2\/product\/5528","targetHints":{"allow":["GET"]}}],"collection":[{"href":"https:\/\/palmaequipmentrental.com\/es\/wp-json\/wp\/v2\/product"}],"about":[{"href":"https:\/\/palmaequipmentrental.com\/es\/wp-json\/wp\/v2\/types\/product"}],"wp:featuredmedia":[{"embeddable":true,"href":"https:\/\/palmaequipmentrental.com\/es\/wp-json\/wp\/v2\/media\/5529"}],"wp:attachment":[{"href":"https:\/\/palmaequipmentrental.com\/es\/wp-json\/wp\/v2\/media?parent=5528"}],"wp:term":[{"taxonomy":"product_cat","embeddable":true,"href":"https:\/\/palmaequipmentrental.com\/es\/wp-json\/wp\/v2\/product_cat?post=5528"},{"taxonomy":"product_tag","embeddable":true,"href":"https:\/\/palmaequipmentrental.com\/es\/wp-json\/wp\/v2\/product_tag?post=5528"}],"curies":[{"name":"wp","href":"https:\/\/api.w.org\/{rel}","templated":true}]}}