{"id":5535,"date":"2019-02-07T09:18:56","date_gmt":"2019-02-07T09:18:56","guid":{"rendered":"http:\/\/www.palmaequipmentrental.com\/?post_type=product&#038;p=5535"},"modified":"2023-10-12T13:19:17","modified_gmt":"2023-10-12T13:19:17","slug":"c-stand-40-turtle-base","status":"publish","type":"product","link":"https:\/\/palmaequipmentrental.com\/es\/photo-video-equipment-mallorca\/c-stand-40-turtle-base\/","title":{"rendered":"Tr\u00edpode Ceferino 40&#8243; Base Desmontable"},"content":{"rendered":"<p>Nuestro Tr\u00edpode Ceferino (C-stand) 40&#8243; con Base Desmontable incluye una Espada y una R\u00f3tula D200.<\/p>\n<p>Este C-Stand 40&#8243; de Avenger (A2030D) cuenta con una construcci\u00f3n de acero cromado y una columna de 3 secciones con 2 elevadores. Presenta una base desmontable que se puede quitar f\u00e1cilmente para facilitar su transporte. Para una mayor versatilidad, se puede montar un cabezal de luz directamente en la base con la ayuda de un adaptador de soporte (E200).\u00a0La columna vertical cuenta con conector de espiga de 16mm en la parte superior y en la inferior un conector de 28mm.<\/p>\n<p>Este soporte tiene una capacidad m\u00e1xima de carga de 10 kg y una altura m\u00e1xima de 3 metros.<\/p>\n<p>&nbsp;<\/p>\n<p>&nbsp;<\/p>\n<p>&nbsp;<\/p>\n<p>&nbsp;<\/p>\n<p>&nbsp;<\/p>\n","protected":false},"excerpt":{"rendered":"<p>Nuestro Tr\u00edpode Ceferino (C-stand) 40&#8243; con Base Desmontable incluye una Espada y una R\u00f3tula D200. Este C-Stand 40&#8243; de Avenger (A2030D) cuenta con una construcci\u00f3n de acero cromado y una columna de 3 secciones con 2 elevadores. Presenta una base desmontable que se puede quitar f\u00e1cilmente para facilitar su transporte. Para una mayor versatilidad, se puede montar un cabezal de [&hellip;]<\/p>\n","protected":false},"featured_media":8807,"template":"","meta":[],"product_cat":[227,228],"product_tag":[],"class_list":{"0":"post-5535","1":"product","2":"type-product","3":"status-publish","4":"has-post-thumbnail","6":"product_cat-tripodes-de-luz-2","7":"product_cat-tripodes-de-luz","9":"first","10":"instock","11":"shipping-taxable","12":"purchasable","13":"product-type-simple"},"_links":{"self":[{"href":"https:\/\/palmaequipmentrental.com\/es\/wp-json\/wp\/v2\/product\/5535","targetHints":{"allow":["GET"]}}],"collection":[{"href":"https:\/\/palmaequipmentrental.com\/es\/wp-json\/wp\/v2\/product"}],"about":[{"href":"https:\/\/palmaequipmentrental.com\/es\/wp-json\/wp\/v2\/types\/product"}],"wp:featuredmedia":[{"embeddable":true,"href":"https:\/\/palmaequipmentrental.com\/es\/wp-json\/wp\/v2\/media\/8807"}],"wp:attachment":[{"href":"https:\/\/palmaequipmentrental.com\/es\/wp-json\/wp\/v2\/media?parent=5535"}],"wp:term":[{"taxonomy":"product_cat","embeddable":true,"href":"https:\/\/palmaequipmentrental.com\/es\/wp-json\/wp\/v2\/product_cat?post=5535"},{"taxonomy":"product_tag","embeddable":true,"href":"https:\/\/palmaequipmentrental.com\/es\/wp-json\/wp\/v2\/product_tag?post=5535"}],"curies":[{"name":"wp","href":"https:\/\/api.w.org\/{rel}","templated":true}]}}