{"id":5538,"date":"2019-02-07T09:27:12","date_gmt":"2019-02-07T09:27:12","guid":{"rendered":"http:\/\/www.palmaequipmentrental.com\/?post_type=product&#038;p=5538"},"modified":"2023-10-12T13:14:57","modified_gmt":"2023-10-12T13:14:57","slug":"c-stand-40-lazy-leg","status":"publish","type":"product","link":"https:\/\/palmaequipmentrental.com\/es\/photo-video-equipment-mallorca\/c-stand-40-lazy-leg\/","title":{"rendered":"Tr\u00edpode Ceferino 40&#8243; Pata Deslizante"},"content":{"rendered":"<p>Nuestro Tr\u00edpode Ceferino (C-stand) 40&#8243; con Pata Ajustable incluye una Espada y una R\u00f3tula D200.<\/p>\n<p>Este C-Stand 40&#8243; de Avenger con Pata Deslizante (A2033L) cuenta con una construcci\u00f3n de acero cromado y una columna de 3 secciones con 2 elevadores. Presenta una pata deslizante para mantener el soporte estable en superficies irregulares.<\/p>\n<p>Este soporte tiene una capacidad m\u00e1xima de carga de 10 kg y una altura m\u00e1xima de 3,28 metros.<\/p>\n<dl id=\"collateral-tabs\" class=\"collateral-tabs\">\n<dd class=\"tab-container tab-description last current\">\n<div class=\"tab-content\"><\/div>\n<\/dd>\n<\/dl>\n<p>&nbsp;<\/p>\n<p>&nbsp;<\/p>\n<p>&nbsp;<\/p>\n","protected":false},"excerpt":{"rendered":"<p>Nuestro Tr\u00edpode Ceferino (C-stand) 40&#8243; con Pata Ajustable incluye una Espada y una R\u00f3tula D200. Este C-Stand 40&#8243; de Avenger con Pata Deslizante (A2033L) cuenta con una construcci\u00f3n de acero cromado y una columna de 3 secciones con 2 elevadores. Presenta una pata deslizante para mantener el soporte estable en superficies irregulares. Este soporte tiene una capacidad m\u00e1xima de carga [&hellip;]<\/p>\n","protected":false},"featured_media":8801,"template":"","meta":[],"product_cat":[227,228],"product_tag":[],"class_list":{"0":"post-5538","1":"product","2":"type-product","3":"status-publish","4":"has-post-thumbnail","6":"product_cat-tripodes-de-luz-2","7":"product_cat-tripodes-de-luz","9":"first","10":"instock","11":"shipping-taxable","12":"purchasable","13":"product-type-simple"},"_links":{"self":[{"href":"https:\/\/palmaequipmentrental.com\/es\/wp-json\/wp\/v2\/product\/5538","targetHints":{"allow":["GET"]}}],"collection":[{"href":"https:\/\/palmaequipmentrental.com\/es\/wp-json\/wp\/v2\/product"}],"about":[{"href":"https:\/\/palmaequipmentrental.com\/es\/wp-json\/wp\/v2\/types\/product"}],"wp:featuredmedia":[{"embeddable":true,"href":"https:\/\/palmaequipmentrental.com\/es\/wp-json\/wp\/v2\/media\/8801"}],"wp:attachment":[{"href":"https:\/\/palmaequipmentrental.com\/es\/wp-json\/wp\/v2\/media?parent=5538"}],"wp:term":[{"taxonomy":"product_cat","embeddable":true,"href":"https:\/\/palmaequipmentrental.com\/es\/wp-json\/wp\/v2\/product_cat?post=5538"},{"taxonomy":"product_tag","embeddable":true,"href":"https:\/\/palmaequipmentrental.com\/es\/wp-json\/wp\/v2\/product_tag?post=5538"}],"curies":[{"name":"wp","href":"https:\/\/api.w.org\/{rel}","templated":true}]}}