{"id":5567,"date":"2019-01-31T15:35:20","date_gmt":"2019-01-31T15:35:20","guid":{"rendered":"http:\/\/www.palmaequipmentrental.com\/product\/sincategorizar\/profoto-b1-battery\/"},"modified":"2024-01-11T11:17:54","modified_gmt":"2024-01-11T11:17:54","slug":"profoto-b1-battery","status":"publish","type":"product","link":"https:\/\/palmaequipmentrental.com\/es\/photo-video-equipment-mallorca\/profoto-b1-battery\/","title":{"rendered":"Profoto Bater\u00eda B1\/B1X"},"content":{"rendered":"<p>La bater\u00eda Li-Ion para B1 and B1X proporciona hasta 325 flashes a plena potencia y decenas de miles con menos potencia. Se carga en poco m\u00e1s de dos horas con el Battery Charger 2.8A est\u00e1ndar.<\/p>\n<h3 class=\"tab__content-subtitle\">Caracter\u00edsticas<\/h3>\n<ul>\n<li>Proporciona hasta 325 flashes a m\u00e1xima potencia.<\/li>\n<li>Se carga en poco m\u00e1s de dos horas con el Battery Charger 2.8A est\u00e1ndar.<\/li>\n<li>Se carga en poco m\u00e1s de una hora con el Battery Charger 4.5A r\u00e1pido.<\/li>\n<li>Se carga en tres horas con el Car Charger 1.8A conectado a un conector de 12\u00a0V.<\/li>\n<\/ul>\n","protected":false},"excerpt":{"rendered":"<p>La bater\u00eda Li-Ion para B1 and B1X proporciona hasta 325 flashes a plena potencia y decenas de miles con menos potencia. Se carga en poco m\u00e1s de dos horas con el Battery Charger 2.8A est\u00e1ndar. Caracter\u00edsticas Proporciona hasta 325 flashes a m\u00e1xima potencia. Se carga en poco m\u00e1s de dos horas con el Battery Charger 2.8A est\u00e1ndar. Se carga en [&hellip;]<\/p>\n","protected":false},"featured_media":5505,"template":"","meta":[],"product_cat":[389],"product_tag":[],"class_list":{"0":"post-5567","1":"product","2":"type-product","3":"status-publish","4":"has-post-thumbnail","6":"product_cat-baterias-cargadores","8":"first","9":"instock","10":"shipping-taxable","11":"purchasable","12":"product-type-simple"},"_links":{"self":[{"href":"https:\/\/palmaequipmentrental.com\/es\/wp-json\/wp\/v2\/product\/5567","targetHints":{"allow":["GET"]}}],"collection":[{"href":"https:\/\/palmaequipmentrental.com\/es\/wp-json\/wp\/v2\/product"}],"about":[{"href":"https:\/\/palmaequipmentrental.com\/es\/wp-json\/wp\/v2\/types\/product"}],"wp:featuredmedia":[{"embeddable":true,"href":"https:\/\/palmaequipmentrental.com\/es\/wp-json\/wp\/v2\/media\/5505"}],"wp:attachment":[{"href":"https:\/\/palmaequipmentrental.com\/es\/wp-json\/wp\/v2\/media?parent=5567"}],"wp:term":[{"taxonomy":"product_cat","embeddable":true,"href":"https:\/\/palmaequipmentrental.com\/es\/wp-json\/wp\/v2\/product_cat?post=5567"},{"taxonomy":"product_tag","embeddable":true,"href":"https:\/\/palmaequipmentrental.com\/es\/wp-json\/wp\/v2\/product_tag?post=5567"}],"curies":[{"name":"wp","href":"https:\/\/api.w.org\/{rel}","templated":true}]}}