{"id":5618,"date":"2019-04-08T15:11:23","date_gmt":"2019-04-08T15:11:23","guid":{"rendered":"https:\/\/www.palmaequipmentrental.com\/product\/sincategorizar\/pro-b10-250w-air-ttl\/"},"modified":"2023-10-11T14:46:50","modified_gmt":"2023-10-11T14:46:50","slug":"pro-b10-250w-air-ttl","status":"publish","type":"product","link":"https:\/\/palmaequipmentrental.com\/es\/photo-video-equipment-mallorca\/pro-b10-250w-air-ttl\/","title":{"rendered":"Profoto B10 250w Air TTL"},"content":{"rendered":"<p>El Profoto B10 tiene hasta cinco veces la potencia de un speedlight, pero con el tama\u00f1o de un objetivo de tama\u00f1o medio y Luz continua con color ajustable para v\u00eddeo.<\/p>\n<p>El B10, as\u00ed como la calidad de su luz, ofrece un mundo de posibilidades creativas. Pero que sea tan f\u00e1cil de usar es tambi\u00e9n muy importante. La interfaz sencilla y minimalista para que puedas empezar a disparar desde el primer momento. Las bater\u00edas se cambian de forma r\u00e1pida y sencilla y pueden cargarse mientras se est\u00e1n utilizando.<\/p>\n<p>Podr\u00e1s disparar y controlarlo f\u00e1cilmente y sin cables desde cualquier Air Remote de Profoto, el Profoto Connect o el Profoto A1X. Puedes disparar con TTL o pasar a manual en cualquier momento.<\/p>\n<p>La Profoto app te permite ver y controlar f\u00e1cilmente todos los ajustes del B10 y del B10 Plus en la palma de la mano, as\u00ed como instalar nuevas actualizaciones en cuesti\u00f3n de segundos.<\/p>\n<h3 class=\"tab__content-subtitle\">Caracter\u00edsticas<\/h3>\n<ul>\n<li>El tama\u00f1o y la forma de un objetivo de c\u00e1mara<\/li>\n<li>Ligero y sin cables<\/li>\n<li>Hasta cinco veces la potencia de un speedlight<\/li>\n<li>Luz continua con potencia y temperatura de color ajustables<\/li>\n<li>Flexibilidad para colocarlo en tr\u00edpodes de c\u00e1mara o soportes de flashes<\/li>\n<li>Compatibilidad con m\u00e1s de 120 Light Shaping Tools de Profoto, incluida la gama OCF<\/li>\n<li>Compatibilidad con todos los Air Remotes de Profoto, incluido el Profoto A1\/A1X<\/li>\n<li>Conectividad inteligente con la Profoto app<\/li>\n<\/ul>\n","protected":false},"excerpt":{"rendered":"<p>El Profoto B10 tiene hasta cinco veces la potencia de un speedlight, pero con el tama\u00f1o de un objetivo de tama\u00f1o medio y Luz continua con color ajustable para v\u00eddeo. El B10, as\u00ed como la calidad de su luz, ofrece un mundo de posibilidades creativas. Pero que sea tan f\u00e1cil de usar es tambi\u00e9n muy importante. La interfaz sencilla y [&hellip;]<\/p>\n","protected":false},"featured_media":5641,"template":"","meta":[],"product_cat":[396],"product_tag":[],"class_list":{"0":"post-5618","1":"product","2":"type-product","3":"status-publish","4":"has-post-thumbnail","6":"product_cat-monobloc","8":"first","9":"instock","10":"shipping-taxable","11":"purchasable","12":"product-type-simple"},"_links":{"self":[{"href":"https:\/\/palmaequipmentrental.com\/es\/wp-json\/wp\/v2\/product\/5618","targetHints":{"allow":["GET"]}}],"collection":[{"href":"https:\/\/palmaequipmentrental.com\/es\/wp-json\/wp\/v2\/product"}],"about":[{"href":"https:\/\/palmaequipmentrental.com\/es\/wp-json\/wp\/v2\/types\/product"}],"wp:featuredmedia":[{"embeddable":true,"href":"https:\/\/palmaequipmentrental.com\/es\/wp-json\/wp\/v2\/media\/5641"}],"wp:attachment":[{"href":"https:\/\/palmaequipmentrental.com\/es\/wp-json\/wp\/v2\/media?parent=5618"}],"wp:term":[{"taxonomy":"product_cat","embeddable":true,"href":"https:\/\/palmaequipmentrental.com\/es\/wp-json\/wp\/v2\/product_cat?post=5618"},{"taxonomy":"product_tag","embeddable":true,"href":"https:\/\/palmaequipmentrental.com\/es\/wp-json\/wp\/v2\/product_tag?post=5618"}],"curies":[{"name":"wp","href":"https:\/\/api.w.org\/{rel}","templated":true}]}}