{"id":5621,"date":"2019-04-08T15:17:43","date_gmt":"2019-04-08T15:17:43","guid":{"rendered":"https:\/\/www.palmaequipmentrental.com\/?post_type=product&#038;p=5621"},"modified":"2024-01-11T11:16:08","modified_gmt":"2024-01-11T11:16:08","slug":"pro-b10-battery","status":"publish","type":"product","link":"https:\/\/palmaequipmentrental.com\/es\/photo-video-equipment-mallorca\/pro-b10-battery\/","title":{"rendered":"Profoto Bater\u00eda Li-Ion B10\/B10X"},"content":{"rendered":"<p>Bater\u00eda de repuesto Li-Ion para el B10 y el B10X Plus<\/p>\n<p>Cuando est\u00e9 completamente cargada, dispondr\u00e1s de 400 flashes adicionales a plena potencia con el B10 y 200 con el B10 Plus. La bater\u00eda puede colocarse y quitarse del B10 y el B10 Plus en cuesti\u00f3n de segundos y su indicador de nivel de carga permite comprobar la carga con facilidad. La bater\u00eda puede recargarse r\u00e1pidamente con el Profoto Battery Charger 3A y todas nuestras bater\u00edas cuentan con certificaci\u00f3n de la ONU, as\u00ed que las puedes llevar como equipaje de mano a cualquier destino. Tienes toda la documentaci\u00f3n que necesitas en la pesta\u00f1a de descargas.<\/p>\n<h3 class=\"tab__content-subtitle\">Caracter\u00edsticas<\/h3>\n<ul>\n<li>Se monta y desmonta en segundos<\/li>\n<li>Tecnolog\u00eda de bater\u00eda de iones de litio<\/li>\n<li>Ofrece hasta 400 flashes a plena potencia con el Profoto B10<\/li>\n<li>Ofrece hasta 200 flashes a plena potencia con el Profoto B10 Plus<\/li>\n<li>Indicador del nivel de carga en la bater\u00eda<\/li>\n<li>Se carga en 90 minutos con el Battery Charger para 3A<\/li>\n<li>Puede recargarse desde cualquier nivel de carga<\/li>\n<li>Puede cargarse mientras se usa<\/li>\n<\/ul>\n","protected":false},"excerpt":{"rendered":"<p>Bater\u00eda de repuesto Li-Ion para el B10 y el B10X Plus Cuando est\u00e9 completamente cargada, dispondr\u00e1s de 400 flashes adicionales a plena potencia con el B10 y 200 con el B10 Plus. La bater\u00eda puede colocarse y quitarse del B10 y el B10 Plus en cuesti\u00f3n de segundos y su indicador de nivel de carga permite comprobar la carga con [&hellip;]<\/p>\n","protected":false},"featured_media":5647,"template":"","meta":[],"product_cat":[389],"product_tag":[],"class_list":{"0":"post-5621","1":"product","2":"type-product","3":"status-publish","4":"has-post-thumbnail","6":"product_cat-baterias-cargadores","8":"first","9":"instock","10":"shipping-taxable","11":"purchasable","12":"product-type-simple"},"_links":{"self":[{"href":"https:\/\/palmaequipmentrental.com\/es\/wp-json\/wp\/v2\/product\/5621","targetHints":{"allow":["GET"]}}],"collection":[{"href":"https:\/\/palmaequipmentrental.com\/es\/wp-json\/wp\/v2\/product"}],"about":[{"href":"https:\/\/palmaequipmentrental.com\/es\/wp-json\/wp\/v2\/types\/product"}],"wp:featuredmedia":[{"embeddable":true,"href":"https:\/\/palmaequipmentrental.com\/es\/wp-json\/wp\/v2\/media\/5647"}],"wp:attachment":[{"href":"https:\/\/palmaequipmentrental.com\/es\/wp-json\/wp\/v2\/media?parent=5621"}],"wp:term":[{"taxonomy":"product_cat","embeddable":true,"href":"https:\/\/palmaequipmentrental.com\/es\/wp-json\/wp\/v2\/product_cat?post=5621"},{"taxonomy":"product_tag","embeddable":true,"href":"https:\/\/palmaequipmentrental.com\/es\/wp-json\/wp\/v2\/product_tag?post=5621"}],"curies":[{"name":"wp","href":"https:\/\/api.w.org\/{rel}","templated":true}]}}