{"id":5624,"date":"2019-04-08T15:21:51","date_gmt":"2019-04-08T15:21:51","guid":{"rendered":"https:\/\/www.palmaequipmentrental.com\/product\/sincategorizar\/pro-b10-batterycharger\/"},"modified":"2024-01-11T11:12:37","modified_gmt":"2024-01-11T11:12:37","slug":"pro-b10-batterycharger","status":"publish","type":"product","link":"https:\/\/palmaequipmentrental.com\/es\/photo-video-equipment-mallorca\/pro-b10-batterycharger\/","title":{"rendered":"Profoto Cargador Bater\u00eda B10\/B10X"},"content":{"rendered":"<p>Cargador de bater\u00eda est\u00e1ndar para bater\u00eda Li-Ion para Profoto B10\/B10X. Recarga la bater\u00eda del B10 en menos de 90 minutos. Un indicador LED te avisar\u00e1 cuando la carga est\u00e9 lista. El cargador tambi\u00e9n puede conectarse a la bater\u00eda del Profoto B10 para prolongar el tiempo de funcionamiento de la bater\u00eda si se utiliza el Profoto B10 en el estudio. Una correa de velcro en el cargador te permite engancharlo al tr\u00edpode.<\/p>\n<p><strong>Caracter\u00edsticas<\/strong><\/p>\n<div class=\"col-12 col-md-6 tab__multicolumn-second\">\n<ul>\n<li>Carga la bater\u00eda del B10 en menos de 90 minutos.<\/li>\n<li>Carga la bater\u00eda del B10 al 80% en menos de 60 minutos.<\/li>\n<li>Puede conectarse a la bater\u00eda del Profoto B10 para prolongar el tiempo de funcionamiento.<\/li>\n<\/ul>\n<\/div>\n<p>&nbsp;<\/p>\n<p>&nbsp;<\/p>\n<p>&nbsp;<\/p>\n<p class=\"MsoNormal\"><span style=\"line-height: normal;\">\u00a0<\/span><\/p>\n<div><\/div>\n<p class=\"MsoNormal\" style=\"mso-margin-top-alt: auto; mso-margin-bottom-alt: auto; line-height: normal;\"><span style=\"font-family: Tahoma, sans-serif; color: #a6a6a6;\">\u00a0<\/span><\/p>\n<p>&nbsp;<\/p>\n","protected":false},"excerpt":{"rendered":"<p>Cargador de bater\u00eda est\u00e1ndar para bater\u00eda Li-Ion para Profoto B10\/B10X. Recarga la bater\u00eda del B10 en menos de 90 minutos. Un indicador LED te avisar\u00e1 cuando la carga est\u00e9 lista. El cargador tambi\u00e9n puede conectarse a la bater\u00eda del Profoto B10 para prolongar el tiempo de funcionamiento de la bater\u00eda si se utiliza el Profoto B10 en el estudio. Una [&hellip;]<\/p>\n","protected":false},"featured_media":5662,"template":"","meta":[],"product_cat":[389],"product_tag":[],"class_list":{"0":"post-5624","1":"product","2":"type-product","3":"status-publish","4":"has-post-thumbnail","6":"product_cat-baterias-cargadores","8":"first","9":"instock","10":"shipping-taxable","11":"purchasable","12":"product-type-simple"},"_links":{"self":[{"href":"https:\/\/palmaequipmentrental.com\/es\/wp-json\/wp\/v2\/product\/5624","targetHints":{"allow":["GET"]}}],"collection":[{"href":"https:\/\/palmaequipmentrental.com\/es\/wp-json\/wp\/v2\/product"}],"about":[{"href":"https:\/\/palmaequipmentrental.com\/es\/wp-json\/wp\/v2\/types\/product"}],"wp:featuredmedia":[{"embeddable":true,"href":"https:\/\/palmaequipmentrental.com\/es\/wp-json\/wp\/v2\/media\/5662"}],"wp:attachment":[{"href":"https:\/\/palmaequipmentrental.com\/es\/wp-json\/wp\/v2\/media?parent=5624"}],"wp:term":[{"taxonomy":"product_cat","embeddable":true,"href":"https:\/\/palmaequipmentrental.com\/es\/wp-json\/wp\/v2\/product_cat?post=5624"},{"taxonomy":"product_tag","embeddable":true,"href":"https:\/\/palmaequipmentrental.com\/es\/wp-json\/wp\/v2\/product_tag?post=5624"}],"curies":[{"name":"wp","href":"https:\/\/api.w.org\/{rel}","templated":true}]}}