{"id":5627,"date":"2019-04-08T15:30:40","date_gmt":"2019-04-08T15:30:40","guid":{"rendered":"https:\/\/www.palmaequipmentrental.com\/product\/sincategorizar\/softbox-ocf-2-octa\/"},"modified":"2023-10-11T14:43:48","modified_gmt":"2023-10-11T14:43:48","slug":"softbox-ocf-2-octa","status":"publish","type":"product","link":"https:\/\/palmaequipmentrental.com\/es\/photo-video-equipment-mallorca\/softbox-ocf-2-octa\/","title":{"rendered":"Profoto OCF 2&#8242; Softbox Octa 60cm"},"content":{"rendered":"<p>Las OCF Softboxes crean una luz suave y favorecedora; adem\u00e1s, est\u00e1n dise\u00f1adas para un uso r\u00e1pido y sencillo en localizaciones. Fabricadas a partir de un material exclusivo, son ligeras y f\u00e1ciles de plegar y desplegar, lo que las hace muy compactas y portables, para que las lleves en tu bolsa de iluminaci\u00f3n a las localizaciones.<\/p>\n<div class=\"col-12 col-md-6 tab__multicolumn-second\">\n<p>La<strong> OCF Softbox 2&#8242; Octa 60cm<\/strong> resulta perfecta para la fotograf\u00eda de retratos, gracias a su forma circular, que genera un atractivo reflejo en el ojo del sujeto con un aspecto muy natural. Adem\u00e1s, la forma Octa ofrece unos bordes igualmente suaves o marcados en todas sus caras.<\/p>\n<p>Importante:<br \/>\nS\u00f3lo recomendado para los Off-camera flashes de Profoto con luz de modelado LED. No debe utilizarse con flashes compactos o antorchas est\u00e1ndar.<\/p>\n<h3 class=\"tab__content-subtitle\">Caracter\u00edsticas<\/h3>\n<ul>\n<li>Crea una luz suave y favorecedora.<\/li>\n<li>Las varillas codificadas por color y los difusores fijos permiten realizar una instalaci\u00f3n r\u00e1pida y f\u00e1cil.<\/li>\n<li>Compacta y ligera.<\/li>\n<li>Util\u00edzala con un softgrid opcional para lograr un modelado de la luz a\u00fan m\u00e1s preciso.<\/li>\n<\/ul>\n<\/div>\n","protected":false},"excerpt":{"rendered":"<p>Las OCF Softboxes crean una luz suave y favorecedora; adem\u00e1s, est\u00e1n dise\u00f1adas para un uso r\u00e1pido y sencillo en localizaciones. Fabricadas a partir de un material exclusivo, son ligeras y f\u00e1ciles de plegar y desplegar, lo que las hace muy compactas y portables, para que las lleves en tu bolsa de iluminaci\u00f3n a las localizaciones. La OCF Softbox 2&#8242; Octa [&hellip;]<\/p>\n","protected":false},"featured_media":5656,"template":"","meta":[],"product_cat":[787,235],"product_tag":[],"class_list":{"0":"post-5627","1":"product","2":"type-product","3":"status-publish","4":"has-post-thumbnail","6":"product_cat-ocf-modeladores-de-luz","7":"product_cat-ventanas-softboxes","9":"first","10":"instock","11":"shipping-taxable","12":"purchasable","13":"product-type-simple"},"_links":{"self":[{"href":"https:\/\/palmaequipmentrental.com\/es\/wp-json\/wp\/v2\/product\/5627","targetHints":{"allow":["GET"]}}],"collection":[{"href":"https:\/\/palmaequipmentrental.com\/es\/wp-json\/wp\/v2\/product"}],"about":[{"href":"https:\/\/palmaequipmentrental.com\/es\/wp-json\/wp\/v2\/types\/product"}],"wp:featuredmedia":[{"embeddable":true,"href":"https:\/\/palmaequipmentrental.com\/es\/wp-json\/wp\/v2\/media\/5656"}],"wp:attachment":[{"href":"https:\/\/palmaequipmentrental.com\/es\/wp-json\/wp\/v2\/media?parent=5627"}],"wp:term":[{"taxonomy":"product_cat","embeddable":true,"href":"https:\/\/palmaequipmentrental.com\/es\/wp-json\/wp\/v2\/product_cat?post=5627"},{"taxonomy":"product_tag","embeddable":true,"href":"https:\/\/palmaequipmentrental.com\/es\/wp-json\/wp\/v2\/product_tag?post=5627"}],"curies":[{"name":"wp","href":"https:\/\/api.w.org\/{rel}","templated":true}]}}