{"id":5630,"date":"2019-04-08T15:39:44","date_gmt":"2019-04-08T15:39:44","guid":{"rendered":"https:\/\/www.palmaequipmentrental.com\/?post_type=product&#038;p=5630"},"modified":"2023-10-11T14:43:13","modified_gmt":"2023-10-11T14:43:13","slug":"ocf-speedring","status":"publish","type":"product","link":"https:\/\/palmaequipmentrental.com\/es\/photo-video-equipment-mallorca\/ocf-speedring\/","title":{"rendered":"Profoto OCF Speedring"},"content":{"rendered":"<p>El Profoto OCF Speedring se utiliza para montar una OCF Softbox o un OCF Beauty Dish en tu off-camera flash. No es un speedring para todos los d\u00edas. No solo es m\u00e1s compacto y ligero, sino que su dise\u00f1o (pendiente de patente) te permite fijarlo a presi\u00f3n sobre la softbox o el Beauty Dish sin tener que tocar o doblar las varillas, mientras que los pr\u00e1cticos c\u00f3digos de color muestran exactamente c\u00f3mo debes ensamblar la unidad.<\/p>\n<p>El cl\u00e1sico collar con cierre de goma de Profoto facilita el montaje del OCF Speedring en el off-camera flash.<\/p>\n<h3 class=\"tab__content-subtitle\">Caracter\u00edsticas<\/h3>\n<ul>\n<li>Te permite montar las OCF Softboxes y los OCF Beauty Dishes en cualquier Off-camera flash de Profoto.<\/li>\n<li>Compacta y ligera.<\/li>\n<li>Su dise\u00f1o (pendiente de patente) te permite fijarlo a presi\u00f3n sobre la softbox de una manera incre\u00edblemente r\u00e1pida y f\u00e1cil.<\/li>\n<li>Con orificios codificados por color que permiten realizar una instalaci\u00f3n r\u00e1pida y sencilla.<\/li>\n<li>El cl\u00e1sico collar con cierre de goma de Profoto te permite rotar 360\u00ba el speedring y la softbox.<\/li>\n<li>Se ha dise\u00f1ado para durar muchos a\u00f1os con un uso diario.<\/li>\n<\/ul>\n","protected":false},"excerpt":{"rendered":"<p>El Profoto OCF Speedring se utiliza para montar una OCF Softbox o un OCF Beauty Dish en tu off-camera flash. No es un speedring para todos los d\u00edas. No solo es m\u00e1s compacto y ligero, sino que su dise\u00f1o (pendiente de patente) te permite fijarlo a presi\u00f3n sobre la softbox o el Beauty Dish sin tener que tocar o doblar [&hellip;]<\/p>\n","protected":false},"featured_media":5665,"template":"","meta":[],"product_cat":[787,235],"product_tag":[],"class_list":{"0":"post-5630","1":"product","2":"type-product","3":"status-publish","4":"has-post-thumbnail","6":"product_cat-ocf-modeladores-de-luz","7":"product_cat-ventanas-softboxes","9":"first","10":"instock","11":"shipping-taxable","12":"purchasable","13":"product-type-simple"},"_links":{"self":[{"href":"https:\/\/palmaequipmentrental.com\/es\/wp-json\/wp\/v2\/product\/5630","targetHints":{"allow":["GET"]}}],"collection":[{"href":"https:\/\/palmaequipmentrental.com\/es\/wp-json\/wp\/v2\/product"}],"about":[{"href":"https:\/\/palmaequipmentrental.com\/es\/wp-json\/wp\/v2\/types\/product"}],"wp:featuredmedia":[{"embeddable":true,"href":"https:\/\/palmaequipmentrental.com\/es\/wp-json\/wp\/v2\/media\/5665"}],"wp:attachment":[{"href":"https:\/\/palmaequipmentrental.com\/es\/wp-json\/wp\/v2\/media?parent=5630"}],"wp:term":[{"taxonomy":"product_cat","embeddable":true,"href":"https:\/\/palmaequipmentrental.com\/es\/wp-json\/wp\/v2\/product_cat?post=5630"},{"taxonomy":"product_tag","embeddable":true,"href":"https:\/\/palmaequipmentrental.com\/es\/wp-json\/wp\/v2\/product_tag?post=5630"}],"curies":[{"name":"wp","href":"https:\/\/api.w.org\/{rel}","templated":true}]}}