{"id":5712,"date":"2019-10-14T13:48:09","date_gmt":"2019-10-14T13:48:09","guid":{"rendered":"https:\/\/www.palmaequipmentrental.com\/?post_type=product&#038;p=5712"},"modified":"2023-10-11T17:53:01","modified_gmt":"2023-10-11T17:53:01","slug":"pro-a1x-soft-bounce","status":"publish","type":"product","link":"https:\/\/palmaequipmentrental.com\/es\/photo-video-equipment-mallorca\/pro-a1x-soft-bounce\/","title":{"rendered":"Profoto Soft Bounce"},"content":{"rendered":"<p>Hay veces en las que no hay una pared cerca para reflejar la luz o es posible que la pared tenga vivos colores que afecten al color o a la incidencia que la luz tiene en el sujeto. La herramienta Soft Bounce para los flashes A1X y A1 integrados es perfecta para hacer retratos, ya que la luz que proporciona es suave y agradable. Igualmente, proporciona al rostro unos atractivos contornos. Resumiendo, se acabaron las fotos feas.<\/p>\n<p>La herramienta Soft Bounce es incre\u00edblemente ligera, as\u00ed que no es un engorro transportarla durante los d\u00edas m\u00e1s largos y se despliega de forma autom\u00e1tica. Puedes instalarla f\u00e1cilmente en la montura magn\u00e9tica y se puede combinar con otras Light Shaping Tools del A10, A1X y A1. Gracias a esta opci\u00f3n, podr\u00e1s ser incre\u00edblemente creativo con la iluminaci\u00f3n.<\/p>\n<h3 class=\"tab__content-subtitle\">Caracter\u00edsticas<\/h3>\n<ul>\n<li>Crea una luz suave y favorecedora, perfecta para retratos.<\/li>\n<li>Se puede colocar y quitar f\u00e1cilmente de la montura magn\u00e9tica de los flashes A10, A1X y A1.<\/li>\n<li>Se puede plegar y desplegar f\u00e1cilmente una y otra vez.<\/li>\n<li>Puede usarse con otros modificadores del A10, A1X y A1.<\/li>\n<\/ul>\n<p>Va guardado en una bolsa protectora.<\/p>\n","protected":false},"excerpt":{"rendered":"<p>Hay veces en las que no hay una pared cerca para reflejar la luz o es posible que la pared tenga vivos colores que afecten al color o a la incidencia que la luz tiene en el sujeto. La herramienta Soft Bounce para los flashes A1X y A1 integrados es perfecta para hacer retratos, ya que la luz que proporciona [&hellip;]<\/p>\n","protected":false},"featured_media":5829,"template":"","meta":[],"product_cat":[789],"product_tag":[],"class_list":{"0":"post-5712","1":"product","2":"type-product","3":"status-publish","4":"has-post-thumbnail","6":"product_cat-click-modeladores-de-luz","8":"first","9":"instock","10":"shipping-taxable","11":"purchasable","12":"product-type-simple"},"_links":{"self":[{"href":"https:\/\/palmaequipmentrental.com\/es\/wp-json\/wp\/v2\/product\/5712","targetHints":{"allow":["GET"]}}],"collection":[{"href":"https:\/\/palmaequipmentrental.com\/es\/wp-json\/wp\/v2\/product"}],"about":[{"href":"https:\/\/palmaequipmentrental.com\/es\/wp-json\/wp\/v2\/types\/product"}],"wp:featuredmedia":[{"embeddable":true,"href":"https:\/\/palmaequipmentrental.com\/es\/wp-json\/wp\/v2\/media\/5829"}],"wp:attachment":[{"href":"https:\/\/palmaequipmentrental.com\/es\/wp-json\/wp\/v2\/media?parent=5712"}],"wp:term":[{"taxonomy":"product_cat","embeddable":true,"href":"https:\/\/palmaequipmentrental.com\/es\/wp-json\/wp\/v2\/product_cat?post=5712"},{"taxonomy":"product_tag","embeddable":true,"href":"https:\/\/palmaequipmentrental.com\/es\/wp-json\/wp\/v2\/product_tag?post=5712"}],"curies":[{"name":"wp","href":"https:\/\/api.w.org\/{rel}","templated":true}]}}