{"id":5715,"date":"2019-10-14T13:50:56","date_gmt":"2019-10-14T13:50:56","guid":{"rendered":"https:\/\/www.palmaequipmentrental.com\/?post_type=product&#038;p=5715"},"modified":"2023-10-11T17:43:25","modified_gmt":"2023-10-11T17:43:25","slug":"pro-a1x-wide-lens","status":"publish","type":"product","link":"https:\/\/palmaequipmentrental.com\/es\/photo-video-equipment-mallorca\/pro-a1x-wide-lens\/","title":{"rendered":"Profoto Wide Lens"},"content":{"rendered":"<p>El Wide Lens te permitir\u00e1 esparcir la luz del A10, A1X o el A1, lo que la convierte en una herramienta ideal al usar lentes de gran angular. Pero lo que realmente hace \u00fanica a la herramienta Wide Lens es que la puedes combinar con la funci\u00f3n del zoom para ajustar la dispersi\u00f3n de la luz. Gracias a esta opci\u00f3n, el usuario puede crear una luz agradable y amplia, perfecta para realizar retratos de grupo.<\/p>\n<p>Puedes acoplarla f\u00e1cilmente en la montura magn\u00e9tica y se puede combinar con otras Light Shaping Tools del A1X y A1 como, por ejemplo, los filtros de gel. Gracias a esta opci\u00f3n, podr\u00e1s ser incre\u00edblemente creativo con la iluminaci\u00f3n.<\/p>\n<h3 class=\"tab__content-subtitle\">Caracter\u00edsticas<\/h3>\n<ul>\n<li>Crea una amplia luz ideal para los retratos en grupo.<\/li>\n<li>Se puede colocar y quitar f\u00e1cilmente de la montura magn\u00e9tica de los flashes A1X y A1.<\/li>\n<li>Puede usarse con otros modificadores del A1X y A1.<\/li>\n<li>Ligera y portable.<\/li>\n<\/ul>\n","protected":false},"excerpt":{"rendered":"<p>El Wide Lens te permitir\u00e1 esparcir la luz del A10, A1X o el A1, lo que la convierte en una herramienta ideal al usar lentes de gran angular. Pero lo que realmente hace \u00fanica a la herramienta Wide Lens es que la puedes combinar con la funci\u00f3n del zoom para ajustar la dispersi\u00f3n de la luz. Gracias a esta opci\u00f3n, [&hellip;]<\/p>\n","protected":false},"featured_media":5838,"template":"","meta":[],"product_cat":[789],"product_tag":[],"class_list":{"0":"post-5715","1":"product","2":"type-product","3":"status-publish","4":"has-post-thumbnail","6":"product_cat-click-modeladores-de-luz","8":"first","9":"instock","10":"shipping-taxable","11":"purchasable","12":"product-type-simple"},"_links":{"self":[{"href":"https:\/\/palmaequipmentrental.com\/es\/wp-json\/wp\/v2\/product\/5715","targetHints":{"allow":["GET"]}}],"collection":[{"href":"https:\/\/palmaequipmentrental.com\/es\/wp-json\/wp\/v2\/product"}],"about":[{"href":"https:\/\/palmaequipmentrental.com\/es\/wp-json\/wp\/v2\/types\/product"}],"wp:featuredmedia":[{"embeddable":true,"href":"https:\/\/palmaequipmentrental.com\/es\/wp-json\/wp\/v2\/media\/5838"}],"wp:attachment":[{"href":"https:\/\/palmaequipmentrental.com\/es\/wp-json\/wp\/v2\/media?parent=5715"}],"wp:term":[{"taxonomy":"product_cat","embeddable":true,"href":"https:\/\/palmaequipmentrental.com\/es\/wp-json\/wp\/v2\/product_cat?post=5715"},{"taxonomy":"product_tag","embeddable":true,"href":"https:\/\/palmaequipmentrental.com\/es\/wp-json\/wp\/v2\/product_tag?post=5715"}],"curies":[{"name":"wp","href":"https:\/\/api.w.org\/{rel}","templated":true}]}}