{"id":5718,"date":"2019-10-14T13:55:58","date_gmt":"2019-10-14T13:55:58","guid":{"rendered":"https:\/\/www.palmaequipmentrental.com\/?post_type=product&#038;p=5718"},"modified":"2024-01-16T18:22:01","modified_gmt":"2024-01-16T18:22:01","slug":"pro-a1x-li-ion-battery","status":"publish","type":"product","link":"https:\/\/palmaequipmentrental.com\/es\/photo-video-equipment-mallorca\/pro-a1x-li-ion-battery\/","title":{"rendered":"Profoto Bater\u00eda Li-Ion A1\/A1X\/A10"},"content":{"rendered":"<p>Bater\u00eda de repuesto para el A1X, A1 y A10<br \/>\nCaracter\u00edsticas<\/p>\n<h3 class=\"tab__content-subtitle\">Caracter\u00edsticas<\/h3>\n<ul>\n<li>Proporciona hasta 450 flashes a m\u00e1xima potencia.<\/li>\n<li>Dura cuatro veces m\u00e1s que las pilas AA.<\/li>\n<li>Montura magn\u00e9tica (patente en tr\u00e1mite) para las Light Shaping Tools del A1X.<\/li>\n<li>Se carga en 115 minutos con el Cargador para bater\u00edas A1X.<\/li>\n<\/ul>\n","protected":false},"excerpt":{"rendered":"<p>Bater\u00eda de repuesto para el A1X, A1 y A10 Caracter\u00edsticas Caracter\u00edsticas Proporciona hasta 450 flashes a m\u00e1xima potencia. Dura cuatro veces m\u00e1s que las pilas AA. Montura magn\u00e9tica (patente en tr\u00e1mite) para las Light Shaping Tools del A1X. Se carga en 115 minutos con el Cargador para bater\u00edas A1X.<\/p>\n","protected":false},"featured_media":5823,"template":"","meta":[],"product_cat":[389],"product_tag":[],"class_list":{"0":"post-5718","1":"product","2":"type-product","3":"status-publish","4":"has-post-thumbnail","6":"product_cat-baterias-cargadores","8":"first","9":"instock","10":"shipping-taxable","11":"purchasable","12":"product-type-simple"},"_links":{"self":[{"href":"https:\/\/palmaequipmentrental.com\/es\/wp-json\/wp\/v2\/product\/5718","targetHints":{"allow":["GET"]}}],"collection":[{"href":"https:\/\/palmaequipmentrental.com\/es\/wp-json\/wp\/v2\/product"}],"about":[{"href":"https:\/\/palmaequipmentrental.com\/es\/wp-json\/wp\/v2\/types\/product"}],"wp:featuredmedia":[{"embeddable":true,"href":"https:\/\/palmaequipmentrental.com\/es\/wp-json\/wp\/v2\/media\/5823"}],"wp:attachment":[{"href":"https:\/\/palmaequipmentrental.com\/es\/wp-json\/wp\/v2\/media?parent=5718"}],"wp:term":[{"taxonomy":"product_cat","embeddable":true,"href":"https:\/\/palmaequipmentrental.com\/es\/wp-json\/wp\/v2\/product_cat?post=5718"},{"taxonomy":"product_tag","embeddable":true,"href":"https:\/\/palmaequipmentrental.com\/es\/wp-json\/wp\/v2\/product_tag?post=5718"}],"curies":[{"name":"wp","href":"https:\/\/api.w.org\/{rel}","templated":true}]}}