{"id":5721,"date":"2019-10-14T13:57:47","date_gmt":"2019-10-14T13:57:47","guid":{"rendered":"https:\/\/www.palmaequipmentrental.com\/?post_type=product&#038;p=5721"},"modified":"2024-01-16T18:11:58","modified_gmt":"2024-01-16T18:11:58","slug":"pro-a1x-battery-charger","status":"publish","type":"product","link":"https:\/\/palmaequipmentrental.com\/es\/photo-video-equipment-mallorca\/pro-a1x-battery-charger\/","title":{"rendered":"Profoto Cargador A1\/A1X\/A10"},"content":{"rendered":"<p>Cargador est\u00e1ndar para bater\u00edas del A10, A1X y A1.<\/p>\n<h3 class=\"tab__content-subtitle\">Caracter\u00edsticas<\/h3>\n<ul>\n<li>Carga la bater\u00eda de iones de litio del A10, A1X y A1 en 80 minutos.<\/li>\n<\/ul>\n","protected":false},"excerpt":{"rendered":"<p>Cargador est\u00e1ndar para bater\u00edas del A10, A1X y A1. Caracter\u00edsticas Carga la bater\u00eda de iones de litio del A10, A1X y A1 en 80 minutos.<\/p>\n","protected":false},"featured_media":5841,"template":"","meta":[],"product_cat":[389],"product_tag":[],"class_list":{"0":"post-5721","1":"product","2":"type-product","3":"status-publish","4":"has-post-thumbnail","6":"product_cat-baterias-cargadores","8":"first","9":"instock","10":"shipping-taxable","11":"purchasable","12":"product-type-simple"},"_links":{"self":[{"href":"https:\/\/palmaequipmentrental.com\/es\/wp-json\/wp\/v2\/product\/5721","targetHints":{"allow":["GET"]}}],"collection":[{"href":"https:\/\/palmaequipmentrental.com\/es\/wp-json\/wp\/v2\/product"}],"about":[{"href":"https:\/\/palmaequipmentrental.com\/es\/wp-json\/wp\/v2\/types\/product"}],"wp:featuredmedia":[{"embeddable":true,"href":"https:\/\/palmaequipmentrental.com\/es\/wp-json\/wp\/v2\/media\/5841"}],"wp:attachment":[{"href":"https:\/\/palmaequipmentrental.com\/es\/wp-json\/wp\/v2\/media?parent=5721"}],"wp:term":[{"taxonomy":"product_cat","embeddable":true,"href":"https:\/\/palmaequipmentrental.com\/es\/wp-json\/wp\/v2\/product_cat?post=5721"},{"taxonomy":"product_tag","embeddable":true,"href":"https:\/\/palmaequipmentrental.com\/es\/wp-json\/wp\/v2\/product_tag?post=5721"}],"curies":[{"name":"wp","href":"https:\/\/api.w.org\/{rel}","templated":true}]}}