{"id":5765,"date":"2019-09-10T15:49:02","date_gmt":"2019-09-10T15:49:02","guid":{"rendered":"https:\/\/www.palmaequipmentrental.com\/product\/sincategorizar\/rode-ntg-2-shotgun-mic\/"},"modified":"2023-01-24T11:40:50","modified_gmt":"2023-01-24T11:40:50","slug":"rode-ntg-2-shotgun-mic","status":"publish","type":"product","link":"https:\/\/palmaequipmentrental.com\/es\/photo-video-equipment-mallorca\/rode-ntg-2-shotgun-mic\/","title":{"rendered":"Rode NTG-2 Micr\u00f3fono"},"content":{"rendered":"<p><strong>Micr\u00f3fono de ca\u00f1\u00f3n Rode NTG2<\/strong><\/p>\n<p>El Rode NTG2 es un micr\u00f3fono de ca\u00f1\u00f3n ligero con condensador y doble alimentaci\u00f3n, dise\u00f1ado para aplicaciones profesionales en cine, v\u00eddeo, televisi\u00f3n y producci\u00f3n. Su respuesta de frecuencia completa, bajo ruido y transparencia de audio lo convierten en un micr\u00f3fono ideal para cine, v\u00eddeo y locuci\u00f3n.<\/p>\n<p><strong>Caracter\u00edsticas<\/strong><\/p>\n<ul>\n<li>Filtro de paso alto de dos pasos (plano\/80 Hz)<\/li>\n<li>Calidad de sonido broadcast<\/li>\n<li>Peso ligero (161 g)<\/li>\n<li>Funciona con alimentaci\u00f3n fantasma P48 o con pilas AA de 1,5 V<\/li>\n<li>Altamente direccional<\/li>\n<\/ul>\n","protected":false},"excerpt":{"rendered":"<p>Micr\u00f3fono de ca\u00f1\u00f3n Rode NTG2 El Rode NTG2 es un micr\u00f3fono de ca\u00f1\u00f3n ligero con condensador y doble alimentaci\u00f3n, dise\u00f1ado para aplicaciones profesionales en cine, v\u00eddeo, televisi\u00f3n y producci\u00f3n. Su respuesta de frecuencia completa, bajo ruido y transparencia de audio lo convierten en un micr\u00f3fono ideal para cine, v\u00eddeo y locuci\u00f3n. Caracter\u00edsticas Filtro de paso alto de dos pasos (plano\/80 [&hellip;]<\/p>\n","protected":false},"featured_media":5701,"template":"","meta":[],"product_cat":[199],"product_tag":[],"class_list":{"0":"post-5765","1":"product","2":"type-product","3":"status-publish","4":"has-post-thumbnail","6":"product_cat-audio-es","8":"first","9":"instock","10":"shipping-taxable","11":"purchasable","12":"product-type-simple"},"_links":{"self":[{"href":"https:\/\/palmaequipmentrental.com\/es\/wp-json\/wp\/v2\/product\/5765","targetHints":{"allow":["GET"]}}],"collection":[{"href":"https:\/\/palmaequipmentrental.com\/es\/wp-json\/wp\/v2\/product"}],"about":[{"href":"https:\/\/palmaequipmentrental.com\/es\/wp-json\/wp\/v2\/types\/product"}],"wp:featuredmedia":[{"embeddable":true,"href":"https:\/\/palmaequipmentrental.com\/es\/wp-json\/wp\/v2\/media\/5701"}],"wp:attachment":[{"href":"https:\/\/palmaequipmentrental.com\/es\/wp-json\/wp\/v2\/media?parent=5765"}],"wp:term":[{"taxonomy":"product_cat","embeddable":true,"href":"https:\/\/palmaequipmentrental.com\/es\/wp-json\/wp\/v2\/product_cat?post=5765"},{"taxonomy":"product_tag","embeddable":true,"href":"https:\/\/palmaequipmentrental.com\/es\/wp-json\/wp\/v2\/product_tag?post=5765"}],"curies":[{"name":"wp","href":"https:\/\/api.w.org\/{rel}","templated":true}]}}