{"id":5769,"date":"2019-02-05T17:03:04","date_gmt":"2019-02-05T17:03:04","guid":{"rendered":"https:\/\/www.palmaequipmentrental.com\/product\/sincategorizar\/headphones-audio-technica-m40x\/"},"modified":"2023-01-24T10:54:56","modified_gmt":"2023-01-24T10:54:56","slug":"headphones-audio-technica-m40x","status":"publish","type":"product","link":"https:\/\/palmaequipmentrental.com\/es\/photo-video-equipment-mallorca\/headphones-audio-technica-m40x\/","title":{"rendered":"Auriculares ATH-M40x"},"content":{"rendered":"<p>Los auriculares de monitorizaci\u00f3n profesional <strong>Audio-Technica ATH-M40x<\/strong> de la serie M est\u00e1n sintonizados de forma plana para una monitorizaci\u00f3n de audio incre\u00edblemente precisa en un amplio rango de frecuencias. Su experiencia en el estudio mejora con un aislamiento ac\u00fastico superior y auriculares giratorios para una c\u00f3moda monitorizaci\u00f3n con un solo o\u00eddo.<\/p>\n","protected":false},"excerpt":{"rendered":"<p>Los auriculares de monitorizaci\u00f3n profesional Audio-Technica ATH-M40x de la serie M est\u00e1n sintonizados de forma plana para una monitorizaci\u00f3n de audio incre\u00edblemente precisa en un amplio rango de frecuencias. Su experiencia en el estudio mejora con un aislamiento ac\u00fastico superior y auriculares giratorios para una c\u00f3moda monitorizaci\u00f3n con un solo o\u00eddo.<\/p>\n","protected":false},"featured_media":5523,"template":"","meta":[],"product_cat":[199],"product_tag":[],"class_list":{"0":"post-5769","1":"product","2":"type-product","3":"status-publish","4":"has-post-thumbnail","6":"product_cat-audio-es","8":"first","9":"instock","10":"shipping-taxable","11":"purchasable","12":"product-type-simple"},"_links":{"self":[{"href":"https:\/\/palmaequipmentrental.com\/es\/wp-json\/wp\/v2\/product\/5769","targetHints":{"allow":["GET"]}}],"collection":[{"href":"https:\/\/palmaequipmentrental.com\/es\/wp-json\/wp\/v2\/product"}],"about":[{"href":"https:\/\/palmaequipmentrental.com\/es\/wp-json\/wp\/v2\/types\/product"}],"wp:featuredmedia":[{"embeddable":true,"href":"https:\/\/palmaequipmentrental.com\/es\/wp-json\/wp\/v2\/media\/5523"}],"wp:attachment":[{"href":"https:\/\/palmaequipmentrental.com\/es\/wp-json\/wp\/v2\/media?parent=5769"}],"wp:term":[{"taxonomy":"product_cat","embeddable":true,"href":"https:\/\/palmaequipmentrental.com\/es\/wp-json\/wp\/v2\/product_cat?post=5769"},{"taxonomy":"product_tag","embeddable":true,"href":"https:\/\/palmaequipmentrental.com\/es\/wp-json\/wp\/v2\/product_tag?post=5769"}],"curies":[{"name":"wp","href":"https:\/\/api.w.org\/{rel}","templated":true}]}}