{"id":5793,"date":"2017-09-05T10:17:45","date_gmt":"2017-09-05T10:17:45","guid":{"rendered":"https:\/\/www.palmaequipmentrental.com\/product\/sincategorizar\/canon-ef-14mm-f2-8l-ii\/"},"modified":"2022-08-05T12:12:07","modified_gmt":"2022-08-05T12:12:07","slug":"canon-ef-14mm-f2-8l-ii","status":"publish","type":"product","link":"https:\/\/palmaequipmentrental.com\/es\/photo-video-equipment-mallorca\/canon-ef-14mm-f2-8l-ii\/","title":{"rendered":"Canon EF 14mm f\/2.8L II"},"content":{"rendered":"<p>El objetivo <strong>Canon EF 14mm f\/2.8L II USM ULTRA WIDE ANGLE<\/strong> ofrece una brillante apertura m\u00e1xima de 2,8 y proporciona una visi\u00f3n ultra gran angular con la distancia focal m\u00e1s corta de la l\u00ednea de objetivos de la serie L.<\/p>\n<p>Este objetivo va m\u00e1s all\u00e1 de la perspectiva humana, abarcando un enorme campo de visi\u00f3n de 114\u02da. Su dise\u00f1o rectil\u00edneo corregido lo convierte en un objetivo ideal para la arquitectura, los interiores y los paisajes. su naturaleza ultra gran angular proporciona una fuerte separaci\u00f3n entre los elementos del primer plano y del fondo.<br \/>\nPara un rendimiento visual \u00f3ptimo, el objetivo incorpora elementos asf\u00e9ricos para corregir las aberraciones esf\u00e9ricas y elementos Super UD (dispersi\u00f3n ultrabaja) para eliminar las aberraciones crom\u00e1ticas. El resultado son im\u00e1genes n\u00edtidas y de alto contraste, sin distorsiones en todo el encuadre.<\/p>\n<ul>\n<li>Apertura m\u00e1xima\/m\u00ednima f2.8\/22<\/li>\n<li>Distancia de enfoque m\u00e1s cercana (m) 0,2<\/li>\n<li>Aumento m\u00e1ximo (x) 0,15<\/li>\n<\/ul>\n","protected":false},"excerpt":{"rendered":"<p>El objetivo Canon EF 14mm f\/2.8L II USM ULTRA WIDE ANGLE ofrece una brillante apertura m\u00e1xima de 2,8 y proporciona una visi\u00f3n ultra gran angular con la distancia focal m\u00e1s corta de la l\u00ednea de objetivos de la serie L. Este objetivo va m\u00e1s all\u00e1 de la perspectiva humana, abarcando un enorme campo de visi\u00f3n de 114\u02da. Su dise\u00f1o rectil\u00edneo [&hellip;]<\/p>\n","protected":false},"featured_media":9524,"template":"","meta":[],"product_cat":[795,801],"product_tag":[],"class_list":{"0":"post-5793","1":"product","2":"type-product","3":"status-publish","4":"has-post-thumbnail","6":"product_cat-objetivos-ef","7":"product_cat-objetivos-ef-es","9":"first","10":"instock","11":"shipping-taxable","12":"purchasable","13":"product-type-simple"},"_links":{"self":[{"href":"https:\/\/palmaequipmentrental.com\/es\/wp-json\/wp\/v2\/product\/5793","targetHints":{"allow":["GET"]}}],"collection":[{"href":"https:\/\/palmaequipmentrental.com\/es\/wp-json\/wp\/v2\/product"}],"about":[{"href":"https:\/\/palmaequipmentrental.com\/es\/wp-json\/wp\/v2\/types\/product"}],"wp:featuredmedia":[{"embeddable":true,"href":"https:\/\/palmaequipmentrental.com\/es\/wp-json\/wp\/v2\/media\/9524"}],"wp:attachment":[{"href":"https:\/\/palmaequipmentrental.com\/es\/wp-json\/wp\/v2\/media?parent=5793"}],"wp:term":[{"taxonomy":"product_cat","embeddable":true,"href":"https:\/\/palmaequipmentrental.com\/es\/wp-json\/wp\/v2\/product_cat?post=5793"},{"taxonomy":"product_tag","embeddable":true,"href":"https:\/\/palmaequipmentrental.com\/es\/wp-json\/wp\/v2\/product_tag?post=5793"}],"curies":[{"name":"wp","href":"https:\/\/api.w.org\/{rel}","templated":true}]}}