{"id":5796,"date":"2017-06-26T11:31:44","date_gmt":"2017-06-26T11:31:44","guid":{"rendered":"https:\/\/www.palmaequipmentrental.com\/product\/sincategorizar\/ewa-marine-splash-bag\/"},"modified":"2022-08-17T07:24:50","modified_gmt":"2022-08-17T07:24:50","slug":"ewa-marine-splash-bag","status":"publish","type":"product","link":"https:\/\/palmaequipmentrental.com\/es\/photo-video-equipment-mallorca\/ewa-marine-splash-bag\/","title":{"rendered":"Carcasa Acu\u00e1tica Ewa Marine"},"content":{"rendered":"<p><strong>Ewa Marine Splash Bag U-BF100<\/strong> Carcasa subacu\u00e1tica para c\u00e1maras dSLR profesionales.<\/p>\n<p>Dise\u00f1ada espec\u00edficamente para c\u00e1maras digitales profesionales\u00a0 dSLR de gran tama\u00f1o. La carcasa U-BF100 est\u00e1 fabricada en PVC laminado doble y tiene un puerto de cristal plano y neutro integrado.<br \/>\nDispone de un par de ra\u00edles de sujeci\u00f3n no corrosivos y resistentes al agua de mar que encajan entre s\u00ed para lograr un sellado perfecto. Se ajustan mediante tres roscas de tornillo.<\/p>\n<ul>\n<li>Di\u00e1metro del cristal frontal: 95 mm<\/li>\n<li>M\u00e1x. Di\u00e1metro de la rosca del filtro del objetivo: 77\/ 82 mm<\/li>\n<\/ul>\n<p><strong>Nota: \u00a1Todos los objetivos utilizados con esta carcasa deben tener enfoque interno!<\/strong><\/p>\n","protected":false},"excerpt":{"rendered":"<p>Ewa Marine Splash Bag U-BF100 Carcasa subacu\u00e1tica para c\u00e1maras dSLR profesionales. Dise\u00f1ada espec\u00edficamente para c\u00e1maras digitales profesionales\u00a0 dSLR de gran tama\u00f1o. La carcasa U-BF100 est\u00e1 fabricada en PVC laminado doble y tiene un puerto de cristal plano y neutro integrado. Dispone de un par de ra\u00edles de sujeci\u00f3n no corrosivos y resistentes al agua de mar que encajan entre s\u00ed [&hellip;]<\/p>\n","protected":false},"featured_media":9773,"template":"","meta":[],"product_cat":[198,189],"product_tag":[],"class_list":{"0":"post-5796","1":"product","2":"type-product","3":"status-publish","4":"has-post-thumbnail","6":"product_cat-accesorios-de-camara-2","7":"product_cat-accesorios-de-camara","9":"first","10":"instock","11":"shipping-taxable","12":"purchasable","13":"product-type-simple"},"_links":{"self":[{"href":"https:\/\/palmaequipmentrental.com\/es\/wp-json\/wp\/v2\/product\/5796","targetHints":{"allow":["GET"]}}],"collection":[{"href":"https:\/\/palmaequipmentrental.com\/es\/wp-json\/wp\/v2\/product"}],"about":[{"href":"https:\/\/palmaequipmentrental.com\/es\/wp-json\/wp\/v2\/types\/product"}],"wp:featuredmedia":[{"embeddable":true,"href":"https:\/\/palmaequipmentrental.com\/es\/wp-json\/wp\/v2\/media\/9773"}],"wp:attachment":[{"href":"https:\/\/palmaequipmentrental.com\/es\/wp-json\/wp\/v2\/media?parent=5796"}],"wp:term":[{"taxonomy":"product_cat","embeddable":true,"href":"https:\/\/palmaequipmentrental.com\/es\/wp-json\/wp\/v2\/product_cat?post=5796"},{"taxonomy":"product_tag","embeddable":true,"href":"https:\/\/palmaequipmentrental.com\/es\/wp-json\/wp\/v2\/product_tag?post=5796"}],"curies":[{"name":"wp","href":"https:\/\/api.w.org\/{rel}","templated":true}]}}