{"id":5800,"date":"2017-06-26T11:23:49","date_gmt":"2017-06-26T11:23:49","guid":{"rendered":"https:\/\/www.palmaequipmentrental.com\/product\/sincategorizar\/makita-portable-wind-machine\/"},"modified":"2023-09-04T14:37:00","modified_gmt":"2023-09-04T14:37:00","slug":"makita-portable-wind-machine","status":"publish","type":"product","link":"https:\/\/palmaequipmentrental.com\/es\/photo-video-equipment-mallorca\/makita-portable-wind-machine\/","title":{"rendered":"Soplador Makita"},"content":{"rendered":"<p>Nuestra m\u00e1quina de viento port\u00e1til Makita incluye:<\/p>\n<ul>\n<li><strong>2 bater\u00edas de litio<\/strong><\/li>\n<li><strong>Cargador de bater\u00eda.<\/strong><\/li>\n<li><strong>Boquilla corta<\/strong><\/li>\n<\/ul>\n<p>El <strong>soplador Makita DUB186 18V LXT<\/strong> tiene una empu\u00f1adura de dise\u00f1o ergon\u00f3mico con agarre suave de goma que se adapta perfectamente para proporcionar el m\u00e1ximo control y comodidad.<\/p>\n<p><strong>Caracter\u00edsticas:<\/strong><\/p>\n<ul>\n<li>Selecci\u00f3n de potencia en 3 etapas (alta\/media\/baja) y velocidad variable por dial<\/li>\n<li>Tensi\u00f3n: 18V<\/li>\n<li>Peso ultraligero de s\u00f3lo 1,8 kg<\/li>\n<li>Volumen de aire m\u00e1ximo: 2,6m\u00b3\/min<\/li>\n<li>Dimensiones totales: 525mm<\/li>\n<\/ul>\n","protected":false},"excerpt":{"rendered":"<p>Nuestra m\u00e1quina de viento port\u00e1til Makita incluye: 2 bater\u00edas de litio Cargador de bater\u00eda. Boquilla corta El soplador Makita DUB186 18V LXT tiene una empu\u00f1adura de dise\u00f1o ergon\u00f3mico con agarre suave de goma que se adapta perfectamente para proporcionar el m\u00e1ximo control y comodidad. Caracter\u00edsticas: Selecci\u00f3n de potencia en 3 etapas (alta\/media\/baja) y velocidad variable por dial Tensi\u00f3n: 18V Peso [&hellip;]<\/p>\n","protected":false},"featured_media":10213,"template":"","meta":[],"product_cat":[216,217],"product_tag":[],"class_list":{"0":"post-5800","1":"product","2":"type-product","3":"status-publish","4":"has-post-thumbnail","6":"product_cat-ventiladores","7":"product_cat-ventiladores-2","9":"first","10":"instock","11":"shipping-taxable","12":"purchasable","13":"product-type-simple"},"_links":{"self":[{"href":"https:\/\/palmaequipmentrental.com\/es\/wp-json\/wp\/v2\/product\/5800","targetHints":{"allow":["GET"]}}],"collection":[{"href":"https:\/\/palmaequipmentrental.com\/es\/wp-json\/wp\/v2\/product"}],"about":[{"href":"https:\/\/palmaequipmentrental.com\/es\/wp-json\/wp\/v2\/types\/product"}],"wp:featuredmedia":[{"embeddable":true,"href":"https:\/\/palmaequipmentrental.com\/es\/wp-json\/wp\/v2\/media\/10213"}],"wp:attachment":[{"href":"https:\/\/palmaequipmentrental.com\/es\/wp-json\/wp\/v2\/media?parent=5800"}],"wp:term":[{"taxonomy":"product_cat","embeddable":true,"href":"https:\/\/palmaequipmentrental.com\/es\/wp-json\/wp\/v2\/product_cat?post=5800"},{"taxonomy":"product_tag","embeddable":true,"href":"https:\/\/palmaequipmentrental.com\/es\/wp-json\/wp\/v2\/product_tag?post=5800"}],"curies":[{"name":"wp","href":"https:\/\/api.w.org\/{rel}","templated":true}]}}