{"id":5804,"date":"2017-06-26T11:19:19","date_gmt":"2017-06-26T11:19:19","guid":{"rendered":"https:\/\/www.palmaequipmentrental.com\/product\/sincategorizar\/giraffe-stand-2-riser\/"},"modified":"2022-08-13T12:55:37","modified_gmt":"2022-08-13T12:55:37","slug":"giraffe-stand-2-riser","status":"publish","type":"product","link":"https:\/\/palmaequipmentrental.com\/es\/photo-video-equipment-mallorca\/giraffe-stand-2-riser\/","title":{"rendered":"Tr\u00edpode Cine 2 Secciones"},"content":{"rendered":"<p>Soporte Junior de aluminio y acero de 1 elevador con pata ajustable sobre ruedas (MA008CSU).<\/p>\n<ul>\n<li>Con nivelaci\u00f3n en una pierna<\/li>\n<li>2 secciones (1 elevador)<\/li>\n<li>Capacidad de carga: 18 kg<\/li>\n<li>Altura m\u00e1xima: 2,16 m<\/li>\n<li>Altura m\u00ednima: 1,32 m<\/li>\n<\/ul>\n<p>&nbsp;<\/p>\n","protected":false},"excerpt":{"rendered":"<p>Soporte Junior de aluminio y acero de 1 elevador con pata ajustable sobre ruedas (MA008CSU). Con nivelaci\u00f3n en una pierna 2 secciones (1 elevador) Capacidad de carga: 18 kg Altura m\u00e1xima: 2,16 m Altura m\u00ednima: 1,32 m &nbsp;<\/p>\n","protected":false},"featured_media":8784,"template":"","meta":[],"product_cat":[227,228],"product_tag":[],"class_list":{"0":"post-5804","1":"product","2":"type-product","3":"status-publish","4":"has-post-thumbnail","6":"product_cat-tripodes-de-luz-2","7":"product_cat-tripodes-de-luz","9":"first","10":"instock","11":"shipping-taxable","12":"purchasable","13":"product-type-simple"},"_links":{"self":[{"href":"https:\/\/palmaequipmentrental.com\/es\/wp-json\/wp\/v2\/product\/5804","targetHints":{"allow":["GET"]}}],"collection":[{"href":"https:\/\/palmaequipmentrental.com\/es\/wp-json\/wp\/v2\/product"}],"about":[{"href":"https:\/\/palmaequipmentrental.com\/es\/wp-json\/wp\/v2\/types\/product"}],"wp:featuredmedia":[{"embeddable":true,"href":"https:\/\/palmaequipmentrental.com\/es\/wp-json\/wp\/v2\/media\/8784"}],"wp:attachment":[{"href":"https:\/\/palmaequipmentrental.com\/es\/wp-json\/wp\/v2\/media?parent=5804"}],"wp:term":[{"taxonomy":"product_cat","embeddable":true,"href":"https:\/\/palmaequipmentrental.com\/es\/wp-json\/wp\/v2\/product_cat?post=5804"},{"taxonomy":"product_tag","embeddable":true,"href":"https:\/\/palmaequipmentrental.com\/es\/wp-json\/wp\/v2\/product_tag?post=5804"}],"curies":[{"name":"wp","href":"https:\/\/api.w.org\/{rel}","templated":true}]}}