{"id":6235,"date":"2020-03-05T11:02:56","date_gmt":"2020-03-05T11:02:56","guid":{"rendered":"https:\/\/www.palmaequipmentrental.com\/?post_type=product&#038;p=6235"},"modified":"2022-08-05T12:24:15","modified_gmt":"2022-08-05T12:24:15","slug":"kenair","status":"publish","type":"product","link":"https:\/\/palmaequipmentrental.com\/es\/photo-video-equipment-mallorca\/kenair\/","title":{"rendered":"Kenair"},"content":{"rendered":"<p>Kenair Limpiador de Aire de presi\u00f3n<\/p>\n<p>Un elemento esencial para cualquier profesional que trabaje en la industria de la fotograf\u00eda y el cine.<\/p>\n<ul class=\"a-unordered-list a-vertical a-spacing-none\">\n<li>Elimine r\u00e1pida y f\u00e1cilmente el polvo y los escombros de todos los materiales sensibles y \u00e1reas de dif\u00edcil acceso<\/li>\n<li>Este producto le permite limpiar\u00a0superficies sensibles<span lang=\"es\"> sin rascarse ni mancharse.<\/span><\/li>\n<\/ul>\n<div id=\"title_feature_div\" class=\"feature\" data-feature-name=\"title\" data-cel-widget=\"title_feature_div\">\n<div id=\"titleSection\" class=\"a-section a-spacing-none\"><\/div>\n<\/div>\n<p>&nbsp;<\/p>\n","protected":false},"excerpt":{"rendered":"<p>Kenair Limpiador de Aire de presi\u00f3n Un elemento esencial para cualquier profesional que trabaje en la industria de la fotograf\u00eda y el cine. Elimine r\u00e1pida y f\u00e1cilmente el polvo y los escombros de todos los materiales sensibles y \u00e1reas de dif\u00edcil acceso Este producto le permite limpiar\u00a0superficies sensibles sin rascarse ni mancharse. &nbsp;<\/p>\n","protected":false},"featured_media":6473,"template":"","meta":[],"product_cat":[423,429],"product_tag":[],"class_list":{"0":"post-6235","1":"product","2":"type-product","3":"status-publish","4":"has-post-thumbnail","6":"product_cat-consumibles-digitales-es","7":"product_cat-diversos-es","9":"first","10":"instock","11":"shipping-taxable","12":"purchasable","13":"product-type-simple"},"_links":{"self":[{"href":"https:\/\/palmaequipmentrental.com\/es\/wp-json\/wp\/v2\/product\/6235","targetHints":{"allow":["GET"]}}],"collection":[{"href":"https:\/\/palmaequipmentrental.com\/es\/wp-json\/wp\/v2\/product"}],"about":[{"href":"https:\/\/palmaequipmentrental.com\/es\/wp-json\/wp\/v2\/types\/product"}],"wp:featuredmedia":[{"embeddable":true,"href":"https:\/\/palmaequipmentrental.com\/es\/wp-json\/wp\/v2\/media\/6473"}],"wp:attachment":[{"href":"https:\/\/palmaequipmentrental.com\/es\/wp-json\/wp\/v2\/media?parent=6235"}],"wp:term":[{"taxonomy":"product_cat","embeddable":true,"href":"https:\/\/palmaequipmentrental.com\/es\/wp-json\/wp\/v2\/product_cat?post=6235"},{"taxonomy":"product_tag","embeddable":true,"href":"https:\/\/palmaequipmentrental.com\/es\/wp-json\/wp\/v2\/product_tag?post=6235"}],"curies":[{"name":"wp","href":"https:\/\/api.w.org\/{rel}","templated":true}]}}