{"id":6385,"date":"2021-08-18T10:17:41","date_gmt":"2021-08-18T10:17:41","guid":{"rendered":"https:\/\/www.palmaequipmentrental.com\/?post_type=product&#038;p=6385"},"modified":"2024-01-11T12:18:27","modified_gmt":"2024-01-11T12:18:27","slug":"v-mount-240wh-144v","status":"publish","type":"product","link":"https:\/\/palmaequipmentrental.com\/es\/photo-video-equipment-mallorca\/v-mount-240wh-144v\/","title":{"rendered":"Bater\u00eda V-Lock 240Wh 14,4V"},"content":{"rendered":"<p>Con la bater\u00eda de carga alta <strong>SWIT\u00a0S-8183S\u00a0V-Mount 240Wh<\/strong>, puede obtener una potencia de salida MAX 180W \/ 15A constante, que puede conducir m\u00e1s c\u00e1maras de alta potencia, iluminaciones y otros equipos f\u00e1cilmente, y no reducir\u00e1 la vida \u00fatil de la bater\u00eda durante una salida de alta potencia.<\/p>\n<p><strong>Especificaciones<\/strong><\/p>\n<ul>\n<li>Celdas de iones de alta carga<\/li>\n<li>M\u00e1x. 180W, 15A salida constante<\/li>\n<li>Capacidad de 14.4V, 240Wh<\/li>\n<li>Toma de salida D-tap<\/li>\n<li>indicador de potencia LED de 4 niveles<\/li>\n<li>conexi\u00f3n de montaje en V<\/li>\n<li>Protecciones de circuito m\u00faltiple<\/li>\n<\/ul>\n","protected":false},"excerpt":{"rendered":"<p>Con la bater\u00eda de carga alta SWIT\u00a0S-8183S\u00a0V-Mount 240Wh, puede obtener una potencia de salida MAX 180W \/ 15A constante, que puede conducir m\u00e1s c\u00e1maras de alta potencia, iluminaciones y otros equipos f\u00e1cilmente, y no reducir\u00e1 la vida \u00fatil de la bater\u00eda durante una salida de alta potencia. Especificaciones Celdas de iones de alta carga M\u00e1x. 180W, 15A salida constante Capacidad [&hellip;]<\/p>\n","protected":false},"featured_media":9782,"template":"","meta":[],"product_cat":[212,442,749,752],"product_tag":[],"class_list":{"0":"post-6385","1":"product","2":"type-product","3":"status-publish","4":"has-post-thumbnail","6":"product_cat-baterias","7":"product_cat-baterias-cargadores-es-2","8":"product_cat-baterias-v-lock","9":"product_cat-baterias-v-lock-v","11":"first","12":"instock","13":"shipping-taxable","14":"purchasable","15":"product-type-simple"},"_links":{"self":[{"href":"https:\/\/palmaequipmentrental.com\/es\/wp-json\/wp\/v2\/product\/6385","targetHints":{"allow":["GET"]}}],"collection":[{"href":"https:\/\/palmaequipmentrental.com\/es\/wp-json\/wp\/v2\/product"}],"about":[{"href":"https:\/\/palmaequipmentrental.com\/es\/wp-json\/wp\/v2\/types\/product"}],"wp:featuredmedia":[{"embeddable":true,"href":"https:\/\/palmaequipmentrental.com\/es\/wp-json\/wp\/v2\/media\/9782"}],"wp:attachment":[{"href":"https:\/\/palmaequipmentrental.com\/es\/wp-json\/wp\/v2\/media?parent=6385"}],"wp:term":[{"taxonomy":"product_cat","embeddable":true,"href":"https:\/\/palmaequipmentrental.com\/es\/wp-json\/wp\/v2\/product_cat?post=6385"},{"taxonomy":"product_tag","embeddable":true,"href":"https:\/\/palmaequipmentrental.com\/es\/wp-json\/wp\/v2\/product_tag?post=6385"}],"curies":[{"name":"wp","href":"https:\/\/api.w.org\/{rel}","templated":true}]}}