{"id":6388,"date":"2021-08-18T10:26:29","date_gmt":"2021-08-18T10:26:29","guid":{"rendered":"https:\/\/www.palmaequipmentrental.com\/?post_type=product&#038;p=6388"},"modified":"2024-01-11T12:17:42","modified_gmt":"2024-01-11T12:17:42","slug":"v-mount-battery-95wh","status":"publish","type":"product","link":"https:\/\/palmaequipmentrental.com\/es\/photo-video-equipment-mallorca\/v-mount-battery-95wh\/","title":{"rendered":"Bater\u00eda V-Lock 95Wh"},"content":{"rendered":"<p><strong>Bater\u00eda V-Mount 95Wh<\/strong><\/p>\n<p>\u00bfTiene problemas para viajar con sus bater\u00edas de iones de litio de montaje en V? \u00a0Tenemos la soluci\u00f3n perfecta para todos sus problemas con las bater\u00edas.<br \/>\nCombine nuestro kit de bater\u00edas de montaje en V con nuestra pinza para bater\u00edas Lanparte para resolver todos sus problemas.<\/p>\n<p>La BL-BP95 de Beillen es una bater\u00eda de emisi\u00f3n de 95 Wh de tipo V-Lock. Con su capacidad de 95 Wh, esta bater\u00eda alimentar\u00e1 una videoc\u00e1mara profesional t\u00edpica de 25 vatios durante casi 4 horas de grabaci\u00f3n continua. La BL-BP95 est\u00e1 equipada con un conector Power Tap, por lo que tambi\u00e9n puede utilizarse para alimentar luces y accesorios de la c\u00e1mara.<\/p>\n<p><strong>Caracter\u00edsticas<\/strong><\/p>\n<ul>\n<li>Capacidad total: 95 Wh<\/li>\n<li>Potencia m\u00e1xima de salida:\u00a054 W<\/li>\n<li>Duraci\u00f3n de la bater\u00eda con un consumo de energ\u00eda de 30 W\u00a0193 minutos<\/li>\n<li>Tiempo de carga con el cargador BLB1703-BP2: 145 minutos<\/li>\n<li>Tipo de conector de salida:\u00a0Toma de corriente, 2 pines (F)<\/li>\n<li>Tipo:\u00a0V-Mount V-Lock<\/li>\n<\/ul>\n","protected":false},"excerpt":{"rendered":"<p>Bater\u00eda V-Mount 95Wh \u00bfTiene problemas para viajar con sus bater\u00edas de iones de litio de montaje en V? \u00a0Tenemos la soluci\u00f3n perfecta para todos sus problemas con las bater\u00edas. Combine nuestro kit de bater\u00edas de montaje en V con nuestra pinza para bater\u00edas Lanparte para resolver todos sus problemas. La BL-BP95 de Beillen es una bater\u00eda de emisi\u00f3n de 95 [&hellip;]<\/p>\n","protected":false},"featured_media":6692,"template":"","meta":[],"product_cat":[212,442,749,752],"product_tag":[],"class_list":{"0":"post-6388","1":"product","2":"type-product","3":"status-publish","4":"has-post-thumbnail","6":"product_cat-baterias","7":"product_cat-baterias-cargadores-es-2","8":"product_cat-baterias-v-lock","9":"product_cat-baterias-v-lock-v","11":"first","12":"instock","13":"shipping-taxable","14":"purchasable","15":"product-type-simple"},"_links":{"self":[{"href":"https:\/\/palmaequipmentrental.com\/es\/wp-json\/wp\/v2\/product\/6388","targetHints":{"allow":["GET"]}}],"collection":[{"href":"https:\/\/palmaequipmentrental.com\/es\/wp-json\/wp\/v2\/product"}],"about":[{"href":"https:\/\/palmaequipmentrental.com\/es\/wp-json\/wp\/v2\/types\/product"}],"wp:featuredmedia":[{"embeddable":true,"href":"https:\/\/palmaequipmentrental.com\/es\/wp-json\/wp\/v2\/media\/6692"}],"wp:attachment":[{"href":"https:\/\/palmaequipmentrental.com\/es\/wp-json\/wp\/v2\/media?parent=6388"}],"wp:term":[{"taxonomy":"product_cat","embeddable":true,"href":"https:\/\/palmaequipmentrental.com\/es\/wp-json\/wp\/v2\/product_cat?post=6388"},{"taxonomy":"product_tag","embeddable":true,"href":"https:\/\/palmaequipmentrental.com\/es\/wp-json\/wp\/v2\/product_tag?post=6388"}],"curies":[{"name":"wp","href":"https:\/\/api.w.org\/{rel}","templated":true}]}}