{"id":6391,"date":"2021-08-18T10:30:53","date_gmt":"2021-08-18T10:30:53","guid":{"rendered":"https:\/\/www.palmaequipmentrental.com\/?post_type=product&#038;p=6391"},"modified":"2024-01-11T12:17:07","modified_gmt":"2024-01-11T12:17:07","slug":"v-mount-dual-battery-charger","status":"publish","type":"product","link":"https:\/\/palmaequipmentrental.com\/es\/photo-video-equipment-mallorca\/v-mount-dual-battery-charger\/","title":{"rendered":"Cargador Doble Bater\u00edas V-Lock"},"content":{"rendered":"<p><strong>Cargador\u00a0doble simultaneo de bater\u00edas V-mount\u00a0<\/strong><\/p>\n<p>Cargador secuencial port\u00e1til de 2 canales para usar con 2 bater\u00edas de V-mount. Este cargador puede reconocer autom\u00e1ticamente el tipo de bater\u00eda que se est\u00e1 cargando (Li-ion, Ni-HM y Ni-Cd). Tambi\u00e9n se puede utilizar como adaptador de CA a trav\u00e9s de su salida de CC XLR de 4 pines.<\/p>\n<p><strong>Caracter\u00edsticas<\/strong><\/p>\n<ul>\n<li>Carga secuencial de 2 bater\u00edas simult\u00e1neamente<\/li>\n<li>Salida de adaptador XLR de 4 pines<\/li>\n<li>Compatible con bater\u00edas de Li-Ion, Ni-MH y Ni-Cd<\/li>\n<li>Placa V-Lock V-Mount<\/li>\n<\/ul>\n","protected":false},"excerpt":{"rendered":"<p>Cargador\u00a0doble simultaneo de bater\u00edas V-mount\u00a0 Cargador secuencial port\u00e1til de 2 canales para usar con 2 bater\u00edas de V-mount. Este cargador puede reconocer autom\u00e1ticamente el tipo de bater\u00eda que se est\u00e1 cargando (Li-ion, Ni-HM y Ni-Cd). Tambi\u00e9n se puede utilizar como adaptador de CA a trav\u00e9s de su salida de CC XLR de 4 pines. Caracter\u00edsticas Carga secuencial de 2 bater\u00edas [&hellip;]<\/p>\n","protected":false},"featured_media":6695,"template":"","meta":[],"product_cat":[212,442,749,752],"product_tag":[],"class_list":{"0":"post-6391","1":"product","2":"type-product","3":"status-publish","4":"has-post-thumbnail","6":"product_cat-baterias","7":"product_cat-baterias-cargadores-es-2","8":"product_cat-baterias-v-lock","9":"product_cat-baterias-v-lock-v","11":"first","12":"instock","13":"shipping-taxable","14":"purchasable","15":"product-type-simple"},"_links":{"self":[{"href":"https:\/\/palmaequipmentrental.com\/es\/wp-json\/wp\/v2\/product\/6391","targetHints":{"allow":["GET"]}}],"collection":[{"href":"https:\/\/palmaequipmentrental.com\/es\/wp-json\/wp\/v2\/product"}],"about":[{"href":"https:\/\/palmaequipmentrental.com\/es\/wp-json\/wp\/v2\/types\/product"}],"wp:featuredmedia":[{"embeddable":true,"href":"https:\/\/palmaequipmentrental.com\/es\/wp-json\/wp\/v2\/media\/6695"}],"wp:attachment":[{"href":"https:\/\/palmaequipmentrental.com\/es\/wp-json\/wp\/v2\/media?parent=6391"}],"wp:term":[{"taxonomy":"product_cat","embeddable":true,"href":"https:\/\/palmaequipmentrental.com\/es\/wp-json\/wp\/v2\/product_cat?post=6391"},{"taxonomy":"product_tag","embeddable":true,"href":"https:\/\/palmaequipmentrental.com\/es\/wp-json\/wp\/v2\/product_tag?post=6391"}],"curies":[{"name":"wp","href":"https:\/\/api.w.org\/{rel}","templated":true}]}}