{"id":6507,"date":"2022-01-19T14:36:43","date_gmt":"2022-01-19T14:36:43","guid":{"rendered":"https:\/\/www.palmaequipmentrental.com\/?post_type=product&#038;p=6507"},"modified":"2023-02-17T09:36:57","modified_gmt":"2023-02-17T09:36:57","slug":"skypanel-s60","status":"publish","type":"product","link":"https:\/\/palmaequipmentrental.com\/es\/photo-video-equipment-mallorca\/skypanel-s60\/","title":{"rendered":"Skypanel S60"},"content":{"rendered":"<p>El <strong>SkyPanel S60<\/strong> emite una enorme cantidad de luz, en un campo de haz suave y uniforme. M\u00e1s brillante que una luz suave de tungsteno de 2 kW o una luz espacial de tungsteno de 6 kW. Al mismo tiempo, el cabezal de la l\u00e1mpara es capaz de funcionar perfectamente con niveles de luz m\u00e1s bajos. Esta gama de iluminaci\u00f3n y color proporciona a los usuarios una cantidad de control sin precedentes.<\/p>\n<p>El SkyPanel S60 puede ajustarse para emitir una luz c\u00e1lida de 2800K a una azul helada de 10.000K y tambi\u00e9n utiliza la gama completa de colores RGB+W con control de tono y saturaci\u00f3n para realizar ajustes precisos. Tambi\u00e9n es posible el ajuste de menos verde a m\u00e1s verde, por lo que si est\u00e1 iluminando una pantalla azul o verde, s\u00f3lo tiene que seleccionar el color que desee.<\/p>\n<p><strong>Caracter\u00edsticas:<\/strong><\/p>\n<ul>\n<li>Superficie del panel: 64x30cm (25.4&#215;11.8&#8243;)<\/li>\n<li>Distribuci\u00f3n del haz de 115\u00b0, adaptador para montaje en carril<\/li>\n<li>Temperatura de color de 2800-10.000K<\/li>\n<li>Mezcla de colores de gama completa<\/li>\n<li>Control de tono y saturaci\u00f3n<\/li>\n<li>De menos a m\u00e1s verde<\/li>\n<li>CRI: 95, TLCI: 90<\/li>\n<li>Regulaci\u00f3n de 0-100%, control DMX<\/li>\n<li>Alimentaci\u00f3n multivoltaje CA, opcional con bater\u00eda<\/li>\n<\/ul>\n","protected":false},"excerpt":{"rendered":"<p>El SkyPanel S60 emite una enorme cantidad de luz, en un campo de haz suave y uniforme. M\u00e1s brillante que una luz suave de tungsteno de 2 kW o una luz espacial de tungsteno de 6 kW. Al mismo tiempo, el cabezal de la l\u00e1mpara es capaz de funcionar perfectamente con niveles de luz m\u00e1s bajos. Esta gama de iluminaci\u00f3n [&hellip;]<\/p>\n","protected":false},"featured_media":6670,"template":"","meta":[],"product_cat":[764,768],"product_tag":[],"class_list":{"0":"post-6507","1":"product","2":"type-product","3":"status-publish","4":"has-post-thumbnail","6":"product_cat-skypanel-es","7":"product_cat-skypanel-v-es","9":"first","10":"instock","11":"shipping-taxable","12":"purchasable","13":"product-type-simple"},"_links":{"self":[{"href":"https:\/\/palmaequipmentrental.com\/es\/wp-json\/wp\/v2\/product\/6507","targetHints":{"allow":["GET"]}}],"collection":[{"href":"https:\/\/palmaequipmentrental.com\/es\/wp-json\/wp\/v2\/product"}],"about":[{"href":"https:\/\/palmaequipmentrental.com\/es\/wp-json\/wp\/v2\/types\/product"}],"wp:featuredmedia":[{"embeddable":true,"href":"https:\/\/palmaequipmentrental.com\/es\/wp-json\/wp\/v2\/media\/6670"}],"wp:attachment":[{"href":"https:\/\/palmaequipmentrental.com\/es\/wp-json\/wp\/v2\/media?parent=6507"}],"wp:term":[{"taxonomy":"product_cat","embeddable":true,"href":"https:\/\/palmaequipmentrental.com\/es\/wp-json\/wp\/v2\/product_cat?post=6507"},{"taxonomy":"product_tag","embeddable":true,"href":"https:\/\/palmaequipmentrental.com\/es\/wp-json\/wp\/v2\/product_tag?post=6507"}],"curies":[{"name":"wp","href":"https:\/\/api.w.org\/{rel}","templated":true}]}}