{"id":6521,"date":"2022-01-31T10:41:30","date_gmt":"2022-01-31T10:41:30","guid":{"rendered":"https:\/\/www.palmaequipmentrental.com\/?post_type=product&#038;p=6521"},"modified":"2025-08-05T13:02:55","modified_gmt":"2025-08-05T13:02:55","slug":"honda-7k-generator","status":"publish","type":"product","link":"https:\/\/palmaequipmentrental.com\/es\/photo-video-equipment-mallorca\/honda-7k-generator\/","title":{"rendered":"Honda 7k Generador"},"content":{"rendered":"<ul>\n<li>Potencie sus sesiones de fotos y v\u00eddeos sin problemas con el Generador Honda 7k, tambi\u00e9n conocido como Honda 70is, una soluci\u00f3n fiable y eficiente de Palma Equipment Rental. Ideal para producciones en localizaciones en Palma de Mallorca, las Islas Baleares y la Espa\u00f1a peninsular, este generador asegura una alimentaci\u00f3n el\u00e9ctrica ininterrumpida para sus campa\u00f1as de moda y publicidad.<strong>Especificaciones T\u00e9cnicas:<\/strong>\n<ul>\n<li><strong>Modelo<\/strong>: Honda 70is (7k)<\/li>\n<li><strong>Potencia de Salida<\/strong>: 7.000 vatios &#8211; Ideal para equipos de alta demanda<\/li>\n<li><strong>Nivel de Ruido<\/strong>: Funcionamiento ultra silencioso, adecuado para sets de filmaci\u00f3n<\/li>\n<li><strong>Eficiencia de Combustible<\/strong>: Tiempo de funcionamiento extendido con el Sistema Eco-Throttle<\/li>\n<li><strong>Portabilidad<\/strong>: Dise\u00f1o compacto con caracter\u00edsticas f\u00e1ciles de transportar<\/li>\n<li><strong>F\u00e1cil de Usar<\/strong>: Panel de control sencillo para una operaci\u00f3n sin complicaciones<\/li>\n<li><strong>Caracter\u00edsticas de Seguridad<\/strong>: Equipado con interruptores autom\u00e1ticos y alerta de bajo nivel de aceite<\/li>\n<\/ul>\n<p>En Palma Equipment Rental, nos enorgullecemos de ofrecer equipos profesionales de est\u00e1ndar industrial. Atendiendo a una amplia gama de necesidades, proporcionamos iluminaci\u00f3n, c\u00e1maras, soportes y m\u00e1s, asegurando que su proyecto est\u00e9 equipado con lo mejor. Nuestro compromiso con la flexibilidad, la eficiencia y el soporte t\u00e9cnico 24\/7 nos hace la primera opci\u00f3n para profesionales de la industria. Mejore la calidad de su producci\u00f3n con nuestras marcas de confianza como Profoto, Arri, Manfrotto, entre otras. Vis\u00edtenos para obtener soluciones confiables en alquiler de equipos fotogr\u00e1ficos y de v\u00eddeo.<\/p>\n<p><a href=\"https:\/\/youtu.be\/m448xs1x0T4\">Check our video!<\/a><\/li>\n<\/ul>\n","protected":false},"excerpt":{"rendered":"<p>Potencie sus sesiones de fotos y v\u00eddeos sin problemas con el Generador Honda 7k, tambi\u00e9n conocido como Honda 70is, una soluci\u00f3n fiable y eficiente de Palma Equipment Rental. Ideal para producciones en localizaciones en Palma de Mallorca, las Islas Baleares y la Espa\u00f1a peninsular, este generador asegura una alimentaci\u00f3n el\u00e9ctrica ininterrumpida para sus campa\u00f1as de moda y publicidad.Especificaciones T\u00e9cnicas: Modelo: [&hellip;]<\/p>\n","protected":false},"featured_media":6732,"template":"","meta":[],"product_cat":[222,223],"product_tag":[],"class_list":{"0":"post-6521","1":"product","2":"type-product","3":"status-publish","4":"has-post-thumbnail","6":"product_cat-generadores-corriente-2","7":"product_cat-generadores-corriente-1","9":"first","10":"instock","11":"shipping-taxable","12":"purchasable","13":"product-type-simple"},"_links":{"self":[{"href":"https:\/\/palmaequipmentrental.com\/es\/wp-json\/wp\/v2\/product\/6521","targetHints":{"allow":["GET"]}}],"collection":[{"href":"https:\/\/palmaequipmentrental.com\/es\/wp-json\/wp\/v2\/product"}],"about":[{"href":"https:\/\/palmaequipmentrental.com\/es\/wp-json\/wp\/v2\/types\/product"}],"wp:featuredmedia":[{"embeddable":true,"href":"https:\/\/palmaequipmentrental.com\/es\/wp-json\/wp\/v2\/media\/6732"}],"wp:attachment":[{"href":"https:\/\/palmaequipmentrental.com\/es\/wp-json\/wp\/v2\/media?parent=6521"}],"wp:term":[{"taxonomy":"product_cat","embeddable":true,"href":"https:\/\/palmaequipmentrental.com\/es\/wp-json\/wp\/v2\/product_cat?post=6521"},{"taxonomy":"product_tag","embeddable":true,"href":"https:\/\/palmaequipmentrental.com\/es\/wp-json\/wp\/v2\/product_tag?post=6521"}],"curies":[{"name":"wp","href":"https:\/\/api.w.org\/{rel}","templated":true}]}}