{"id":6551,"date":"2022-02-04T09:54:23","date_gmt":"2022-02-04T09:54:23","guid":{"rendered":"https:\/\/www.palmaequipmentrental.com\/?post_type=product&#038;p=6551"},"modified":"2023-10-12T12:58:01","modified_gmt":"2023-10-12T12:58:01","slug":"pro-clear-pyrex-100mm","status":"publish","type":"product","link":"https:\/\/palmaequipmentrental.com\/es\/photo-video-equipment-mallorca\/pro-clear-pyrex-100mm\/","title":{"rendered":"Profoto Clear Pyrex 100mm"},"content":{"rendered":"<p><strong>Profoto Clear Pyrex 100mm<\/strong><\/p>\n<p>Cubierta de vidrio transparente extragruesa y extralarga para ProHead, ProTwin, Acute\/D4 Head y Acute\/D4 Twin.<\/p>\n<p>La longitud ampliada de 100 mm le permite adaptarse a antorchas con l\u00e1mparas de modelado de hasta 500 W.<br \/>\nEl cristal transparente proporciona un efecto de luz m\u00e1s duro y n\u00edtido en comparaci\u00f3n con una cubierta de cristal esmerilado est\u00e1ndar.<\/p>\n","protected":false},"excerpt":{"rendered":"<p>Profoto Clear Pyrex 100mm Cubierta de vidrio transparente extragruesa y extralarga para ProHead, ProTwin, Acute\/D4 Head y Acute\/D4 Twin. La longitud ampliada de 100 mm le permite adaptarse a antorchas con l\u00e1mparas de modelado de hasta 500 W. El cristal transparente proporciona un efecto de luz m\u00e1s duro y n\u00edtido en comparaci\u00f3n con una cubierta de cristal esmerilado est\u00e1ndar.<\/p>\n","protected":false},"featured_media":12757,"template":"","meta":[],"product_cat":[195],"product_tag":[],"class_list":{"0":"post-6551","1":"product","2":"type-product","3":"status-publish","4":"has-post-thumbnail","6":"product_cat-flash-heads-es","8":"first","9":"instock","10":"shipping-taxable","11":"purchasable","12":"product-type-simple"},"_links":{"self":[{"href":"https:\/\/palmaequipmentrental.com\/es\/wp-json\/wp\/v2\/product\/6551","targetHints":{"allow":["GET"]}}],"collection":[{"href":"https:\/\/palmaequipmentrental.com\/es\/wp-json\/wp\/v2\/product"}],"about":[{"href":"https:\/\/palmaequipmentrental.com\/es\/wp-json\/wp\/v2\/types\/product"}],"wp:featuredmedia":[{"embeddable":true,"href":"https:\/\/palmaequipmentrental.com\/es\/wp-json\/wp\/v2\/media\/12757"}],"wp:attachment":[{"href":"https:\/\/palmaequipmentrental.com\/es\/wp-json\/wp\/v2\/media?parent=6551"}],"wp:term":[{"taxonomy":"product_cat","embeddable":true,"href":"https:\/\/palmaequipmentrental.com\/es\/wp-json\/wp\/v2\/product_cat?post=6551"},{"taxonomy":"product_tag","embeddable":true,"href":"https:\/\/palmaequipmentrental.com\/es\/wp-json\/wp\/v2\/product_tag?post=6551"}],"curies":[{"name":"wp","href":"https:\/\/api.w.org\/{rel}","templated":true}]}}