{"id":6560,"date":"2022-02-04T10:20:44","date_gmt":"2022-02-04T10:20:44","guid":{"rendered":"https:\/\/www.palmaequipmentrental.com\/?post_type=product&#038;p=6560"},"modified":"2024-01-11T11:14:20","modified_gmt":"2024-01-11T11:14:20","slug":"pro-b1-battery-charger","status":"publish","type":"product","link":"https:\/\/palmaequipmentrental.com\/es\/photo-video-equipment-mallorca\/pro-b1-battery-charger\/","title":{"rendered":"Profoto Cargador Bater\u00eda B1\/B1X"},"content":{"rendered":"<p>El Battery Charger 2.8A es un cargador est\u00e1ndar que recarga totalmente la bater\u00eda del B1 en dos horas, la bater\u00eda del B1X en poco m\u00e1s de dos horas y la del B2 en una hora.<\/p>\n<p>Todos nuestros kits de flashes externos incluyen un cargador de bater\u00eda, aunque todos nuestros cargadores de bater\u00eda se venden tambi\u00e9n por separado.<\/p>\n<h3 class=\"tab__content-subtitle\">Caracter\u00edsticas<\/h3>\n<ul>\n<li>Carga la Li-Ion Battery for B1 en dos horas.<\/li>\n<li>Carga la Li-Ion Battery MKII for B1 and B1X en poco m\u00e1s de dos horas.<\/li>\n<li>Carga la Li-Ion Battery for B2 en una hora.<\/li>\n<\/ul>\n","protected":false},"excerpt":{"rendered":"<p>El Battery Charger 2.8A es un cargador est\u00e1ndar que recarga totalmente la bater\u00eda del B1 en dos horas, la bater\u00eda del B1X en poco m\u00e1s de dos horas y la del B2 en una hora. Todos nuestros kits de flashes externos incluyen un cargador de bater\u00eda, aunque todos nuestros cargadores de bater\u00eda se venden tambi\u00e9n por separado. Caracter\u00edsticas Carga la [&hellip;]<\/p>\n","protected":false},"featured_media":6630,"template":"","meta":[],"product_cat":[389],"product_tag":[],"class_list":{"0":"post-6560","1":"product","2":"type-product","3":"status-publish","4":"has-post-thumbnail","6":"product_cat-baterias-cargadores","8":"first","9":"instock","10":"shipping-taxable","11":"purchasable","12":"product-type-simple"},"_links":{"self":[{"href":"https:\/\/palmaequipmentrental.com\/es\/wp-json\/wp\/v2\/product\/6560","targetHints":{"allow":["GET"]}}],"collection":[{"href":"https:\/\/palmaequipmentrental.com\/es\/wp-json\/wp\/v2\/product"}],"about":[{"href":"https:\/\/palmaequipmentrental.com\/es\/wp-json\/wp\/v2\/types\/product"}],"wp:featuredmedia":[{"embeddable":true,"href":"https:\/\/palmaequipmentrental.com\/es\/wp-json\/wp\/v2\/media\/6630"}],"wp:attachment":[{"href":"https:\/\/palmaequipmentrental.com\/es\/wp-json\/wp\/v2\/media?parent=6560"}],"wp:term":[{"taxonomy":"product_cat","embeddable":true,"href":"https:\/\/palmaequipmentrental.com\/es\/wp-json\/wp\/v2\/product_cat?post=6560"},{"taxonomy":"product_tag","embeddable":true,"href":"https:\/\/palmaequipmentrental.com\/es\/wp-json\/wp\/v2\/product_tag?post=6560"}],"curies":[{"name":"wp","href":"https:\/\/api.w.org\/{rel}","templated":true}]}}