{"id":6568,"date":"2022-02-07T15:51:44","date_gmt":"2022-02-07T15:51:44","guid":{"rendered":"https:\/\/www.palmaequipmentrental.com\/?post_type=product&#038;p=6568"},"modified":"2023-10-11T14:42:29","modified_gmt":"2023-10-11T14:42:29","slug":"pro-b10x-plus-500w-air-ttl","status":"publish","type":"product","link":"https:\/\/palmaequipmentrental.com\/es\/photo-video-equipment-mallorca\/pro-b10x-plus-500w-air-ttl\/","title":{"rendered":"Profoto B10X Plus 500w Air TTL"},"content":{"rendered":"<p><span class=\"short-info-title\" role=\"heading\">Profoto B10X Plus<\/span><\/p>\n<div class=\"text-area\">\n<p><span class=\"TextRun SCXW150370731 BCX0\" lang=\"EN-GB\" xml:lang=\"EN-GB\" data-contrast=\"none\"><span class=\"NormalTextRun SCXW150370731 BCX0\" data-ccp-parastyle=\"Normal (Web)\">Hasta diez veces la potencia de un speedlight, pero con el tama\u00f1o de un objetivo de c\u00e1mara de largo alcance.<\/span><\/span><\/p>\n<\/div>\n<p>Independientemente de si capturas un v\u00eddeo o una fotograf\u00eda, el B10X Plus se adaptar\u00e1 sin problemas. Adem\u00e1s, incluye caracter\u00edsticas \u00fatiles como el aumento de potencia de luz continua de 2500\u00a0lm a 3500\u00a0lm en comparaci\u00f3n con el B10 y el B10 Plus. Esto supone un incremento del 40%. Tanto el B10X como el B10X Plus presentan velocidades de reciclado m\u00e1s r\u00e1pidas que las de sus predecesores.<\/p>\n<p>Los B10X son muy f\u00e1ciles de utilizar desde el primer momento gracias a sus interfaces claras e intuitivas. Solo hay que centrarse en crear im\u00e1genes y no en los ajustes. La Profoto app permite ver y controlar f\u00e1cilmente todos los ajustes en la palma de la mano, as\u00ed como instalar nuevas actualizaciones en cuesti\u00f3n de segundos.<\/p>\n<p>Ambos flashes incluyen AirX, la tecnolog\u00eda Bluetooth de Profoto. Por tanto, tambi\u00e9n puedes aprovechar toda la potencia del B10X y del B10X Plus cuando captures con tu smartphone. Esto te permite capturar, editar y publicar con el mismo dispositivo. De este modo, se reduce considerablemente el tiempo desde el concepto creativo hasta la imagen publicada.<\/p>\n<p>Podr\u00e1s acceder a una amplia variedad de posibilidades de modelado de la luz mediante la gama de modificadores OCF, ligeros y f\u00e1ciles de usar, y otras m\u00e1s de 120 herramientas de modelado de la luz de Profoto.<\/p>\n<h3 class=\"tab__content-subtitle\">Caracter\u00edsticas<\/h3>\n<ul>\n<li><span class=\"TextRun SCXW150370731 BCX0\" lang=\"EN-GB\" xml:lang=\"EN-GB\" data-contrast=\"none\"><span class=\"NormalTextRun SCXW150370731 BCX0\" data-ccp-parastyle=\"Normal (Web)\"><strong>Potencia del flash:<\/strong> 500\u00a0Ws<br \/>\n<strong>Luz continua:<\/strong> 3250\u00a0l\u00famenes<\/span><span class=\"NormalTextRun SCXW150370731 BCX0\" data-ccp-parastyle=\"Normal (Web)\"><br \/>\n<\/span><span class=\"NormalTextRun SCXW150370731 BCX0\" data-ccp-parastyle=\"Normal (Web)\"><strong>Recarga del flash:<\/strong> 0,05-2,2 segundos<\/span><span class=\"NormalTextRun SCXW150370731 BCX0\" data-ccp-parastyle=\"Normal (Web)\"><br \/>\n<\/span><span class=\"NormalTextRun SCXW150370731 BCX0\" data-ccp-parastyle=\"Normal (Web)\"><strong>Capacidad de la bater\u00eda:<\/strong>200\u00a0destellos del flash a plena potencia<\/span><\/span><\/li>\n<\/ul>\n<ul>\n<li>El tama\u00f1o y la forma de un objetivo de c\u00e1mara<\/li>\n<li>Ligero e inal\u00e1mbrico<\/li>\n<li>Elige entre la potencia del flash de 10 speedlights (B10X Plus)<\/li>\n<li>Potente luz continua con brillo y temperatura de color ajustables<\/li>\n<li>Flexibilidad para colocarlo en tr\u00edpodes de c\u00e1mara o soportes del flash<\/li>\n<li>Compatibilidad con m\u00e1s de 120 herramientas de modelado de la luz de Profoto, incluida la gama OCF de Profoto<\/li>\n<li>Compatibilidad con todos los Air Remotes de Profoto, incluida la serie A de Profoto<\/li>\n<li>AirX integrado (tecnolog\u00eda Bluetooth de Profoto)<\/li>\n<li>Conectividad inteligente con la Profoto app<\/li>\n<\/ul>\n<div class=\"text-area\">\n<p>&nbsp;<\/p>\n<p><span class=\"TextRun SCXW150370731 BCX0\" lang=\"EN-GB\" xml:lang=\"EN-GB\" data-contrast=\"none\"><span class=\"NormalTextRun SCXW150370731 BCX0\" data-ccp-parastyle=\"Normal (Web)\"><br \/>\n<\/span><br \/>\n<\/span><\/p>\n<\/div>\n","protected":false},"excerpt":{"rendered":"<p>Profoto B10X Plus Hasta diez veces la potencia de un speedlight, pero con el tama\u00f1o de un objetivo de c\u00e1mara de largo alcance. Independientemente de si capturas un v\u00eddeo o una fotograf\u00eda, el B10X Plus se adaptar\u00e1 sin problemas. Adem\u00e1s, incluye caracter\u00edsticas \u00fatiles como el aumento de potencia de luz continua de 2500\u00a0lm a 3500\u00a0lm en comparaci\u00f3n con el B10 [&hellip;]<\/p>\n","protected":false},"featured_media":6640,"template":"","meta":[],"product_cat":[396],"product_tag":[],"class_list":{"0":"post-6568","1":"product","2":"type-product","3":"status-publish","4":"has-post-thumbnail","6":"product_cat-monobloc","8":"first","9":"instock","10":"shipping-taxable","11":"purchasable","12":"product-type-simple"},"_links":{"self":[{"href":"https:\/\/palmaequipmentrental.com\/es\/wp-json\/wp\/v2\/product\/6568","targetHints":{"allow":["GET"]}}],"collection":[{"href":"https:\/\/palmaequipmentrental.com\/es\/wp-json\/wp\/v2\/product"}],"about":[{"href":"https:\/\/palmaequipmentrental.com\/es\/wp-json\/wp\/v2\/types\/product"}],"wp:featuredmedia":[{"embeddable":true,"href":"https:\/\/palmaequipmentrental.com\/es\/wp-json\/wp\/v2\/media\/6640"}],"wp:attachment":[{"href":"https:\/\/palmaequipmentrental.com\/es\/wp-json\/wp\/v2\/media?parent=6568"}],"wp:term":[{"taxonomy":"product_cat","embeddable":true,"href":"https:\/\/palmaequipmentrental.com\/es\/wp-json\/wp\/v2\/product_cat?post=6568"},{"taxonomy":"product_tag","embeddable":true,"href":"https:\/\/palmaequipmentrental.com\/es\/wp-json\/wp\/v2\/product_tag?post=6568"}],"curies":[{"name":"wp","href":"https:\/\/api.w.org\/{rel}","templated":true}]}}