{"id":6575,"date":"2022-02-07T16:06:21","date_gmt":"2022-02-07T16:06:21","guid":{"rendered":"https:\/\/www.palmaequipmentrental.com\/?post_type=product&#038;p=6575"},"modified":"2023-10-09T13:58:29","modified_gmt":"2023-10-09T13:58:29","slug":"pro-a1x-air-ttl-nikon","status":"publish","type":"product","link":"https:\/\/palmaequipmentrental.com\/es\/photo-video-equipment-mallorca\/pro-a1x-air-ttl-nikon\/","title":{"rendered":"Profoto A1X Nikon"},"content":{"rendered":"<p>El A1X es un flash Profoto al 100%, solo que m\u00e1s peque\u00f1o. Su exclusiva cabeza redonda proporciona una luz natural de gran belleza con un degradado suave. Y gracias a su facilidad de uso con reciclado superr\u00e1pido y a su bater\u00eda de larga duraci\u00f3n, nunca perder\u00e1s un disparo. Cuando est\u00e9s en movimiento, disparando tanto on como off-camera, lograr\u00e1s un excelente modelado de luz en cualquier lugar.<\/p>\n<p>El flash A1X seguir\u00e1 el ritmo de trabajo, ya que se recicla cuatro veces m\u00e1s r\u00e1pido que la mayor\u00eda de soluciones on-camera, esto es cada 1,0 segundos a plena potencia. En pocas palabras: nunca te perder\u00e1s una imagen.<\/p>\n<p>El flash Profoto A1X est\u00e1 dise\u00f1ado con cualidades que te permitir\u00e1n modelar la luz. Tiene una cabeza redonda \u00fanica con un degradado suave que te permitir\u00e1 crear una hermosa luz natural. Tambi\u00e9n incluye una montura magn\u00e9tica inteligente y Light Shaping Tools espec\u00edficas que podr\u00e1s acoplar y quitar r\u00e1pida y f\u00e1cilmente. Pueden combinarse para conseguir a\u00fan m\u00e1s posibilidades creativas. El A1X te ofrece una luz de modelado LED integrada que te permitir\u00e1 posicionar la luz con facilidad y comprender c\u00f3mo funcionan las luces y las sombras.<\/p>\n<p>Y es muy f\u00e1cil de usar. La interfaz de usuario es amplia, n\u00edtida y clara. Igual que sucede con todos los productos Profoto, es totalmente intuitiva y no es necesario leer un manual de instrucciones interminable para saber c\u00f3mo funciona. El AirTTL Remote tambi\u00e9n est\u00e1 integrado en el A1X. Gracias al AirTTL y al HSS obtendr\u00e1s resultados profesionales de forma r\u00e1pida y sencilla y, podr\u00e1s usarlo como disparador para conectar otros flashes Profoto y controlarlos c\u00f3modamente desde el A1X.<\/p>\n<p>El flash Profoto A1X no solo se puede acoplar a la c\u00e1mara, sino que tambi\u00e9n puede usarse como elemento independiente. El A1X cuenta con su propia bater\u00eda intercambiable de iones de litio de alta capacidad, que tiene una duraci\u00f3n hasta cuatro veces superior a las pilas AA, por lo que no disminuye su rendimiento y puede recargarse r\u00e1pidamente. As\u00ed podr\u00e1s disparar sin problemas durante m\u00e1s tiempo. Y el A1X seguir\u00e1 tu ritmo de trabajo, ya que se recarga cuatro veces m\u00e1s r\u00e1pido que otras soluciones on-camera: en 1 segundo a plena potencia. En pocas palabras: nunca te perder\u00e1s una imagen.<\/p>\n<h3 class=\"tab__content-subtitle\">Caracter\u00edsticas<\/h3>\n<ul>\n<li>Cabeza redonda con un degradado suave y natural.<\/li>\n<li>AirTTL y HSS para obtener r\u00e1pidamente una imagen profesional.<\/li>\n<li>Montura magn\u00e9tica (patente en tr\u00e1mite) para las Light Shaping Tools del A1X.<\/li>\n<li>Light Shaping Tools espec\u00edficas para el A1X disponibles.<\/li>\n<li>Luz de modelado LED integrada.<\/li>\n<li>Air Remote integrado.<\/li>\n<li>Bater\u00eda de Ion-Litio recargable e intercambiable.<\/li>\n<li>450 destellos del flash a plena potencia por carga.<\/li>\n<li>Tiempo de reciclado de 1 segundo.<\/li>\n<li>Interruptor TTL\/MAN.<\/li>\n<li>Zoom integrado con control manual.<\/li>\n<li>Ayuda al enfoque autom\u00e1tico (AF).<\/li>\n<\/ul>\n","protected":false},"excerpt":{"rendered":"<p>El A1X es un flash Profoto al 100%, solo que m\u00e1s peque\u00f1o. Su exclusiva cabeza redonda proporciona una luz natural de gran belleza con un degradado suave. Y gracias a su facilidad de uso con reciclado superr\u00e1pido y a su bater\u00eda de larga duraci\u00f3n, nunca perder\u00e1s un disparo. Cuando est\u00e9s en movimiento, disparando tanto on como off-camera, lograr\u00e1s un excelente [&hellip;]<\/p>\n","protected":false},"featured_media":5844,"template":"","meta":[],"product_cat":[386],"product_tag":[],"class_list":{"0":"post-6575","1":"product","2":"type-product","3":"status-publish","4":"has-post-thumbnail","6":"product_cat-on-camara-flash","8":"first","9":"instock","10":"shipping-taxable","11":"purchasable","12":"product-type-simple"},"_links":{"self":[{"href":"https:\/\/palmaequipmentrental.com\/es\/wp-json\/wp\/v2\/product\/6575","targetHints":{"allow":["GET"]}}],"collection":[{"href":"https:\/\/palmaequipmentrental.com\/es\/wp-json\/wp\/v2\/product"}],"about":[{"href":"https:\/\/palmaequipmentrental.com\/es\/wp-json\/wp\/v2\/types\/product"}],"wp:featuredmedia":[{"embeddable":true,"href":"https:\/\/palmaequipmentrental.com\/es\/wp-json\/wp\/v2\/media\/5844"}],"wp:attachment":[{"href":"https:\/\/palmaequipmentrental.com\/es\/wp-json\/wp\/v2\/media?parent=6575"}],"wp:term":[{"taxonomy":"product_cat","embeddable":true,"href":"https:\/\/palmaequipmentrental.com\/es\/wp-json\/wp\/v2\/product_cat?post=6575"},{"taxonomy":"product_tag","embeddable":true,"href":"https:\/\/palmaequipmentrental.com\/es\/wp-json\/wp\/v2\/product_tag?post=6575"}],"curies":[{"name":"wp","href":"https:\/\/api.w.org\/{rel}","templated":true}]}}