{"id":6650,"date":"2022-03-10T18:19:04","date_gmt":"2022-03-10T18:19:04","guid":{"rendered":"https:\/\/www.palmaequipmentrental.com\/?post_type=product&#038;p=6650"},"modified":"2023-11-09T10:56:22","modified_gmt":"2023-11-09T10:56:22","slug":"ecoflow-river-pro-600","status":"publish","type":"product","link":"https:\/\/palmaequipmentrental.com\/es\/photo-video-equipment-mallorca\/ecoflow-river-pro-600\/","title":{"rendered":"EcoFlow River Pro 600"},"content":{"rendered":"<p><strong>Estaci\u00f3n de Energ\u00eda Port\u00e1til EcoFlow River Pro 600<\/strong><\/p>\n<p>Potencie sus rodajes en localizaci\u00f3n con la compacta y poderosa EcoFlow River Pro 600. Seleccionada por Palma Equipment Rental para fot\u00f3grafos y cineastas en Palma de Mallorca y en todas las Islas Baleares, esta estaci\u00f3n de energ\u00eda port\u00e1til es imprescindible para cualquier set de ritmo intenso. Su rendimiento fiable y su interfaz f\u00e1cil de usar garantizan que las demandas energ\u00e9ticas de su producci\u00f3n se satisfagan con facilidad, incluso en los lugares m\u00e1s remotos de Espa\u00f1a.<\/p>\n<p><strong>Especificaciones T\u00e9cnicas:<\/strong><\/p>\n<ul>\n<li>Capacidad: 720Wh<\/li>\n<li>Salida: 600W (Pico 1200W)<\/li>\n<li>Tomas de CA: 3 conectores EU<\/li>\n<li>Entrada de Carga CA: Carga R\u00e1pida X-Boost<\/li>\n<li>Salida USB-A: 2 puertos<\/li>\n<li>Salida USB-C: 1 puerto, m\u00e1ximo 100W<\/li>\n<li>Peso: 7.6kg<\/li>\n<\/ul>\n<p>Con Palma Equipment Rental, experimente una creatividad sin interrupciones con herramientas que acompa\u00f1an su visi\u00f3n. Con soporte t\u00e9cnico disponible 24\/7 y un inventario que incluye nombres como Profoto, Arri y Manfrotto, el EcoFlow River Pro 600 est\u00e1 listo para iluminar y dinamizar sus rodajes con poder duradero y versatilidad. Conf\u00ede en nosotros para energizar su historia, toma tras toma.<\/p>\n","protected":false},"excerpt":{"rendered":"<p>Estaci\u00f3n de Energ\u00eda Port\u00e1til EcoFlow River Pro 600 Potencie sus rodajes en localizaci\u00f3n con la compacta y poderosa EcoFlow River Pro 600. Seleccionada por Palma Equipment Rental para fot\u00f3grafos y cineastas en Palma de Mallorca y en todas las Islas Baleares, esta estaci\u00f3n de energ\u00eda port\u00e1til es imprescindible para cualquier set de ritmo intenso. Su rendimiento fiable y su interfaz [&hellip;]<\/p>\n","protected":false},"featured_media":6723,"template":"","meta":[],"product_cat":[212,743,744],"product_tag":[],"class_list":{"0":"post-6650","1":"product","2":"type-product","3":"status-publish","4":"has-post-thumbnail","6":"product_cat-baterias","7":"product_cat-power-station-es","8":"product_cat-power-station-power-es","10":"first","11":"instock","12":"shipping-taxable","13":"purchasable","14":"product-type-simple"},"_links":{"self":[{"href":"https:\/\/palmaequipmentrental.com\/es\/wp-json\/wp\/v2\/product\/6650","targetHints":{"allow":["GET"]}}],"collection":[{"href":"https:\/\/palmaequipmentrental.com\/es\/wp-json\/wp\/v2\/product"}],"about":[{"href":"https:\/\/palmaequipmentrental.com\/es\/wp-json\/wp\/v2\/types\/product"}],"wp:featuredmedia":[{"embeddable":true,"href":"https:\/\/palmaequipmentrental.com\/es\/wp-json\/wp\/v2\/media\/6723"}],"wp:attachment":[{"href":"https:\/\/palmaequipmentrental.com\/es\/wp-json\/wp\/v2\/media?parent=6650"}],"wp:term":[{"taxonomy":"product_cat","embeddable":true,"href":"https:\/\/palmaequipmentrental.com\/es\/wp-json\/wp\/v2\/product_cat?post=6650"},{"taxonomy":"product_tag","embeddable":true,"href":"https:\/\/palmaequipmentrental.com\/es\/wp-json\/wp\/v2\/product_tag?post=6650"}],"curies":[{"name":"wp","href":"https:\/\/api.w.org\/{rel}","templated":true}]}}