{"id":6755,"date":"2022-03-19T13:23:02","date_gmt":"2022-03-19T13:23:02","guid":{"rendered":"https:\/\/www.palmaequipmentrental.com\/?post_type=product&#038;p=6755"},"modified":"2023-10-11T14:40:38","modified_gmt":"2023-10-11T14:40:38","slug":"pro-d2-1000w-air-ttl","status":"publish","type":"product","link":"https:\/\/palmaequipmentrental.com\/es\/photo-video-equipment-mallorca\/pro-d2-1000w-air-ttl\/","title":{"rendered":"Profoto D2 1000w Air TTL"},"content":{"rendered":"<div class=\"row\">\n<div class=\"col-12 col-md-6\">\n<p class=\"tab__content-title section--max-width\">El flash compacto m\u00e1s r\u00e1pido del mundo con TTL.<\/p>\n<p>El Profoto D2 compacto es un fant\u00e1stico flash para todo tipo de fotograf\u00eda. Independientemente de que captures retratos, deportes, comida o moda, no hay otro m\u00e1s r\u00e1pido ni trabajo que no pueda hacer. Congela la acci\u00f3n con total nitidez y dispara en r\u00e1fagas superr\u00e1pidas. Usa TTL para apuntar y disparar f\u00e1cilmente, o usa HSS para modelar la luz a plena luz del sol.<\/p>\n<p>El D2, que es potente y f\u00e1cil de usar, tambi\u00e9n ofrece la fiabilidad y la consistencia en la temperatura de color necesarias para capturar un gran volumen de fotograf\u00edas. Gracias a la amplia gama de m\u00e1s de 120 Light Shaping Tools, el D2 ofrece a los fot\u00f3grafos que exigen solo lo mejor calidad de modelado de luz en un paquete vers\u00e1til y superr\u00e1pido.<\/p>\n<h3 class=\"tab__content-subtitle\">Caracter\u00edsticas<\/h3>\n<ul>\n<li>Compacto y ligero.<\/li>\n<li>Congela el momento con duraciones de flash de hasta 1\/63\u00a0000\u00a0s.<\/li>\n<li>Captura la acci\u00f3n con r\u00e1fagas superr\u00e1pidas de hasta 20 flashes por segundo.<\/li>\n<li>Dispara con AirTTL o con el modo manual y con\u00e9ctate de forma inal\u00e1mbrica con otros flashes Profoto Air.<\/li>\n<li>Disfruta de precisi\u00f3n y control por encima de un rango de potencia de 10 f-stop disponible en versiones de 500\u00a0W y 1000\u00a0W.<\/li>\n<li>Controla la luz ambiente con HSS y obt\u00e9n im\u00e1genes n\u00edtidas sin desenfoque por movimiento a velocidades de obturaci\u00f3n de hasta 1\/8000 s.<\/li>\n<li>Gracias a su reflector integrado y a la luz de modelado hal\u00f3gena de 300\u00a0W, ofrece un control y una calidad de la luz superiores.<\/li>\n<li>Puede controlarse de forma inal\u00e1mbrica desde un rango de hasta 300 m con cualquier Air Remote opcional.<\/li>\n<li>Interfaz de usuario sencilla e intuitiva con una pantalla de gran tama\u00f1o y alta resoluci\u00f3n.<\/li>\n<li>Tubo de flash de cuarzo opcional disponible para la fotograf\u00eda de productos de gran volumen.<\/li>\n<li>Compatible con m\u00e1s de 120 Light Shaping Tools de Profoto.<\/li>\n<\/ul>\n<\/div>\n<\/div>\n<p><span style=\"line-height: normal;\">\u00a0<\/span><\/p>\n<div class=\"field-items\" style=\"border-image: initial; font-family: 'Helvetica Neue', Arial, Helvetica, sans-serif; vertical-align: baseline; color: #4a4849; line-height: 18px; padding: 0px; margin: 0px; border: 0px initial initial;\"><\/div>\n","protected":false},"excerpt":{"rendered":"<p>El flash compacto m\u00e1s r\u00e1pido del mundo con TTL. El Profoto D2 compacto es un fant\u00e1stico flash para todo tipo de fotograf\u00eda. Independientemente de que captures retratos, deportes, comida o moda, no hay otro m\u00e1s r\u00e1pido ni trabajo que no pueda hacer. Congela la acci\u00f3n con total nitidez y dispara en r\u00e1fagas superr\u00e1pidas. Usa TTL para apuntar y disparar f\u00e1cilmente, [&hellip;]<\/p>\n","protected":false},"featured_media":6949,"template":"","meta":[],"product_cat":[396],"product_tag":[],"class_list":{"0":"post-6755","1":"product","2":"type-product","3":"status-publish","4":"has-post-thumbnail","6":"product_cat-monobloc","8":"first","9":"instock","10":"shipping-taxable","11":"purchasable","12":"product-type-simple"},"_links":{"self":[{"href":"https:\/\/palmaequipmentrental.com\/es\/wp-json\/wp\/v2\/product\/6755","targetHints":{"allow":["GET"]}}],"collection":[{"href":"https:\/\/palmaequipmentrental.com\/es\/wp-json\/wp\/v2\/product"}],"about":[{"href":"https:\/\/palmaequipmentrental.com\/es\/wp-json\/wp\/v2\/types\/product"}],"wp:featuredmedia":[{"embeddable":true,"href":"https:\/\/palmaequipmentrental.com\/es\/wp-json\/wp\/v2\/media\/6949"}],"wp:attachment":[{"href":"https:\/\/palmaequipmentrental.com\/es\/wp-json\/wp\/v2\/media?parent=6755"}],"wp:term":[{"taxonomy":"product_cat","embeddable":true,"href":"https:\/\/palmaequipmentrental.com\/es\/wp-json\/wp\/v2\/product_cat?post=6755"},{"taxonomy":"product_tag","embeddable":true,"href":"https:\/\/palmaequipmentrental.com\/es\/wp-json\/wp\/v2\/product_tag?post=6755"}],"curies":[{"name":"wp","href":"https:\/\/api.w.org\/{rel}","templated":true}]}}