{"id":6762,"date":"2022-03-19T13:41:58","date_gmt":"2022-03-19T13:41:58","guid":{"rendered":"https:\/\/www.palmaequipmentrental.com\/?post_type=product&#038;p=6762"},"modified":"2022-08-05T12:24:07","modified_gmt":"2022-08-05T12:24:07","slug":"d-tap-adapter-to-usb-c","status":"publish","type":"product","link":"https:\/\/palmaequipmentrental.com\/es\/photo-video-equipment-mallorca\/d-tap-adapter-to-usb-c\/","title":{"rendered":"Adaptador D-Tap a USB-C"},"content":{"rendered":"<p><strong>Adaptador V-mount D-Tap a USB-C<\/strong><\/p>\n<p>La soluci\u00f3n perfecta para el rodaje en exteriores; este cable le permite utilizar bater\u00edas con montura V-Lock\/V-mount con conexi\u00f3n D-Tap para cargar sus dispositivos con conexi\u00f3n USB-C como ordenadores port\u00e1tiles, tabletas, tel\u00e9fonos m\u00f3viles y bater\u00edas de c\u00e1maras en el plat\u00f3.<\/p>\n","protected":false},"excerpt":{"rendered":"<p>Adaptador V-mount D-Tap a USB-C La soluci\u00f3n perfecta para el rodaje en exteriores; este cable le permite utilizar bater\u00edas con montura V-Lock\/V-mount con conexi\u00f3n D-Tap para cargar sus dispositivos con conexi\u00f3n USB-C como ordenadores port\u00e1tiles, tabletas, tel\u00e9fonos m\u00f3viles y bater\u00edas de c\u00e1maras en el plat\u00f3.<\/p>\n","protected":false},"featured_media":6940,"template":"","meta":[],"product_cat":[212],"product_tag":[],"class_list":{"0":"post-6762","1":"product","2":"type-product","3":"status-publish","4":"has-post-thumbnail","6":"product_cat-baterias","8":"first","9":"instock","10":"shipping-taxable","11":"purchasable","12":"product-type-simple"},"_links":{"self":[{"href":"https:\/\/palmaequipmentrental.com\/es\/wp-json\/wp\/v2\/product\/6762","targetHints":{"allow":["GET"]}}],"collection":[{"href":"https:\/\/palmaequipmentrental.com\/es\/wp-json\/wp\/v2\/product"}],"about":[{"href":"https:\/\/palmaequipmentrental.com\/es\/wp-json\/wp\/v2\/types\/product"}],"wp:featuredmedia":[{"embeddable":true,"href":"https:\/\/palmaequipmentrental.com\/es\/wp-json\/wp\/v2\/media\/6940"}],"wp:attachment":[{"href":"https:\/\/palmaequipmentrental.com\/es\/wp-json\/wp\/v2\/media?parent=6762"}],"wp:term":[{"taxonomy":"product_cat","embeddable":true,"href":"https:\/\/palmaequipmentrental.com\/es\/wp-json\/wp\/v2\/product_cat?post=6762"},{"taxonomy":"product_tag","embeddable":true,"href":"https:\/\/palmaequipmentrental.com\/es\/wp-json\/wp\/v2\/product_tag?post=6762"}],"curies":[{"name":"wp","href":"https:\/\/api.w.org\/{rel}","templated":true}]}}