{"id":6773,"date":"2022-03-20T09:55:25","date_gmt":"2022-03-20T09:55:25","guid":{"rendered":"https:\/\/www.palmaequipmentrental.com\/?post_type=product&#038;p=6773"},"modified":"2023-10-12T12:55:41","modified_gmt":"2023-10-12T12:55:41","slug":"tetherpro-usb-c-core-controller-extension","status":"publish","type":"product","link":"https:\/\/palmaequipmentrental.com\/es\/photo-video-equipment-mallorca\/tetherpro-usb-c-core-controller-extension\/","title":{"rendered":"Cable Extensi\u00f3n TetherPro USB-C"},"content":{"rendered":"<p><strong>Cable de Extensi\u00f3n USB-C TetherPro TetherBoost 4.6m<\/strong><\/p>\n<p>El cable de extensi\u00f3n TetherBoost Pro USB-C Core Controller extiende y mejora la se\u00f1al Type-C 5m adicionales para ayudar a transmitir sus im\u00e1genes desde su c\u00e1mara a su computadora manteniendo altas tasas de transferencia y estabilidad de la conexi\u00f3n.. Longitud m\u00e1xima de 9,4m de distancia.<\/p>\n","protected":false},"excerpt":{"rendered":"<p>Cable de Extensi\u00f3n USB-C TetherPro TetherBoost 4.6m El cable de extensi\u00f3n TetherBoost Pro USB-C Core Controller extiende y mejora la se\u00f1al Type-C 5m adicionales para ayudar a transmitir sus im\u00e1genes desde su c\u00e1mara a su computadora manteniendo altas tasas de transferencia y estabilidad de la conexi\u00f3n.. Longitud m\u00e1xima de 9,4m de distancia.<\/p>\n","protected":false},"featured_media":6925,"template":"","meta":[],"product_cat":[408],"product_tag":[],"class_list":{"0":"post-6773","1":"product","2":"type-product","3":"status-publish","4":"has-post-thumbnail","6":"product_cat-cables-tether","8":"first","9":"instock","10":"shipping-taxable","11":"purchasable","12":"product-type-simple"},"_links":{"self":[{"href":"https:\/\/palmaequipmentrental.com\/es\/wp-json\/wp\/v2\/product\/6773","targetHints":{"allow":["GET"]}}],"collection":[{"href":"https:\/\/palmaequipmentrental.com\/es\/wp-json\/wp\/v2\/product"}],"about":[{"href":"https:\/\/palmaequipmentrental.com\/es\/wp-json\/wp\/v2\/types\/product"}],"wp:featuredmedia":[{"embeddable":true,"href":"https:\/\/palmaequipmentrental.com\/es\/wp-json\/wp\/v2\/media\/6925"}],"wp:attachment":[{"href":"https:\/\/palmaequipmentrental.com\/es\/wp-json\/wp\/v2\/media?parent=6773"}],"wp:term":[{"taxonomy":"product_cat","embeddable":true,"href":"https:\/\/palmaequipmentrental.com\/es\/wp-json\/wp\/v2\/product_cat?post=6773"},{"taxonomy":"product_tag","embeddable":true,"href":"https:\/\/palmaequipmentrental.com\/es\/wp-json\/wp\/v2\/product_tag?post=6773"}],"curies":[{"name":"wp","href":"https:\/\/api.w.org\/{rel}","templated":true}]}}