{"id":6784,"date":"2022-03-20T11:55:48","date_gmt":"2022-03-20T11:55:48","guid":{"rendered":"https:\/\/www.palmaequipmentrental.com\/?post_type=product&#038;p=6784"},"modified":"2023-02-17T09:03:22","modified_gmt":"2023-02-17T09:03:22","slug":"aputure-ls-300x","status":"publish","type":"product","link":"https:\/\/palmaequipmentrental.com\/es\/photo-video-equipment-mallorca\/aputure-ls-300x\/","title":{"rendered":"Aputure LS 300X"},"content":{"rendered":"<p>Nuestro<strong> Aputure LS 300X LED<\/strong> incluye:<\/p>\n<ul>\n<li>Foco LED LS 300X<\/li>\n<li>Caja de control LS 300X<\/li>\n<li>Reflector est\u00e1ndar Aputure<\/li>\n<li>Control remoto Aputure<\/li>\n<li>Pinza de agarre<\/li>\n<\/ul>\n<p>El<strong> foco LED Light Storm LS300X de Aputure<\/strong> es la primera luz de Aputure que va m\u00e1s all\u00e1 de la iluminaci\u00f3n bicolor tradicional al utilizar la gama ampliada de CCT de 2700-6500K, proporcionando tonos m\u00e1s c\u00e1lidos que el tungsteno y m\u00e1s fr\u00edos que la luz del d\u00eda.<\/p>\n<p><strong>Especificaciones:<\/strong><\/p>\n<ul>\n<li>Potencia de <strong>350W<\/strong> Led Comparable a un HMI de 575W<\/li>\n<li>Se puede alimentar con<strong> bater\u00edas V-lock<\/strong><\/li>\n<li><strong>Temperatura de color ajustable<\/strong>: 2700-6500K<\/li>\n<li>Regulaci\u00f3n de 0-100%, sin parpadeo<\/li>\n<li>CRI: 96, TLCI: 96, CQS: 95<\/li>\n<li>Montaje del reflector tipo Bowens-S<\/li>\n<\/ul>\n<p>&nbsp;<\/p>\n","protected":false},"excerpt":{"rendered":"<p>Nuestro Aputure LS 300X LED incluye: Foco LED LS 300X Caja de control LS 300X Reflector est\u00e1ndar Aputure Control remoto Aputure Pinza de agarre El foco LED Light Storm LS300X de Aputure es la primera luz de Aputure que va m\u00e1s all\u00e1 de la iluminaci\u00f3n bicolor tradicional al utilizar la gama ampliada de CCT de 2700-6500K, proporcionando tonos m\u00e1s c\u00e1lidos [&hellip;]<\/p>\n","protected":false},"featured_media":11109,"template":"","meta":[],"product_cat":[778,780],"product_tag":[],"class_list":{"0":"post-6784","1":"product","2":"type-product","3":"status-publish","4":"has-post-thumbnail","6":"product_cat-aputure-iluminacion-v","7":"product_cat-aputure-iluminacion","9":"first","10":"instock","11":"shipping-taxable","12":"purchasable","13":"product-type-simple"},"_links":{"self":[{"href":"https:\/\/palmaequipmentrental.com\/es\/wp-json\/wp\/v2\/product\/6784","targetHints":{"allow":["GET"]}}],"collection":[{"href":"https:\/\/palmaequipmentrental.com\/es\/wp-json\/wp\/v2\/product"}],"about":[{"href":"https:\/\/palmaequipmentrental.com\/es\/wp-json\/wp\/v2\/types\/product"}],"wp:featuredmedia":[{"embeddable":true,"href":"https:\/\/palmaequipmentrental.com\/es\/wp-json\/wp\/v2\/media\/11109"}],"wp:attachment":[{"href":"https:\/\/palmaequipmentrental.com\/es\/wp-json\/wp\/v2\/media?parent=6784"}],"wp:term":[{"taxonomy":"product_cat","embeddable":true,"href":"https:\/\/palmaequipmentrental.com\/es\/wp-json\/wp\/v2\/product_cat?post=6784"},{"taxonomy":"product_tag","embeddable":true,"href":"https:\/\/palmaequipmentrental.com\/es\/wp-json\/wp\/v2\/product_tag?post=6784"}],"curies":[{"name":"wp","href":"https:\/\/api.w.org\/{rel}","templated":true}]}}