{"id":6799,"date":"2022-03-20T13:27:18","date_gmt":"2022-03-20T13:27:18","guid":{"rendered":"https:\/\/www.palmaequipmentrental.com\/?post_type=product&#038;p=6799"},"modified":"2023-04-21T14:26:32","modified_gmt":"2023-04-21T14:26:32","slug":"aputure-lantern-90","status":"publish","type":"product","link":"https:\/\/palmaequipmentrental.com\/es\/photo-video-equipment-mallorca\/aputure-lantern-90\/","title":{"rendered":"Aputure Lantern 90"},"content":{"rendered":"<p><strong>Aputure Lantern 90<\/strong> modificador de luz suave omnidireccional.<\/p>\n<p>Proyecta una luz suave de casi 360\u00b0 que se extiende uniformemente sobre una gran \u00e1rea para aumentar el nivel de luz ambiental y abrir las sombras.<br \/>\nEl uso del fald\u00f3n incluido en los cuatro lados limita la proyecci\u00f3n a un haz de luz suave, mientras que si se cubre un lado se dirige la luz o se crea una relaci\u00f3n luz-oscuridad para a\u00f1adir dimensi\u00f3n.<\/p>\n<p><strong>Caracter\u00edsticas:<\/strong><\/p>\n<ul>\n<li>Blanco transl\u00facido de 1 paso de parada.<\/li>\n<li>Di\u00e1metro de 90cm (3&#8242;).<\/li>\n<li>Speedring para montura Bowens incorporado.<\/li>\n<li>Fald\u00f3n para el control de luz incluido.<\/li>\n<li>\u00c1ngulo de haz de luz de casi 360\u00b0.<\/li>\n<\/ul>\n","protected":false},"excerpt":{"rendered":"<p>Aputure Lantern 90 modificador de luz suave omnidireccional. Proyecta una luz suave de casi 360\u00b0 que se extiende uniformemente sobre una gran \u00e1rea para aumentar el nivel de luz ambiental y abrir las sombras. El uso del fald\u00f3n incluido en los cuatro lados limita la proyecci\u00f3n a un haz de luz suave, mientras que si se cubre un lado se [&hellip;]<\/p>\n","protected":false},"featured_media":6817,"template":"","meta":[],"product_cat":[774,776],"product_tag":[],"class_list":{"0":"post-6799","1":"product","2":"type-product","3":"status-publish","4":"has-post-thumbnail","6":"product_cat-aputure-modificadores-v","7":"product_cat-aputure-modificadores","9":"first","10":"instock","11":"shipping-taxable","12":"purchasable","13":"product-type-simple"},"_links":{"self":[{"href":"https:\/\/palmaequipmentrental.com\/es\/wp-json\/wp\/v2\/product\/6799","targetHints":{"allow":["GET"]}}],"collection":[{"href":"https:\/\/palmaequipmentrental.com\/es\/wp-json\/wp\/v2\/product"}],"about":[{"href":"https:\/\/palmaequipmentrental.com\/es\/wp-json\/wp\/v2\/types\/product"}],"wp:featuredmedia":[{"embeddable":true,"href":"https:\/\/palmaequipmentrental.com\/es\/wp-json\/wp\/v2\/media\/6817"}],"wp:attachment":[{"href":"https:\/\/palmaequipmentrental.com\/es\/wp-json\/wp\/v2\/media?parent=6799"}],"wp:term":[{"taxonomy":"product_cat","embeddable":true,"href":"https:\/\/palmaequipmentrental.com\/es\/wp-json\/wp\/v2\/product_cat?post=6799"},{"taxonomy":"product_tag","embeddable":true,"href":"https:\/\/palmaequipmentrental.com\/es\/wp-json\/wp\/v2\/product_tag?post=6799"}],"curies":[{"name":"wp","href":"https:\/\/api.w.org\/{rel}","templated":true}]}}